{"id":57012,"date":"2021-01-30T16:57:33","date_gmt":"2021-01-30T16:57:33","guid":{"rendered":"https:\/\/taniabonament.pl\/telefony\/produkt\/etui-na-smartfon-gear4-piccadilly-do-apple-iphone-xr-rozowe-zloto-32995\/"},"modified":"2021-01-30T16:57:39","modified_gmt":"2021-01-30T16:57:39","slug":"etui-na-smartfon-gear4-piccadilly-do-apple-iphone-xr-rozowe-zloto-32995","status":"publish","type":"product","link":"https:\/\/taniabonament.pl\/telefony\/produkt\/etui-na-smartfon-gear4-piccadilly-do-apple-iphone-xr-rozowe-zloto-32995\/","title":{"rendered":"Etui na smartfon GEAR4 Piccadilly do Apple iPhone XR R\u00f3\u017cowe z\u0142oto 32995"},"content":{"rendered":"<p><strong>Jakie etui do iphone&#8217;a kupi\u0107?<\/strong><\/p>\n<p>To dopasowane etui-case do iPhone&#8217;a  kupisz w promocyjnej cenie 0.03 PLN w sklepie <a href=\"https:\/\/converti.se\/click\/34590059-c70e8160-5f3ed3bc\/?sid=etui-iphone&#038;tag6=product&#038;tag8=f9d20c0deb497e415b2918233a6908b1&#038;tag9=Etui+na+smartfon+GEAR4+Piccadilly+do+Apple+iPhone+XR+R%C3%B3%C5%BCowe+z%C5%82oto+32995\" rel=\"noopener\">Media Markt<\/a><\/p>\n","protected":false},"excerpt":{"rendered":"<h4>Szukasz dobrego <strong>etui do iPhone&#8217;a<\/strong>? <\/h4>\n<p style='padding: 17px 0px;'><span style='color: #fff; background-color: yellowgreen; padding: 2px 7px;border-left: 13px solid #000000;'>promocja &#8211; <\/span><\/p>\n<p style='padding-top: 10px;'>Etui na smartfon GEAR4, cechy i zalety: <\/p>\n<ul style='padding-left: 45px; padding-bottom: 10px;'>\n<li style='padding-top: 10px;'> Etui Gear4 Piccadilly chroni\u0105ce ty\u0142 i boki smartfona Apple iPhone XR<\/li>\n<li style='padding-top: 10px;'> Wykonane z poliw\u0119glanu i D30<\/li>\n<li style='padding-top: 10px;'><strong> Wykonane z poliw\u0119glanu i D30<\/strong><\/li>\n<\/ul>\n<p style='padding: 10px; font-weight: bold; background-color: aliceblue;'>Dost\u0119pno\u015b\u0107:<\/p>\n<p><img src='https:\/\/taniabonament.pl\/telefony\/wp-content\/uploads\/sklepylogo\/mediamarkt-logo.png' style='padding-top: 15px; padding-left: 48px;' alt='Media Markt sklep' \/><\/p>\n","protected":false},"featured_media":57013,"comment_status":"closed","ping_status":"open","template":"","meta":[],"product_brand":[],"product_cat":[815],"product_tag":[],"class_list":{"0":"post-57012","1":"product","2":"type-product","3":"status-publish","6":"product_cat-etui-iphone","7":"pa_cena-0-03-pln","8":"pa_producent-gear4","9":"pa_sklep-media-markt","10":"pa_typ-telefony-i-smartfony-akcesoria-etui","12":"first","13":"instock","14":"product-type-external"},"_links":{"self":[{"href":"https:\/\/taniabonament.pl\/telefony\/wp-json\/wp\/v2\/product\/57012","targetHints":{"allow":["GET"]}}],"collection":[{"href":"https:\/\/taniabonament.pl\/telefony\/wp-json\/wp\/v2\/product"}],"about":[{"href":"https:\/\/taniabonament.pl\/telefony\/wp-json\/wp\/v2\/types\/product"}],"replies":[{"embeddable":true,"href":"https:\/\/taniabonament.pl\/telefony\/wp-json\/wp\/v2\/comments?post=57012"}],"wp:featuredmedia":[{"embeddable":true,"href":"https:\/\/taniabonament.pl\/telefony\/wp-json\/wp\/v2\/media\/57013"}],"wp:attachment":[{"href":"https:\/\/taniabonament.pl\/telefony\/wp-json\/wp\/v2\/media?parent=57012"}],"wp:term":[{"taxonomy":"product_brand","embeddable":true,"href":"https:\/\/taniabonament.pl\/telefony\/wp-json\/wp\/v2\/product_brand?post=57012"},{"taxonomy":"product_cat","embeddable":true,"href":"https:\/\/taniabonament.pl\/telefony\/wp-json\/wp\/v2\/product_cat?post=57012"},{"taxonomy":"product_tag","embeddable":true,"href":"https:\/\/taniabonament.pl\/telefony\/wp-json\/wp\/v2\/product_tag?post=57012"}],"curies":[{"name":"wp","href":"https:\/\/api.w.org\/{rel}","templated":true}]}}