{"id":56976,"date":"2021-01-30T16:57:24","date_gmt":"2021-01-30T16:57:24","guid":{"rendered":"https:\/\/taniabonament.pl\/telefony\/produkt\/etui-na-smartfon-black-rock-air-robust-do-apple-iphone-11-czarny-186970\/"},"modified":"2021-01-30T16:57:31","modified_gmt":"2021-01-30T16:57:31","slug":"etui-na-smartfon-black-rock-air-robust-do-apple-iphone-11-czarny-186970","status":"publish","type":"product","link":"https:\/\/taniabonament.pl\/telefony\/produkt\/etui-na-smartfon-black-rock-air-robust-do-apple-iphone-11-czarny-186970\/","title":{"rendered":"Etui na smartfon BLACK ROCK Air Robust do Apple iPhone 11 Czarny 186970"},"content":{"rendered":"<p><strong>Jakie etui do iphone&#8217;a kupi\u0107?<\/strong><\/p>\n<p>To dopasowane etui-case do iPhone&#8217;a  kupisz w promocyjnej cenie 99.8 PLN w sklepie <a href=\"https:\/\/converti.se\/click\/34590059-c70e8160-5f3ed3bc\/?sid=etui-iphone&#038;tag6=product&#038;tag8=cfc17c586aaad7ee3b69a62a924a60f8&#038;tag9=Etui+na+smartfon+BLACK+ROCK+Air+Robust+do+Apple+iPhone+11+Czarny+186970\" rel=\"noopener nofollow\" target=\"_blank\">Media Markt<\/a><\/p>\n","protected":false},"excerpt":{"rendered":"<h4>Szukasz dobrego <strong>etui do iPhone&#8217;a<\/strong>? <\/h4>\n<p style='padding: 17px 0px;'><span style='color: #fff; background-color: yellowgreen; padding: 2px 7px;border-left: 13px solid #000000;'>promocja &#8211; <\/span><\/p>\n<p style='padding-top: 10px;'>Etui na smartfon BLACK, cechy i zalety: <\/p>\n<ul style='padding-left: 45px; padding-bottom: 10px;'>\n<li style='padding-top: 10px;'>  Chroni Apple iPhone 11 przed uszkodzeniami i zabrudzeniami, zapewniaj\u0105c swobodny dost\u0119p do wszystkich port\u00f3w i z\u0142\u0105czy<\/li>\n<li style='padding-top: 10px;'>Proste, funkcjonalne i praktyczne etui typu plecki dedykowane do Apple iPhone 11<\/li>\n<li style='padding-top: 10px;'> Posiada wzmocnione kraw\u0119dzie absorbujace wstrz\u0105sy, podniesione kraw\u0119dzie dla lepszej ochrony wy\u015bwietlacza, cienk\u0105 warstw\u0119 powietrza utrzymuj\u0105c\u0105 obudow\u0119 urz\u0105dzenia w pewnej odleg\u0142o\u015bci od etui oraz antypo\u015blizgow\u0105 powierzchni\u0119<\/li>\n<li style='padding-top: 10px;'>Etui na smartfon BLACK.  Posiada wzmocnione kraw\u0119dzie absorbujace wstrz\u0105sy, podniesione kraw\u0119dzie dla lepszej ochrony wy\u015bwietlacza, cienk\u0105 warstw\u0119 powietrza utrzymuj\u0105c\u0105 obudow\u0119 urz\u0105dzenia w pewnej odleg\u0142o\u015bci od etui oraz antypo\u015blizgow\u0105 powierzchni\u0119<\/li>\n<\/ul>\n<p style='padding: 10px; font-weight: bold; background-color: aliceblue;'>Dost\u0119pno\u015b\u0107:<\/p>\n<p><img src='https:\/\/taniabonament.pl\/telefony\/wp-content\/uploads\/sklepylogo\/mediamarkt-logo.png' style='padding-top: 15px; padding-left: 48px;' alt='Media Markt sklep' \/><\/p>\n","protected":false},"featured_media":56977,"comment_status":"closed","ping_status":"open","template":"","meta":[],"product_brand":[],"product_cat":[815],"product_tag":[],"class_list":{"0":"post-56976","1":"product","2":"type-product","3":"status-publish","6":"product_cat-etui-iphone","7":"pa_cena-99-8-pln","8":"pa_producent-black-rock","9":"pa_sklep-media-markt","10":"pa_typ-telefony-i-smartfony-akcesoria-etui","12":"first","13":"instock","14":"product-type-external"},"_links":{"self":[{"href":"https:\/\/taniabonament.pl\/telefony\/wp-json\/wp\/v2\/product\/56976","targetHints":{"allow":["GET"]}}],"collection":[{"href":"https:\/\/taniabonament.pl\/telefony\/wp-json\/wp\/v2\/product"}],"about":[{"href":"https:\/\/taniabonament.pl\/telefony\/wp-json\/wp\/v2\/types\/product"}],"replies":[{"embeddable":true,"href":"https:\/\/taniabonament.pl\/telefony\/wp-json\/wp\/v2\/comments?post=56976"}],"wp:featuredmedia":[{"embeddable":true,"href":"https:\/\/taniabonament.pl\/telefony\/wp-json\/wp\/v2\/media\/56977"}],"wp:attachment":[{"href":"https:\/\/taniabonament.pl\/telefony\/wp-json\/wp\/v2\/media?parent=56976"}],"wp:term":[{"taxonomy":"product_brand","embeddable":true,"href":"https:\/\/taniabonament.pl\/telefony\/wp-json\/wp\/v2\/product_brand?post=56976"},{"taxonomy":"product_cat","embeddable":true,"href":"https:\/\/taniabonament.pl\/telefony\/wp-json\/wp\/v2\/product_cat?post=56976"},{"taxonomy":"product_tag","embeddable":true,"href":"https:\/\/taniabonament.pl\/telefony\/wp-json\/wp\/v2\/product_tag?post=56976"}],"curies":[{"name":"wp","href":"https:\/\/api.w.org\/{rel}","templated":true}]}}