{"id":56954,"date":"2021-01-30T16:57:24","date_gmt":"2021-01-30T16:57:24","guid":{"rendered":"https:\/\/taniabonament.pl\/telefony\/produkt\/etui-na-smartfon-puro-plasma-cover-do-apple-iphone-xs-max-przezroczysty-ipcx65plasmatr\/"},"modified":"2021-01-30T16:57:27","modified_gmt":"2021-01-30T16:57:27","slug":"etui-na-smartfon-puro-plasma-cover-do-apple-iphone-xs-max-przezroczysty-ipcx65plasmatr","status":"publish","type":"product","link":"https:\/\/taniabonament.pl\/telefony\/produkt\/etui-na-smartfon-puro-plasma-cover-do-apple-iphone-xs-max-przezroczysty-ipcx65plasmatr\/","title":{"rendered":"Etui na smartfon PURO Plasma Cover do Apple iPhone Xs Max Przezroczysty IPCX65PLASMATR"},"content":{"rendered":"<p><strong>Jakie etui do iphone&#8217;a kupi\u0107?<\/strong><\/p>\n<p>To dopasowane etui-case do iPhone&#8217;a  kupisz w promocyjnej cenie 0.03 PLN w sklepie <a href=\"https:\/\/converti.se\/click\/34590059-c70e8160-5f3ed3bc\/?sid=etui-iphone&#038;tag6=product&#038;tag8=638b3d78918a5b89da74b0129004d538&#038;tag9=Etui+na+smartfon+PURO+Plasma+Cover+do+Apple+iPhone+Xs+Max+Przezroczysty+IPCX65PLASMATR\" rel=\"noopener\">Media Markt<\/a><\/p>\n","protected":false},"excerpt":{"rendered":"<h4>Szukasz dobrego <strong>etui do iPhone&#8217;a<\/strong>? <\/h4>\n<p style='padding: 17px 0px;'><span style='color: #fff; background-color: yellowgreen; padding: 2px 7px;border-left: 13px solid #000000;'>promocja &#8211; <\/span><\/p>\n<p style='padding-top: 10px;'>Etui na smartfon PURO, cechy i zalety: <\/p>\n<ul style='padding-left: 45px; padding-bottom: 10px;'>\n<li style='padding-top: 10px;'> Korzy\u015bci: Kompatybilne z Apple iPhone Xs Max Ochrona ty\u0142u oraz bok\u00f3w urz\u0105dzenia przed zadrapaniami oraz uderzeniami Wyj\u0105tkowa elastyczno\u015b\u0107 Perfekcyjne dopasowanie B\u0142yszcz\u0105ca powierzchnia Dost\u0119p do wszystkich klawiszy funkcyjnych, gniazd i port\u00f3w telefonu Materia\u0142: silikon Etui kompatybilne z bezprzewodowym \u0142adowaniem Etui kompatybilne z Apple Pay<\/li>\n<li style='padding-top: 10px;'>Zadbaj o swojego smartfona w wyj\u0105tkowym stylu, troszcz\u0105c si\u0119 o jego bezpiecze\u0144stwo przed zarysowaniem, wstrz\u0105sami lub uderzeniami dzi\u0119ki etui Puro Plasma Cover<\/li>\n<\/ul>\n<p style='padding: 10px; font-weight: bold; background-color: aliceblue;'>Dost\u0119pno\u015b\u0107:<\/p>\n<p><img src='https:\/\/taniabonament.pl\/telefony\/wp-content\/uploads\/sklepylogo\/mediamarkt-logo.png' style='padding-top: 15px; padding-left: 48px;' alt='Media Markt sklep' \/><\/p>\n","protected":false},"featured_media":56955,"comment_status":"closed","ping_status":"open","template":"","meta":[],"product_brand":[],"product_cat":[815],"product_tag":[],"class_list":{"0":"post-56954","1":"product","2":"type-product","3":"status-publish","6":"product_cat-etui-iphone","7":"pa_cena-0-03-pln","8":"pa_producent-puro","9":"pa_sklep-media-markt","10":"pa_typ-telefony-i-smartfony-akcesoria-etui","12":"first","13":"instock","14":"product-type-external"},"_links":{"self":[{"href":"https:\/\/taniabonament.pl\/telefony\/wp-json\/wp\/v2\/product\/56954","targetHints":{"allow":["GET"]}}],"collection":[{"href":"https:\/\/taniabonament.pl\/telefony\/wp-json\/wp\/v2\/product"}],"about":[{"href":"https:\/\/taniabonament.pl\/telefony\/wp-json\/wp\/v2\/types\/product"}],"replies":[{"embeddable":true,"href":"https:\/\/taniabonament.pl\/telefony\/wp-json\/wp\/v2\/comments?post=56954"}],"wp:featuredmedia":[{"embeddable":true,"href":"https:\/\/taniabonament.pl\/telefony\/wp-json\/wp\/v2\/media\/56955"}],"wp:attachment":[{"href":"https:\/\/taniabonament.pl\/telefony\/wp-json\/wp\/v2\/media?parent=56954"}],"wp:term":[{"taxonomy":"product_brand","embeddable":true,"href":"https:\/\/taniabonament.pl\/telefony\/wp-json\/wp\/v2\/product_brand?post=56954"},{"taxonomy":"product_cat","embeddable":true,"href":"https:\/\/taniabonament.pl\/telefony\/wp-json\/wp\/v2\/product_cat?post=56954"},{"taxonomy":"product_tag","embeddable":true,"href":"https:\/\/taniabonament.pl\/telefony\/wp-json\/wp\/v2\/product_tag?post=56954"}],"curies":[{"name":"wp","href":"https:\/\/api.w.org\/{rel}","templated":true}]}}