{"id":56952,"date":"2021-01-30T16:57:24","date_gmt":"2021-01-30T16:57:24","guid":{"rendered":"https:\/\/taniabonament.pl\/telefony\/produkt\/etui-na-smartfon-hama-clear-do-apple-iphone-5-5s-se-bezbarwny\/"},"modified":"2021-01-30T16:57:26","modified_gmt":"2021-01-30T16:57:26","slug":"etui-na-smartfon-hama-clear-do-apple-iphone-5-5s-se-bezbarwny","status":"publish","type":"product","link":"https:\/\/taniabonament.pl\/telefony\/produkt\/etui-na-smartfon-hama-clear-do-apple-iphone-5-5s-se-bezbarwny\/","title":{"rendered":"Etui na smartfon HAMA Clear do Apple iPhone 5\/5S\/SE Bezbarwny"},"content":{"rendered":"<p><strong>Jakie etui do iphone&#8217;a kupi\u0107?<\/strong><\/p>\n<p>To dopasowane etui-case do iPhone&#8217;a  kupisz w promocyjnej cenie 39.98 PLN w sklepie <a href=\"https:\/\/converti.se\/click\/34590059-c70e8160-5f3ed3bc\/?sid=etui-iphone&#038;tag6=product&#038;tag8=5e432b541e5a810b72d72c5d30f08bec&#038;tag9=Etui+na+smartfon+HAMA+Clear+do+Apple+iPhone+5%2F5S%2FSE+Bezbarwny\" rel=\"noopener nofollow\" target=\"_blank\">Media Markt<\/a><\/p>\n","protected":false},"excerpt":{"rendered":"<h4>Szukasz dobrego <strong>etui do iPhone&#8217;a<\/strong>? <\/h4>\n<p style='padding: 17px 0px;'><span style='color: #fff; background-color: yellowgreen; padding: 2px 7px;border-left: 13px solid #000000;'>promocja &#8211; <\/span><\/p>\n<p style='padding-top: 10px;'>Etui na smartfon HAMA, cechy i zalety: <\/p>\n<ul style='padding-left: 45px; padding-bottom: 10px;'>\n<li style='padding-top: 10px;'>  Chroni urz\u0105dzenie przed zabrudzeniami i uszkodzeniami<\/li>\n<li style='padding-top: 10px;'> Etui wykonane jest z TPU<\/li>\n<li style='padding-top: 10px;'><strong> Etui wykonane jest z TPU<\/strong><\/li>\n<li style='padding-top: 10px;'> Posiada otwory do wszystkich port\u00f3w urz\u0105dzenia oraz antypo\u015blizgow\u0105 powierzchni\u0119<\/li>\n<li style='padding-top: 10px;'>Etui na smartfon HAMA.  Posiada otwory do wszystkich port\u00f3w urz\u0105dzenia oraz antypo\u015blizgow\u0105 powierzchni\u0119<\/li>\n<li style='padding-top: 10px;'>Ultra cienkie etui typu plecki dedykowane do smartfona Apple iPhone 5\/5S\/SE<\/li>\n<\/ul>\n<p style='padding: 10px; font-weight: bold; background-color: aliceblue;'>Dost\u0119pno\u015b\u0107:<\/p>\n<p><img src='https:\/\/taniabonament.pl\/telefony\/wp-content\/uploads\/sklepylogo\/mediamarkt-logo.png' style='padding-top: 15px; padding-left: 48px;' alt='Media Markt sklep' \/><\/p>\n","protected":false},"featured_media":56953,"comment_status":"closed","ping_status":"open","template":"","meta":[],"product_brand":[],"product_cat":[815],"product_tag":[],"class_list":{"0":"post-56952","1":"product","2":"type-product","3":"status-publish","6":"product_cat-etui-iphone","7":"pa_cena-39-98-pln","8":"pa_producent-hama","9":"pa_sklep-media-markt","10":"pa_typ-telefony-i-smartfony-akcesoria-etui","12":"first","13":"instock","14":"product-type-external"},"_links":{"self":[{"href":"https:\/\/taniabonament.pl\/telefony\/wp-json\/wp\/v2\/product\/56952","targetHints":{"allow":["GET"]}}],"collection":[{"href":"https:\/\/taniabonament.pl\/telefony\/wp-json\/wp\/v2\/product"}],"about":[{"href":"https:\/\/taniabonament.pl\/telefony\/wp-json\/wp\/v2\/types\/product"}],"replies":[{"embeddable":true,"href":"https:\/\/taniabonament.pl\/telefony\/wp-json\/wp\/v2\/comments?post=56952"}],"wp:featuredmedia":[{"embeddable":true,"href":"https:\/\/taniabonament.pl\/telefony\/wp-json\/wp\/v2\/media\/56953"}],"wp:attachment":[{"href":"https:\/\/taniabonament.pl\/telefony\/wp-json\/wp\/v2\/media?parent=56952"}],"wp:term":[{"taxonomy":"product_brand","embeddable":true,"href":"https:\/\/taniabonament.pl\/telefony\/wp-json\/wp\/v2\/product_brand?post=56952"},{"taxonomy":"product_cat","embeddable":true,"href":"https:\/\/taniabonament.pl\/telefony\/wp-json\/wp\/v2\/product_cat?post=56952"},{"taxonomy":"product_tag","embeddable":true,"href":"https:\/\/taniabonament.pl\/telefony\/wp-json\/wp\/v2\/product_tag?post=56952"}],"curies":[{"name":"wp","href":"https:\/\/api.w.org\/{rel}","templated":true}]}}