{"id":56946,"date":"2021-01-30T16:57:24","date_gmt":"2021-01-30T16:57:24","guid":{"rendered":"https:\/\/taniabonament.pl\/telefony\/produkt\/etui-na-smartfon-white-diamonds-ultra-thin-iced-do-apple-iphone-7-iphone-8-rozowe-zloto\/"},"modified":"2021-01-30T16:57:25","modified_gmt":"2021-01-30T16:57:25","slug":"etui-na-smartfon-white-diamonds-ultra-thin-iced-do-apple-iphone-7-iphone-8-rozowe-zloto","status":"publish","type":"product","link":"https:\/\/taniabonament.pl\/telefony\/produkt\/etui-na-smartfon-white-diamonds-ultra-thin-iced-do-apple-iphone-7-iphone-8-rozowe-zloto\/","title":{"rendered":"Etui na smartfon WHITE DIAMONDS Ultra Thin Iced do Apple iPhone 7\/iPhone 8 R\u00f3\u017cowe z\u0142oto"},"content":{"rendered":"<p><strong>Jakie etui do iphone&#8217;a kupi\u0107?<\/strong><\/p>\n<p>To dopasowane etui-case do iPhone&#8217;a  kupisz w promocyjnej cenie 69.9 PLN w sklepie <a href=\"https:\/\/converti.se\/click\/34590059-c70e8160-5f3ed3bc\/?sid=etui-iphone&#038;tag6=product&#038;tag8=904b2c2e16d99484b59aea9d2b11a98b&#038;tag9=Etui+na+smartfon+WHITE+DIAMONDS+Ultra+Thin+Iced+do+Apple+iPhone+7%2FiPhone+8+R%C3%B3%C5%BCowe+z%C5%82oto\" rel=\"noopener nofollow\" target=\"_blank\">Media Markt<\/a><\/p>\n","protected":false},"excerpt":{"rendered":"<h4>Szukasz dobrego <strong>etui do iPhone&#8217;a<\/strong>? <\/h4>\n<p style='padding: 17px 0px;'><span style='color: #fff; background-color: yellowgreen; padding: 2px 7px;border-left: 13px solid #000000;'>promocja &#8211; <\/span><\/p>\n<p style='padding-top: 10px;'>Etui na smartfon WHITE, cechy i zalety: <\/p>\n<ul style='padding-left: 45px; padding-bottom: 10px;'>\n<li style='padding-top: 10px;'>  Elastyczne i przezroczyste wykonane z polipropylenu zapewnia doskona\u0142\u0105 odporno\u015bc na zarysowania<\/li>\n<li style='padding-top: 10px;'> Podniesione kraw\u0119dzie chroni\u0105 kamer\u0119 smartfona a odpowiednie wyci\u0119cia zapewniaj\u0105 dost\u0119p do wszystkich z\u0142\u0105czy<\/li>\n<li style='padding-top: 10px;'>Ultracienkie (0,3 mm) etui typu nak\u0142adka dedykowane do smartfona Apple iPhone 7 lub iPhone 8<\/li>\n<li style='padding-top: 10px;'><strong>Ultracienkie (0,3 mm) etui typu nak\u0142adka dedykowane do smartfona Apple iPhone 7 lub iPhone 8<\/strong><\/li>\n<\/ul>\n<p style='padding: 10px; font-weight: bold; background-color: aliceblue;'>Dost\u0119pno\u015b\u0107:<\/p>\n<p><img src='https:\/\/taniabonament.pl\/telefony\/wp-content\/uploads\/sklepylogo\/mediamarkt-logo.png' style='padding-top: 15px; padding-left: 48px;' alt='Media Markt sklep' \/><\/p>\n","protected":false},"featured_media":56947,"comment_status":"closed","ping_status":"open","template":"","meta":[],"product_brand":[],"product_cat":[815],"product_tag":[],"class_list":{"0":"post-56946","1":"product","2":"type-product","3":"status-publish","6":"product_cat-etui-iphone","7":"pa_cena-69-9-pln","8":"pa_producent-white-diamonds","9":"pa_sklep-media-markt","10":"pa_typ-telefony-i-smartfony-akcesoria-etui","12":"first","13":"instock","14":"product-type-external"},"_links":{"self":[{"href":"https:\/\/taniabonament.pl\/telefony\/wp-json\/wp\/v2\/product\/56946","targetHints":{"allow":["GET"]}}],"collection":[{"href":"https:\/\/taniabonament.pl\/telefony\/wp-json\/wp\/v2\/product"}],"about":[{"href":"https:\/\/taniabonament.pl\/telefony\/wp-json\/wp\/v2\/types\/product"}],"replies":[{"embeddable":true,"href":"https:\/\/taniabonament.pl\/telefony\/wp-json\/wp\/v2\/comments?post=56946"}],"wp:featuredmedia":[{"embeddable":true,"href":"https:\/\/taniabonament.pl\/telefony\/wp-json\/wp\/v2\/media\/56947"}],"wp:attachment":[{"href":"https:\/\/taniabonament.pl\/telefony\/wp-json\/wp\/v2\/media?parent=56946"}],"wp:term":[{"taxonomy":"product_brand","embeddable":true,"href":"https:\/\/taniabonament.pl\/telefony\/wp-json\/wp\/v2\/product_brand?post=56946"},{"taxonomy":"product_cat","embeddable":true,"href":"https:\/\/taniabonament.pl\/telefony\/wp-json\/wp\/v2\/product_cat?post=56946"},{"taxonomy":"product_tag","embeddable":true,"href":"https:\/\/taniabonament.pl\/telefony\/wp-json\/wp\/v2\/product_tag?post=56946"}],"curies":[{"name":"wp","href":"https:\/\/api.w.org\/{rel}","templated":true}]}}