{"id":56944,"date":"2021-01-30T16:57:24","date_gmt":"2021-01-30T16:57:24","guid":{"rendered":"https:\/\/taniabonament.pl\/telefony\/produkt\/etui-na-smartfon-puro-presidio-clear-with-glitter-do-apple-iphone-xr-zloty\/"},"modified":"2021-01-30T16:57:25","modified_gmt":"2021-01-30T16:57:25","slug":"etui-na-smartfon-puro-presidio-clear-with-glitter-do-apple-iphone-xr-zloty","status":"publish","type":"product","link":"https:\/\/taniabonament.pl\/telefony\/produkt\/etui-na-smartfon-puro-presidio-clear-with-glitter-do-apple-iphone-xr-zloty\/","title":{"rendered":"Etui na smartfon PURO Presidio Clear with Glitter do Apple iPhone XR Z\u0142oty"},"content":{"rendered":"<p><strong>Jakie etui do iphone&#8217;a kupi\u0107?<\/strong><\/p>\n<p>To dopasowane etui-case do iPhone&#8217;a  kupisz w promocyjnej cenie 9.99 PLN w sklepie <a href=\"https:\/\/converti.se\/click\/34590059-c70e8160-5f3ed3bc\/?sid=etui-iphone&#038;tag6=product&#038;tag8=b918100df4d0aa0dc84d144b5c129e56&#038;tag9=Etui+na+smartfon+PURO+Presidio+Clear+with+Glitter+do+Apple+iPhone+XR+Z%C5%82oty\" rel=\"noopener nofollow\" target=\"_blank\">Media Markt<\/a><\/p>\n","protected":false},"excerpt":{"rendered":"<h4>Szukasz dobrego <strong>etui do iPhone&#8217;a<\/strong>? <\/h4>\n<p style='padding: 17px 0px;'><span style='color: #fff; background-color: yellowgreen; padding: 2px 7px;border-left: 13px solid #000000;'>promocja &#8211; <\/span><\/p>\n<p style='padding-top: 10px;'>Etui na smartfon PURO, cechy i zalety: <\/p>\n<ul style='padding-left: 45px; padding-bottom: 10px;'>\n<li style='padding-top: 10px;'> 44 m Warstwa IMPACTIUM\u2122 Clear absorbuj\u0105ca wstrz\u0105sy Opatentowany system ochrony wy\u015bwietlacza podczas upadku ekranem do do\u0142u Ochrona urz\u0105dzenia ze wszystkich stron oraz kamery z ty\u0142u telefonu Pow\u0142oka odporna na zarysowania Specjalne tworzywo odporne na promienie UV (nie \u017c\u00f3\u0142knie pod wp\u0142ywem \u015bwiat\u0142a) Wyj\u0105tkowo cienka budowa Precyzyjnie dopasowane przyciski g\u0142o\u015bno\u015bci oraz przycisk usypiania i wybudzania Jasna i b\u0142yszcz\u0105ca faktura Testowane w warunkach laboratoryjnych Etui kompatybilne z bezprzewodowym \u0142adowaniem Etui kompatybilne z Apple Pay<\/li>\n<li style='padding-top: 10px;'>Korzy\u015bci: Przeznaczone dla Apple iPhone XR Ochrona urz\u0105dzenia podczas upadku z wysoko\u015bci 2<\/li>\n<li style='padding-top: 10px;'> Dzi\u0119ki temu etui skutecznie zabezpiecza telefon przed uszkodzeniem podczas upadku<\/li>\n<li style='padding-top: 10px;'><strong> Dzi\u0119ki temu etui skutecznie zabezpiecza telefon przed uszkodzeniem podczas upadku<\/strong><\/li>\n<li style='padding-top: 10px;'> To wszystko dzi\u0119ki dw\u00f3m warstwom: zewn\u0119trznej, kt\u00f3ra rozprasza si\u0142\u0119 uderzenia oraz wewn\u0119trznej IMPACTIUM\u2122 Clear, absorbuj\u0105cej wstrz\u0105sy<\/li>\n<li style='padding-top: 10px;'>Etui na smartfon PURO.  To wszystko dzi\u0119ki dw\u00f3m warstwom: zewn\u0119trznej, kt\u00f3ra rozprasza si\u0142\u0119 uderzenia oraz wewn\u0119trznej IMPACTIUM\u2122 Clear, absorbuj\u0105cej wstrz\u0105sy<\/li>\n<li style='padding-top: 10px;'>Do stworzenia Presidio Clear with Glitter wykorzystano technologi\u0119 IMPACTIUM\u2122, kt\u00f3ra chroni telefon przed uszkodzeniami podczas upadku<\/li>\n<\/ul>\n<p style='padding: 10px; font-weight: bold; background-color: aliceblue;'>Dost\u0119pno\u015b\u0107:<\/p>\n<p><img src='https:\/\/taniabonament.pl\/telefony\/wp-content\/uploads\/sklepylogo\/mediamarkt-logo.png' style='padding-top: 15px; padding-left: 48px;' alt='Media Markt sklep' \/><\/p>\n","protected":false},"featured_media":56945,"comment_status":"closed","ping_status":"open","template":"","meta":[],"product_brand":[],"product_cat":[815],"product_tag":[],"class_list":{"0":"post-56944","1":"product","2":"type-product","3":"status-publish","6":"product_cat-etui-iphone","7":"pa_cena-9-99-pln","8":"pa_producent-puro","9":"pa_sklep-media-markt","10":"pa_typ-telefony-i-smartfony-akcesoria-etui","12":"first","13":"instock","14":"product-type-external"},"_links":{"self":[{"href":"https:\/\/taniabonament.pl\/telefony\/wp-json\/wp\/v2\/product\/56944","targetHints":{"allow":["GET"]}}],"collection":[{"href":"https:\/\/taniabonament.pl\/telefony\/wp-json\/wp\/v2\/product"}],"about":[{"href":"https:\/\/taniabonament.pl\/telefony\/wp-json\/wp\/v2\/types\/product"}],"replies":[{"embeddable":true,"href":"https:\/\/taniabonament.pl\/telefony\/wp-json\/wp\/v2\/comments?post=56944"}],"wp:featuredmedia":[{"embeddable":true,"href":"https:\/\/taniabonament.pl\/telefony\/wp-json\/wp\/v2\/media\/56945"}],"wp:attachment":[{"href":"https:\/\/taniabonament.pl\/telefony\/wp-json\/wp\/v2\/media?parent=56944"}],"wp:term":[{"taxonomy":"product_brand","embeddable":true,"href":"https:\/\/taniabonament.pl\/telefony\/wp-json\/wp\/v2\/product_brand?post=56944"},{"taxonomy":"product_cat","embeddable":true,"href":"https:\/\/taniabonament.pl\/telefony\/wp-json\/wp\/v2\/product_cat?post=56944"},{"taxonomy":"product_tag","embeddable":true,"href":"https:\/\/taniabonament.pl\/telefony\/wp-json\/wp\/v2\/product_tag?post=56944"}],"curies":[{"name":"wp","href":"https:\/\/api.w.org\/{rel}","templated":true}]}}