{"id":56934,"date":"2021-01-30T16:57:16","date_gmt":"2021-01-30T16:57:16","guid":{"rendered":"https:\/\/taniabonament.pl\/telefony\/produkt\/etui-na-smartfon-wg-glowing-cubes-do-apple-iphone-x-xs-czarno-niebieski\/"},"modified":"2021-01-30T16:57:22","modified_gmt":"2021-01-30T16:57:22","slug":"etui-na-smartfon-wg-glowing-cubes-do-apple-iphone-x-xs-czarno-niebieski","status":"publish","type":"product","link":"https:\/\/taniabonament.pl\/telefony\/produkt\/etui-na-smartfon-wg-glowing-cubes-do-apple-iphone-x-xs-czarno-niebieski\/","title":{"rendered":"Etui na smartfon WG Glowing Cubes do Apple iPhone X\/Xs Czarno-niebieski"},"content":{"rendered":"<p><strong>Jakie etui do iphone&#8217;a kupi\u0107?<\/strong><\/p>\n<p>To dopasowane etui-case do iPhone&#8217;a  kupisz w promocyjnej cenie 9.99 PLN w sklepie <a href=\"https:\/\/converti.se\/click\/34590059-c70e8160-5f3ed3bc\/?sid=etui-iphone&#038;tag6=product&#038;tag8=e78a9342e625d505bae2d08c97a90b81&#038;tag9=Etui+na+smartfon+WG+Glowing+Cubes+do+Apple+iPhone+X%2FXs+Czarno-niebieski\" rel=\"noopener\">Media Markt<\/a><\/p>\n","protected":false},"excerpt":{"rendered":"<h4>Szukasz dobrego <strong>etui do iPhone&#8217;a<\/strong>? <\/h4>\n<p style='padding: 17px 0px;'><span style='color: #fff; background-color: yellowgreen; padding: 2px 7px;border-left: 13px solid #000000;'>promocja &#8211; <\/span><\/p>\n<p style='padding-top: 10px;'>Etui na smartfon WG, cechy i zalety: <\/p>\n<ul style='padding-left: 45px; padding-bottom: 10px;'>\n<li style='padding-top: 10px;'> Etui WG Glowing Cubes z fluorescencyjn\u0105 pow\u0142ok\u0105 przeznaczone do smartfona Apple iPhone X<\/li>\n<li style='padding-top: 10px;'> Obudowa \u015bwieci w ciemno\u015bci<\/li>\n<li style='padding-top: 10px;'> Zapewnia najwy\u017csz\u0105 ochron\u0119 przed zadrapaniami, uderzeniami i innymi uszkodzeniami wynikaj\u0105cymi z codziennego u\u017cytkowania<\/li>\n<li style='padding-top: 10px;'><strong> Zapewnia najwy\u017csz\u0105 ochron\u0119 przed zadrapaniami, uderzeniami i innymi uszkodzeniami wynikaj\u0105cymi z codziennego u\u017cytkowania<\/strong><\/li>\n<li style='padding-top: 10px;'> Idealnie przylega do telefonu nadaj\u0105c nowego wygl\u0105du<\/li>\n<li style='padding-top: 10px;'>Etui na smartfon WG.  Idealnie przylega do telefonu nadaj\u0105c nowego wygl\u0105du<\/li>\n<\/ul>\n<p style='padding: 10px; font-weight: bold; background-color: aliceblue;'>Dost\u0119pno\u015b\u0107:<\/p>\n<p><img src='https:\/\/taniabonament.pl\/telefony\/wp-content\/uploads\/sklepylogo\/mediamarkt-logo.png' style='padding-top: 15px; padding-left: 48px;' alt='Media Markt sklep' \/><\/p>\n","protected":false},"featured_media":56935,"comment_status":"closed","ping_status":"open","template":"","meta":[],"product_brand":[],"product_cat":[815],"product_tag":[],"class_list":{"0":"post-56934","1":"product","2":"type-product","3":"status-publish","6":"product_cat-etui-iphone","7":"pa_cena-9-99-pln","8":"pa_producent-wg","9":"pa_sklep-media-markt","10":"pa_typ-telefony-i-smartfony-akcesoria-etui","12":"first","13":"instock","14":"product-type-external"},"_links":{"self":[{"href":"https:\/\/taniabonament.pl\/telefony\/wp-json\/wp\/v2\/product\/56934","targetHints":{"allow":["GET"]}}],"collection":[{"href":"https:\/\/taniabonament.pl\/telefony\/wp-json\/wp\/v2\/product"}],"about":[{"href":"https:\/\/taniabonament.pl\/telefony\/wp-json\/wp\/v2\/types\/product"}],"replies":[{"embeddable":true,"href":"https:\/\/taniabonament.pl\/telefony\/wp-json\/wp\/v2\/comments?post=56934"}],"wp:featuredmedia":[{"embeddable":true,"href":"https:\/\/taniabonament.pl\/telefony\/wp-json\/wp\/v2\/media\/56935"}],"wp:attachment":[{"href":"https:\/\/taniabonament.pl\/telefony\/wp-json\/wp\/v2\/media?parent=56934"}],"wp:term":[{"taxonomy":"product_brand","embeddable":true,"href":"https:\/\/taniabonament.pl\/telefony\/wp-json\/wp\/v2\/product_brand?post=56934"},{"taxonomy":"product_cat","embeddable":true,"href":"https:\/\/taniabonament.pl\/telefony\/wp-json\/wp\/v2\/product_cat?post=56934"},{"taxonomy":"product_tag","embeddable":true,"href":"https:\/\/taniabonament.pl\/telefony\/wp-json\/wp\/v2\/product_tag?post=56934"}],"curies":[{"name":"wp","href":"https:\/\/api.w.org\/{rel}","templated":true}]}}