{"id":56924,"date":"2021-01-30T16:57:16","date_gmt":"2021-01-30T16:57:16","guid":{"rendered":"https:\/\/taniabonament.pl\/telefony\/produkt\/etui-na-smartfon-moleskine-classic-hard-case-do-apple-iphone-x-granatowy\/"},"modified":"2021-01-30T16:57:20","modified_gmt":"2021-01-30T16:57:20","slug":"etui-na-smartfon-moleskine-classic-hard-case-do-apple-iphone-x-granatowy","status":"publish","type":"product","link":"https:\/\/taniabonament.pl\/telefony\/produkt\/etui-na-smartfon-moleskine-classic-hard-case-do-apple-iphone-x-granatowy\/","title":{"rendered":"Etui na smartfon MOLESKINE Classic Hard Case do Apple iPhone X Granatowy"},"content":{"rendered":"<p><strong>Jakie etui do iphone&#8217;a kupi\u0107?<\/strong><\/p>\n<p>To dopasowane etui-case do iPhone&#8217;a  kupisz w promocyjnej cenie 69.99 PLN w sklepie <a href=\"https:\/\/converti.se\/click\/34590059-c70e8160-5f3ed3bc\/?sid=etui-iphone&#038;tag6=product&#038;tag8=5b87c8987c54d91f880b27bfb66e3df0&#038;tag9=Etui+na+smartfon+MOLESKINE+Classic+Hard+Case+do+Apple+iPhone+X+Granatowy\" rel=\"noopener nofollow\" target=\"_blank\">Media Markt<\/a><\/p>\n","protected":false},"excerpt":{"rendered":"<h4>Szukasz dobrego <strong>etui do iPhone&#8217;a<\/strong>? <\/h4>\n<p style='padding: 17px 0px;'><span style='color: #fff; background-color: yellowgreen; padding: 2px 7px;border-left: 13px solid #000000;'>promocja &#8211; <\/span><\/p>\n<p style='padding-top: 10px;'>Etui na smartfon MOLESKINE, cechy i zalety: <\/p>\n<ul style='padding-left: 45px; padding-bottom: 10px;'>\n<li style='padding-top: 10px;'>  Wykonane z tworzywa sztucznego<\/li>\n<li style='padding-top: 10px;'> Posiada miejsce na &#8222;in case of lost&#8221; oraz notes Volant XS<\/li>\n<li style='padding-top: 10px;'> Wygl\u0105dem odzwierciedla notes Moleskine: posiada zaokr\u0105glone rogi oraz wz\u00f3r elastycznego zapi\u0119cia na gumk\u0119<\/li>\n<li style='padding-top: 10px;'><strong> Wygl\u0105dem odzwierciedla notes Moleskine: posiada zaokr\u0105glone rogi oraz wz\u00f3r elastycznego zapi\u0119cia na gumk\u0119<\/strong><\/li>\n<li style='padding-top: 10px;'>Etui Moleskine na iPhone X w kolorze sapphire blue<\/li>\n<li style='padding-top: 10px;'>Etui na smartfon MOLESKINE. Etui Moleskine na iPhone X w kolorze sapphire blue<\/li>\n<\/ul>\n<p style='padding: 10px; font-weight: bold; background-color: aliceblue;'>Dost\u0119pno\u015b\u0107:<\/p>\n<p><img src='https:\/\/taniabonament.pl\/telefony\/wp-content\/uploads\/sklepylogo\/mediamarkt-logo.png' style='padding-top: 15px; padding-left: 48px;' alt='Media Markt sklep' \/><\/p>\n","protected":false},"featured_media":56925,"comment_status":"closed","ping_status":"open","template":"","meta":[],"product_brand":[],"product_cat":[815],"product_tag":[],"class_list":{"0":"post-56924","1":"product","2":"type-product","3":"status-publish","6":"product_cat-etui-iphone","7":"pa_cena-69-99-pln","8":"pa_producent-moleskine","9":"pa_sklep-media-markt","10":"pa_typ-telefony-i-smartfony-akcesoria-etui","12":"first","13":"instock","14":"product-type-external"},"_links":{"self":[{"href":"https:\/\/taniabonament.pl\/telefony\/wp-json\/wp\/v2\/product\/56924","targetHints":{"allow":["GET"]}}],"collection":[{"href":"https:\/\/taniabonament.pl\/telefony\/wp-json\/wp\/v2\/product"}],"about":[{"href":"https:\/\/taniabonament.pl\/telefony\/wp-json\/wp\/v2\/types\/product"}],"replies":[{"embeddable":true,"href":"https:\/\/taniabonament.pl\/telefony\/wp-json\/wp\/v2\/comments?post=56924"}],"wp:featuredmedia":[{"embeddable":true,"href":"https:\/\/taniabonament.pl\/telefony\/wp-json\/wp\/v2\/media\/56925"}],"wp:attachment":[{"href":"https:\/\/taniabonament.pl\/telefony\/wp-json\/wp\/v2\/media?parent=56924"}],"wp:term":[{"taxonomy":"product_brand","embeddable":true,"href":"https:\/\/taniabonament.pl\/telefony\/wp-json\/wp\/v2\/product_brand?post=56924"},{"taxonomy":"product_cat","embeddable":true,"href":"https:\/\/taniabonament.pl\/telefony\/wp-json\/wp\/v2\/product_cat?post=56924"},{"taxonomy":"product_tag","embeddable":true,"href":"https:\/\/taniabonament.pl\/telefony\/wp-json\/wp\/v2\/product_tag?post=56924"}],"curies":[{"name":"wp","href":"https:\/\/api.w.org\/{rel}","templated":true}]}}