{"id":56910,"date":"2021-01-30T16:57:16","date_gmt":"2021-01-30T16:57:16","guid":{"rendered":"https:\/\/taniabonament.pl\/telefony\/produkt\/etui-na-smartfon-hama-cozy-do-apple-iphone-x-xs-szary-185147\/"},"modified":"2021-01-30T16:57:18","modified_gmt":"2021-01-30T16:57:18","slug":"etui-na-smartfon-hama-cozy-do-apple-iphone-x-xs-szary-185147","status":"publish","type":"product","link":"https:\/\/taniabonament.pl\/telefony\/produkt\/etui-na-smartfon-hama-cozy-do-apple-iphone-x-xs-szary-185147\/","title":{"rendered":"Etui na smartfon HAMA Cozy do Apple iPhone X\/Xs Szary 185147"},"content":{"rendered":"<p><strong>Jakie etui do iphone&#8217;a kupi\u0107?<\/strong><\/p>\n<p>To dopasowane etui-case do iPhone&#8217;a  kupisz w promocyjnej cenie 29.99 PLN w sklepie <a href=\"https:\/\/converti.se\/click\/34590059-c70e8160-5f3ed3bc\/?sid=etui-iphone&#038;tag6=product&#038;tag8=9bad92fff46bb696a86a3bb93b9a95a4&#038;tag9=Etui+na+smartfon+HAMA+Cozy+do+Apple+iPhone+X%2FXs+Szary+185147\" rel=\"noopener nofollow\" target=\"_blank\">Media Markt<\/a><\/p>\n","protected":false},"excerpt":{"rendered":"<h4>Szukasz dobrego <strong>etui do iPhone&#8217;a<\/strong>? <\/h4>\n<p style='padding: 17px 0px;'><span style='color: #fff; background-color: yellowgreen; padding: 2px 7px;border-left: 13px solid #000000;'>promocja &#8211; <\/span><\/p>\n<p style='padding-top: 10px;'>Etui na smartfon HAMA, cechy i zalety: <\/p>\n<ul style='padding-left: 45px; padding-bottom: 10px;'>\n<li style='padding-top: 10px;'> Korzy\u015bci: Dopasowany futera\u0142 nadaje Apple iPhone X\/Xs wyj\u0105tkowy wygl\u0105d Zastosowanie wytrzyma\u0142ego materia\u0142u tekstylnego zapewnia mi\u0119kk\u0105 i przyjemn\u0105 w dotyku struktur\u0119 Mo\u017cna pra\u0107 w pralce w temperaturze do 30\u00b0C Elastyczna konstrukcja pokryta materia\u0142em Przytulne spojrzenie na smartfon Kompatybilny z \u0142adowaniem bezprzewodowym<\/li>\n<li style='padding-top: 10px;'>Hama Cozy to etui, kt\u00f3re przyjemnie otuli Tw\u00f3j telefon, a\u017c zrobi Ci si\u0119 cieplej na sercu<\/li>\n<li style='padding-top: 10px;'> A je\u015bli si\u0119 zabrudzi, to mo\u017cesz wrzuci\u0107 go do pralki<\/li>\n<li style='padding-top: 10px;'><strong> A je\u015bli si\u0119 zabrudzi, to mo\u017cesz wrzuci\u0107 go do pralki<\/strong><\/li>\n<\/ul>\n<p style='padding: 10px; font-weight: bold; background-color: aliceblue;'>Dost\u0119pno\u015b\u0107:<\/p>\n<p><img src='https:\/\/taniabonament.pl\/telefony\/wp-content\/uploads\/sklepylogo\/mediamarkt-logo.png' style='padding-top: 15px; padding-left: 48px;' alt='Media Markt sklep' \/><\/p>\n","protected":false},"featured_media":56911,"comment_status":"closed","ping_status":"open","template":"","meta":[],"product_brand":[],"product_cat":[815],"product_tag":[],"class_list":{"0":"post-56910","1":"product","2":"type-product","3":"status-publish","6":"product_cat-etui-iphone","7":"pa_cena-29-99-pln","8":"pa_producent-hama","9":"pa_sklep-media-markt","10":"pa_typ-telefony-i-smartfony-akcesoria-etui","12":"first","13":"instock","14":"product-type-external"},"_links":{"self":[{"href":"https:\/\/taniabonament.pl\/telefony\/wp-json\/wp\/v2\/product\/56910","targetHints":{"allow":["GET"]}}],"collection":[{"href":"https:\/\/taniabonament.pl\/telefony\/wp-json\/wp\/v2\/product"}],"about":[{"href":"https:\/\/taniabonament.pl\/telefony\/wp-json\/wp\/v2\/types\/product"}],"replies":[{"embeddable":true,"href":"https:\/\/taniabonament.pl\/telefony\/wp-json\/wp\/v2\/comments?post=56910"}],"wp:featuredmedia":[{"embeddable":true,"href":"https:\/\/taniabonament.pl\/telefony\/wp-json\/wp\/v2\/media\/56911"}],"wp:attachment":[{"href":"https:\/\/taniabonament.pl\/telefony\/wp-json\/wp\/v2\/media?parent=56910"}],"wp:term":[{"taxonomy":"product_brand","embeddable":true,"href":"https:\/\/taniabonament.pl\/telefony\/wp-json\/wp\/v2\/product_brand?post=56910"},{"taxonomy":"product_cat","embeddable":true,"href":"https:\/\/taniabonament.pl\/telefony\/wp-json\/wp\/v2\/product_cat?post=56910"},{"taxonomy":"product_tag","embeddable":true,"href":"https:\/\/taniabonament.pl\/telefony\/wp-json\/wp\/v2\/product_tag?post=56910"}],"curies":[{"name":"wp","href":"https:\/\/api.w.org\/{rel}","templated":true}]}}