{"id":56896,"date":"2021-01-30T16:57:08","date_gmt":"2021-01-30T16:57:08","guid":{"rendered":"https:\/\/taniabonament.pl\/telefony\/produkt\/etui-na-smartfon-black-rock-ultra-thin-iced-do-apple-iphone-11-pro-przezroczysty-186980\/"},"modified":"2021-01-30T16:57:14","modified_gmt":"2021-01-30T16:57:14","slug":"etui-na-smartfon-black-rock-ultra-thin-iced-do-apple-iphone-11-pro-przezroczysty-186980","status":"publish","type":"product","link":"https:\/\/taniabonament.pl\/telefony\/produkt\/etui-na-smartfon-black-rock-ultra-thin-iced-do-apple-iphone-11-pro-przezroczysty-186980\/","title":{"rendered":"Etui na smartfon BLACK ROCK Ultra Thin Iced do Apple iPhone 11 Pro Przezroczysty 186980"},"content":{"rendered":"<p><strong>Jakie etui do iphone&#8217;a kupi\u0107?<\/strong><\/p>\n<p>To dopasowane etui-case do iPhone&#8217;a  kupisz w promocyjnej cenie 69.8 PLN w sklepie <a href=\"https:\/\/converti.se\/click\/34590059-c70e8160-5f3ed3bc\/?sid=etui-iphone&#038;tag6=product&#038;tag8=33767585f51d880544fcf96676efe890&#038;tag9=Etui+na+smartfon+BLACK+ROCK+Ultra+Thin+Iced+do+Apple+iPhone+11+Pro+Przezroczysty+186980\" rel=\"noopener nofollow\" target=\"_blank\">Media Markt<\/a><\/p>\n","protected":false},"excerpt":{"rendered":"<h4>Szukasz dobrego <strong>etui do iPhone&#8217;a<\/strong>? <\/h4>\n<p style='padding: 17px 0px;'><span style='color: #fff; background-color: yellowgreen; padding: 2px 7px;border-left: 13px solid #000000;'>promocja &#8211; <\/span><\/p>\n<p style='padding-top: 10px;'>Etui na smartfon BLACK, cechy i zalety: <\/p>\n<ul style='padding-left: 45px; padding-bottom: 10px;'>\n<li style='padding-top: 10px;'> Zapewnia ochron\u0119 przed uszkodzeniami, zadrapaniami i zabrudzeniami<\/li>\n<li style='padding-top: 10px;'>Ultra cienkie (0<\/li>\n<li style='padding-top: 10px;'><strong>Ultra cienkie (0<\/strong><\/li>\n<li style='padding-top: 10px;'>3 mm) etui kompatybilne ze smartfonem Apple iPhone 11 Pro, wykonane z polipropylenu<\/li>\n<li style='padding-top: 10px;'>Etui na smartfon BLACK. 3 mm) etui kompatybilne ze smartfonem Apple iPhone 11 Pro, wykonane z polipropylenu<\/li>\n<li style='padding-top: 10px;'> Posiada otwory umo\u017cliwiaj\u0105ce swobodny dost\u0119p do wszystkich z\u0142\u0105czy<\/li>\n<\/ul>\n<p style='padding: 10px; font-weight: bold; background-color: aliceblue;'>Dost\u0119pno\u015b\u0107:<\/p>\n<p><img src='https:\/\/taniabonament.pl\/telefony\/wp-content\/uploads\/sklepylogo\/mediamarkt-logo.png' style='padding-top: 15px; padding-left: 48px;' alt='Media Markt sklep' \/><\/p>\n","protected":false},"featured_media":56897,"comment_status":"closed","ping_status":"open","template":"","meta":[],"product_brand":[],"product_cat":[815],"product_tag":[],"class_list":{"0":"post-56896","1":"product","2":"type-product","3":"status-publish","6":"product_cat-etui-iphone","7":"pa_cena-69-8-pln","8":"pa_producent-black-rock","9":"pa_sklep-media-markt","10":"pa_typ-telefony-i-smartfony-akcesoria-etui","12":"first","13":"instock","14":"product-type-external"},"_links":{"self":[{"href":"https:\/\/taniabonament.pl\/telefony\/wp-json\/wp\/v2\/product\/56896","targetHints":{"allow":["GET"]}}],"collection":[{"href":"https:\/\/taniabonament.pl\/telefony\/wp-json\/wp\/v2\/product"}],"about":[{"href":"https:\/\/taniabonament.pl\/telefony\/wp-json\/wp\/v2\/types\/product"}],"replies":[{"embeddable":true,"href":"https:\/\/taniabonament.pl\/telefony\/wp-json\/wp\/v2\/comments?post=56896"}],"wp:featuredmedia":[{"embeddable":true,"href":"https:\/\/taniabonament.pl\/telefony\/wp-json\/wp\/v2\/media\/56897"}],"wp:attachment":[{"href":"https:\/\/taniabonament.pl\/telefony\/wp-json\/wp\/v2\/media?parent=56896"}],"wp:term":[{"taxonomy":"product_brand","embeddable":true,"href":"https:\/\/taniabonament.pl\/telefony\/wp-json\/wp\/v2\/product_brand?post=56896"},{"taxonomy":"product_cat","embeddable":true,"href":"https:\/\/taniabonament.pl\/telefony\/wp-json\/wp\/v2\/product_cat?post=56896"},{"taxonomy":"product_tag","embeddable":true,"href":"https:\/\/taniabonament.pl\/telefony\/wp-json\/wp\/v2\/product_tag?post=56896"}],"curies":[{"name":"wp","href":"https:\/\/api.w.org\/{rel}","templated":true}]}}