{"id":56880,"date":"2021-01-30T16:57:08","date_gmt":"2021-01-30T16:57:08","guid":{"rendered":"https:\/\/taniabonament.pl\/telefony\/produkt\/etui-na-smartfon-spigen-neo-hybrid-do-apple-iphone-xs-max-srebrny-065cs24840\/"},"modified":"2021-01-30T16:57:11","modified_gmt":"2021-01-30T16:57:11","slug":"etui-na-smartfon-spigen-neo-hybrid-do-apple-iphone-xs-max-srebrny-065cs24840","status":"publish","type":"product","link":"https:\/\/taniabonament.pl\/telefony\/produkt\/etui-na-smartfon-spigen-neo-hybrid-do-apple-iphone-xs-max-srebrny-065cs24840\/","title":{"rendered":"Etui na smartfon SPIGEN Neo Hybrid do Apple iPhone XS Max Srebrny 065CS24840"},"content":{"rendered":"<p><strong>Jakie etui do iphone&#8217;a kupi\u0107?<\/strong><\/p>\n<p>To dopasowane etui-case do iPhone&#8217;a  kupisz w promocyjnej cenie 9.99 PLN w sklepie <a href=\"https:\/\/converti.se\/click\/34590059-c70e8160-5f3ed3bc\/?sid=etui-iphone&#038;tag6=product&#038;tag8=4686222339c024567ea2a2f2f7433f34&#038;tag9=Etui+na+smartfon+SPIGEN+Neo+Hybrid+do+Apple+iPhone+XS+Max+Srebrny+065CS24840\" rel=\"noopener nofollow\" target=\"_blank\">Media Markt<\/a><\/p>\n","protected":false},"excerpt":{"rendered":"<h4>Szukasz dobrego <strong>etui do iPhone&#8217;a<\/strong>? <\/h4>\n<p style='padding: 17px 0px;'><span style='color: #fff; background-color: yellowgreen; padding: 2px 7px;border-left: 13px solid #000000;'>promocja &#8211; <\/span><\/p>\n<p style='padding-top: 10px;'>Etui na smartfon SPIGEN, cechy i zalety: <\/p>\n<ul style='padding-left: 45px; padding-bottom: 10px;'>\n<li style='padding-top: 10px;'>  Doskonale chroni przed zarysowaniami, a zintegrowane czarne przyciski nadaj\u0105 nowoczesnego wygl\u0105du<\/li>\n<li style='padding-top: 10px;'> Pewnie le\u017cy w d\u0142oni, a tekstura na wz\u00f3r jode\u0142ki na pleckach posiada w\u0142a\u015bciwo\u015bci antypo\u015blizgowe<\/li>\n<li style='padding-top: 10px;'>Rewelacyjne etui marki Spigen dla smartfona Apple iPhone XS Max<\/li>\n<li style='padding-top: 10px;'>Etui na smartfon SPIGEN. Rewelacyjne etui marki Spigen dla smartfona Apple iPhone XS Max<\/li>\n<li style='padding-top: 10px;'> Etui posiada wystaj\u0105ce kraw\u0119dzie, kt\u00f3re chroni\u0105 wy\u015bwietlacz urz\u0105dzenia w momencie po\u0142o\u017cenia go na p\u0142askiej powierzchni<\/li>\n<li style='padding-top: 10px;'> Zapewnia dost\u0119p do interfejs\u00f3w urz\u0105dzenia<\/li>\n<li style='padding-top: 10px;'> Zaprojektowana struktura sieci paj\u0119czej wewn\u0105trz absorbuje wstrz\u0105sy i uderzenia<\/li>\n<li style='padding-top: 10px;'> Pokrowiec wykonany z po\u0142\u0105czenia twardej poliw\u0119glanowej ramki oraz elastycznej tylnej os\u0142ony z termopoliuretanu<\/li>\n<\/ul>\n<p style='padding: 10px; font-weight: bold; background-color: aliceblue;'>Dost\u0119pno\u015b\u0107:<\/p>\n<p><img src='https:\/\/taniabonament.pl\/telefony\/wp-content\/uploads\/sklepylogo\/mediamarkt-logo.png' style='padding-top: 15px; padding-left: 48px;' alt='Media Markt sklep' \/><\/p>\n","protected":false},"featured_media":56881,"comment_status":"closed","ping_status":"open","template":"","meta":[],"product_brand":[],"product_cat":[815],"product_tag":[],"class_list":{"0":"post-56880","1":"product","2":"type-product","3":"status-publish","6":"product_cat-etui-iphone","7":"pa_cena-9-99-pln","8":"pa_producent-spigen","9":"pa_sklep-media-markt","10":"pa_typ-telefony-i-smartfony-akcesoria-etui","12":"first","13":"instock","14":"product-type-external"},"_links":{"self":[{"href":"https:\/\/taniabonament.pl\/telefony\/wp-json\/wp\/v2\/product\/56880","targetHints":{"allow":["GET"]}}],"collection":[{"href":"https:\/\/taniabonament.pl\/telefony\/wp-json\/wp\/v2\/product"}],"about":[{"href":"https:\/\/taniabonament.pl\/telefony\/wp-json\/wp\/v2\/types\/product"}],"replies":[{"embeddable":true,"href":"https:\/\/taniabonament.pl\/telefony\/wp-json\/wp\/v2\/comments?post=56880"}],"wp:featuredmedia":[{"embeddable":true,"href":"https:\/\/taniabonament.pl\/telefony\/wp-json\/wp\/v2\/media\/56881"}],"wp:attachment":[{"href":"https:\/\/taniabonament.pl\/telefony\/wp-json\/wp\/v2\/media?parent=56880"}],"wp:term":[{"taxonomy":"product_brand","embeddable":true,"href":"https:\/\/taniabonament.pl\/telefony\/wp-json\/wp\/v2\/product_brand?post=56880"},{"taxonomy":"product_cat","embeddable":true,"href":"https:\/\/taniabonament.pl\/telefony\/wp-json\/wp\/v2\/product_cat?post=56880"},{"taxonomy":"product_tag","embeddable":true,"href":"https:\/\/taniabonament.pl\/telefony\/wp-json\/wp\/v2\/product_tag?post=56880"}],"curies":[{"name":"wp","href":"https:\/\/api.w.org\/{rel}","templated":true}]}}