{"id":56868,"date":"2021-01-30T16:57:08","date_gmt":"2021-01-30T16:57:08","guid":{"rendered":"https:\/\/taniabonament.pl\/telefony\/produkt\/etui-na-smartfon-spigen-slim-armor-do-apple-iphone-xs-max-rozowe-zloto-065cs25157\/"},"modified":"2021-01-30T16:57:09","modified_gmt":"2021-01-30T16:57:09","slug":"etui-na-smartfon-spigen-slim-armor-do-apple-iphone-xs-max-rozowe-zloto-065cs25157","status":"publish","type":"product","link":"https:\/\/taniabonament.pl\/telefony\/produkt\/etui-na-smartfon-spigen-slim-armor-do-apple-iphone-xs-max-rozowe-zloto-065cs25157\/","title":{"rendered":"Etui na smartfon SPIGEN Slim Armor do Apple iPhone XS Max R\u00f3\u017cowe z\u0142oto 065CS25157"},"content":{"rendered":"<p><strong>Jakie etui do iphone&#8217;a kupi\u0107?<\/strong><\/p>\n<p>To dopasowane etui-case do iPhone&#8217;a  kupisz w promocyjnej cenie 9.97 PLN w sklepie <a href=\"https:\/\/converti.se\/click\/34590059-c70e8160-5f3ed3bc\/?sid=etui-iphone&#038;tag6=product&#038;tag8=b8086155c1a33170009aa60b39d6b43a&#038;tag9=Etui+na+smartfon+SPIGEN+Slim+Armor+do+Apple+iPhone+XS+Max+R%C3%B3%C5%BCowe+z%C5%82oto+065CS25157\" rel=\"noopener nofollow\" target=\"_blank\">Media Markt<\/a><\/p>\n","protected":false},"excerpt":{"rendered":"<h4>Szukasz dobrego <strong>etui do iPhone&#8217;a<\/strong>? <\/h4>\n<p style='padding: 17px 0px;'><span style='color: #fff; background-color: yellowgreen; padding: 2px 7px;border-left: 13px solid #000000;'>promocja &#8211; <\/span><\/p>\n<p style='padding-top: 10px;'>Etui na smartfon SPIGEN, cechy i zalety: <\/p>\n<ul style='padding-left: 45px; padding-bottom: 10px;'>\n<li style='padding-top: 10px;'> Etui doskonale chroni telefon przez upadkiem, dzi\u0119ki naro\u017cnikom z technologi\u0105 \u201epoduszki powietrznej\u201d<\/li>\n<li style='padding-top: 10px;'> podczas ogl\u0105dania film\u00f3w<\/li>\n<li style='padding-top: 10px;'><strong> podczas ogl\u0105dania film\u00f3w<\/strong><\/li>\n<li style='padding-top: 10px;'> Dodatkowa n\u00f3\u017cka sprzyja r\u00f3wnie\u017c wygodzie u\u017cytkowania, np<\/li>\n<li style='padding-top: 10px;'>Etui na smartfon SPIGEN.  Dodatkowa n\u00f3\u017cka sprzyja r\u00f3wnie\u017c wygodzie u\u017cytkowania, np<\/li>\n<li style='padding-top: 10px;'> Etui nie zakrywa \u017cadnego przycisku czy te\u017c slotu, wszystkie sloty oraz przyciski znajduj\u0105ce si\u0119 po bokach s\u0105 swobodnie dost\u0119pne<\/li>\n<li style='padding-top: 10px;'>Etui SPIGEN SLIM ARMOR oferuje wysoki komfort i elegancj\u0119<\/li>\n<li style='padding-top: 10px;'> Wykonane jest z najlepszej klasy poliw\u0119glanu i TPU, sk\u0142ada si\u0119 z 2 cz\u0119\u015bci<\/li>\n<\/ul>\n<p style='padding: 10px; font-weight: bold; background-color: aliceblue;'>Dost\u0119pno\u015b\u0107:<\/p>\n<p><img src='https:\/\/taniabonament.pl\/telefony\/wp-content\/uploads\/sklepylogo\/mediamarkt-logo.png' style='padding-top: 15px; padding-left: 48px;' alt='Media Markt sklep' \/><\/p>\n","protected":false},"featured_media":56869,"comment_status":"closed","ping_status":"open","template":"","meta":[],"product_brand":[],"product_cat":[815],"product_tag":[],"class_list":{"0":"post-56868","1":"product","2":"type-product","3":"status-publish","6":"product_cat-etui-iphone","7":"pa_cena-9-97-pln","8":"pa_producent-spigen","9":"pa_sklep-media-markt","10":"pa_typ-telefony-i-smartfony-akcesoria-etui","12":"first","13":"instock","14":"product-type-external"},"_links":{"self":[{"href":"https:\/\/taniabonament.pl\/telefony\/wp-json\/wp\/v2\/product\/56868","targetHints":{"allow":["GET"]}}],"collection":[{"href":"https:\/\/taniabonament.pl\/telefony\/wp-json\/wp\/v2\/product"}],"about":[{"href":"https:\/\/taniabonament.pl\/telefony\/wp-json\/wp\/v2\/types\/product"}],"replies":[{"embeddable":true,"href":"https:\/\/taniabonament.pl\/telefony\/wp-json\/wp\/v2\/comments?post=56868"}],"wp:featuredmedia":[{"embeddable":true,"href":"https:\/\/taniabonament.pl\/telefony\/wp-json\/wp\/v2\/media\/56869"}],"wp:attachment":[{"href":"https:\/\/taniabonament.pl\/telefony\/wp-json\/wp\/v2\/media?parent=56868"}],"wp:term":[{"taxonomy":"product_brand","embeddable":true,"href":"https:\/\/taniabonament.pl\/telefony\/wp-json\/wp\/v2\/product_brand?post=56868"},{"taxonomy":"product_cat","embeddable":true,"href":"https:\/\/taniabonament.pl\/telefony\/wp-json\/wp\/v2\/product_cat?post=56868"},{"taxonomy":"product_tag","embeddable":true,"href":"https:\/\/taniabonament.pl\/telefony\/wp-json\/wp\/v2\/product_tag?post=56868"}],"curies":[{"name":"wp","href":"https:\/\/api.w.org\/{rel}","templated":true}]}}