{"id":56862,"date":"2021-01-30T16:57:08","date_gmt":"2021-01-30T16:57:08","guid":{"rendered":"https:\/\/taniabonament.pl\/telefony\/produkt\/etui-na-smartfon-puro-booklet-wallet-case-do-apple-iphone-xs-x-czarny-ipcxbookc4blk\/"},"modified":"2021-01-30T16:57:08","modified_gmt":"2021-01-30T16:57:08","slug":"etui-na-smartfon-puro-booklet-wallet-case-do-apple-iphone-xs-x-czarny-ipcxbookc4blk","status":"publish","type":"product","link":"https:\/\/taniabonament.pl\/telefony\/produkt\/etui-na-smartfon-puro-booklet-wallet-case-do-apple-iphone-xs-x-czarny-ipcxbookc4blk\/","title":{"rendered":"Etui na smartfon PURO Booklet Wallet Case do Apple iPhone XS\/X Czarny IPCXBOOKC4BLK"},"content":{"rendered":"<p><strong>Jakie etui do iphone&#8217;a kupi\u0107?<\/strong><\/p>\n<p>To dopasowane etui-case do iPhone&#8217;a  kupisz w promocyjnej cenie 4.97 PLN w sklepie <a href=\"https:\/\/converti.se\/click\/34590059-c70e8160-5f3ed3bc\/?sid=etui-iphone&#038;tag6=product&#038;tag8=e455b09a43fa340477fd10cb1a82fe68&#038;tag9=Etui+na+smartfon+PURO+Booklet+Wallet+Case+do+Apple+iPhone+XS%2FX+Czarny+IPCXBOOKC4BLK\" rel=\"noopener\">Media Markt<\/a><\/p>\n","protected":false},"excerpt":{"rendered":"<h4>Szukasz dobrego <strong>etui do iPhone&#8217;a<\/strong>? <\/h4>\n<p style='padding: 17px 0px;'><span style='color: #fff; background-color: yellowgreen; padding: 2px 7px;border-left: 13px solid #000000;'>promocja &#8211; <\/span><\/p>\n<p style='padding-top: 10px;'>Etui na smartfon PURO, cechy i zalety: <\/p>\n<ul style='padding-left: 45px; padding-bottom: 10px;'>\n<li style='padding-top: 10px;'> Eleganckie i funkcjonalne etui Puro Booklet Wallet Case, kt\u00f3re opr\u00f3cz swojego g\u0142\u00f3wnego zadania ochrony smartfona, pe\u0142ni r\u00f3wnie\u017c funkcj\u0119 portfela oraz wygodnego standu<\/li>\n<li style='padding-top: 10px;'>Korzy\u015bci: Przeznaczone dla Apple iPhone XS i iPhone X 3 wewn\u0119trzne kieszenie na karty p\u0142atnicze, dow\u00f3d osobisty lub prawo jazdy 1 wi\u0119ksza kiesze\u0144 na banknoty lub inne dokumenty Pe\u0142na ochrona ze wszystkich stron Perfekcyjne wykonanie gwarantuj\u0105ce solidne oparcie dla telefonu Funkcja wygodnego standu poprzez odpowiednie u\u0142o\u017cenie przedniej klapki Otwierana po d\u0142u\u017cszej kraw\u0119dzi przednia klapka z magnetycznym zamkni\u0119ciem Wykonanie z ekologicznej sk\u00f3ry + ty\u0142 z polikarbonu Dost\u0119p do wszystkich klawiszy funkcyjnych, gniazd i port\u00f3w telefonu Etui kompatybilne z bezprzewodowym \u0142adowaniem Etui kompatybilne z Apple Pay<\/li>\n<\/ul>\n<p style='padding: 10px; font-weight: bold; background-color: aliceblue;'>Dost\u0119pno\u015b\u0107:<\/p>\n<p><img src='https:\/\/taniabonament.pl\/telefony\/wp-content\/uploads\/sklepylogo\/mediamarkt-logo.png' style='padding-top: 15px; padding-left: 48px;' alt='Media Markt sklep' \/><\/p>\n","protected":false},"featured_media":56863,"comment_status":"closed","ping_status":"open","template":"","meta":[],"product_brand":[],"product_cat":[815],"product_tag":[],"class_list":{"0":"post-56862","1":"product","2":"type-product","3":"status-publish","6":"product_cat-etui-iphone","7":"pa_cena-4-97-pln","8":"pa_producent-puro","9":"pa_sklep-media-markt","10":"pa_typ-telefony-i-smartfony-akcesoria-etui","12":"first","13":"instock","14":"product-type-external"},"_links":{"self":[{"href":"https:\/\/taniabonament.pl\/telefony\/wp-json\/wp\/v2\/product\/56862","targetHints":{"allow":["GET"]}}],"collection":[{"href":"https:\/\/taniabonament.pl\/telefony\/wp-json\/wp\/v2\/product"}],"about":[{"href":"https:\/\/taniabonament.pl\/telefony\/wp-json\/wp\/v2\/types\/product"}],"replies":[{"embeddable":true,"href":"https:\/\/taniabonament.pl\/telefony\/wp-json\/wp\/v2\/comments?post=56862"}],"wp:featuredmedia":[{"embeddable":true,"href":"https:\/\/taniabonament.pl\/telefony\/wp-json\/wp\/v2\/media\/56863"}],"wp:attachment":[{"href":"https:\/\/taniabonament.pl\/telefony\/wp-json\/wp\/v2\/media?parent=56862"}],"wp:term":[{"taxonomy":"product_brand","embeddable":true,"href":"https:\/\/taniabonament.pl\/telefony\/wp-json\/wp\/v2\/product_brand?post=56862"},{"taxonomy":"product_cat","embeddable":true,"href":"https:\/\/taniabonament.pl\/telefony\/wp-json\/wp\/v2\/product_cat?post=56862"},{"taxonomy":"product_tag","embeddable":true,"href":"https:\/\/taniabonament.pl\/telefony\/wp-json\/wp\/v2\/product_tag?post=56862"}],"curies":[{"name":"wp","href":"https:\/\/api.w.org\/{rel}","templated":true}]}}