{"id":4152,"date":"2021-01-27T12:05:21","date_gmt":"2021-01-27T12:05:21","guid":{"rendered":"https:\/\/taniabonament.pl\/telefony\/produkt\/doogee-smartfon-y9-plus-4gb-64gb-czarny\/"},"modified":"2021-01-27T12:05:22","modified_gmt":"2021-01-27T12:05:22","slug":"doogee-smartfon-y9-plus-4gb-64gb-czarny","status":"publish","type":"product","link":"https:\/\/taniabonament.pl\/telefony\/produkt\/doogee-smartfon-y9-plus-4gb-64gb-czarny\/","title":{"rendered":"Doogee smartfon Y9 Plus, 4GB\/64GB, czarny"},"content":{"rendered":"<p>Ten smartfon kupisz w dobrej cenie w sklepie <a href=\"https:\/\/converti.se\/click\/34590059-c70e8160-5f3fd1b8\/?deep_link=https%3A%2F%2Fwww.mall.pl%2Fsmartfony%2Fdoogee-smartfon-y9-plus-4gb-64gb-czarny&#038;sid=smartfony-doogee&#038;tag6=product&#038;tag8=f61d057469cfe21be175694494322a5a&#038;tag9=Doogee+smartfon+Y9+Plus%2C+4GB%2F64GB%2C+czarny\" rel=\"noopener\">Mall.pl<\/a><\/p>\n","protected":false},"excerpt":{"rendered":"<h4>W poszukiwaniu taniego <strong>nowego smartfona DooGee<\/strong>? <\/h4>\n<p style='padding: 17px 0px;'><span style='color: #fff; background-color: yellowgreen; padding: 2px 7px;border-left: 13px solid #000000;'>promocja &#8211; <\/span><\/p>\n<p style='padding-top: 10px;'>Doogee smartfon Y9 Plus,, cechy i zalety: <\/p>\n<ul style='padding-left: 45px; padding-bottom: 10px;'>\n<li style='padding-top: 10px;'> 0, 8-rdzeniowy procesor MTK 6763V\/V, 4 GB\/64 GB, hybrydowy slot na kart\u0119 pami\u0119ci, Dual SIM<\/li>\n<li style='padding-top: 10px;'> Atrakcyjny design<\/li>\n<li style='padding-top: 10px;'><strong>Smartfon z wy\u015bwietlaczem 6,3&#8243; o rozdzielczo\u015bci 2280\u00d71080 px, system operacyjny Android 9<\/strong><\/li>\n<li style='padding-top: 10px;'>Doogee smartfon Y9 Plus,.  Potr\u00f3jny, szerokok\u0105tny aparat z rozdzielczo\u015bci\u0105 16 + 8 + +8 Mpx, 16Mpx aparat selfie<\/li>\n<li style='padding-top: 10px;'> D\u0142uga \u017cywotno\u015b\u0107 baterii o pojemno\u015bci 4350 mAh, czytnik linii papilarnych, odblokowanie za pomoc\u0105 skanu twarzy<\/li>\n<\/ul>\n<p style='padding: 10px; font-weight: bold; background-color: aliceblue;'>Dost\u0119pno\u015b\u0107:<\/p>\n<p><img src='https:\/\/taniabonament.pl\/telefony\/wp-content\/uploads\/sklepylogo\/mall-pl-logo.png' style='padding-top: 15px; padding-left: 48px;' alt='Mall.pl sklep' \/><\/p>\n","protected":false},"featured_media":53685,"comment_status":"closed","ping_status":"open","template":"","meta":[],"product_brand":[],"product_cat":[265],"product_tag":[],"class_list":{"0":"post-4152","1":"product","2":"type-product","3":"status-publish","6":"product_cat-doogee","7":"pa_kolor-true","8":"pa_model-dge000491","9":"pa_producent-doogee","10":"pa_sklep-mall-pl","12":"first","13":"instock","14":"product-type-external"},"_links":{"self":[{"href":"https:\/\/taniabonament.pl\/telefony\/wp-json\/wp\/v2\/product\/4152","targetHints":{"allow":["GET"]}}],"collection":[{"href":"https:\/\/taniabonament.pl\/telefony\/wp-json\/wp\/v2\/product"}],"about":[{"href":"https:\/\/taniabonament.pl\/telefony\/wp-json\/wp\/v2\/types\/product"}],"replies":[{"embeddable":true,"href":"https:\/\/taniabonament.pl\/telefony\/wp-json\/wp\/v2\/comments?post=4152"}],"wp:featuredmedia":[{"embeddable":true,"href":"https:\/\/taniabonament.pl\/telefony\/wp-json\/wp\/v2\/media\/53685"}],"wp:attachment":[{"href":"https:\/\/taniabonament.pl\/telefony\/wp-json\/wp\/v2\/media?parent=4152"}],"wp:term":[{"taxonomy":"product_brand","embeddable":true,"href":"https:\/\/taniabonament.pl\/telefony\/wp-json\/wp\/v2\/product_brand?post=4152"},{"taxonomy":"product_cat","embeddable":true,"href":"https:\/\/taniabonament.pl\/telefony\/wp-json\/wp\/v2\/product_cat?post=4152"},{"taxonomy":"product_tag","embeddable":true,"href":"https:\/\/taniabonament.pl\/telefony\/wp-json\/wp\/v2\/product_tag?post=4152"}],"curies":[{"name":"wp","href":"https:\/\/api.w.org\/{rel}","templated":true}]}}