{"id":40903,"date":"2020-12-30T20:48:41","date_gmt":"2020-12-30T20:48:41","guid":{"rendered":"https:\/\/taniabonament.pl\/telefony\/produkt\/produkt-z-outletu-smartfon-nokia-8-1-srebrny\/"},"modified":"2020-12-30T20:48:44","modified_gmt":"2020-12-30T20:48:44","slug":"produkt-z-outletu-smartfon-nokia-8-1-srebrny","status":"publish","type":"product","link":"https:\/\/taniabonament.pl\/telefony\/produkt\/produkt-z-outletu-smartfon-nokia-8-1-srebrny\/","title":{"rendered":"Produkt z outletu: Smartfon NOKIA 8.1 Srebrny"},"content":{"rendered":"<p>Ten telefon kupisz w bardzo dobrej cenie w sklepie <a href=\"https:\/\/converti.se\/click\/34590059-c70e8160-5f3ed3bc\/?deep_link=https%3A%2F%2Fmediamarkt.pl%2Ftelefony-i-smartfony%2Fsmartfon-nokia-8-1-srebrny-63%3Futm_source%3Dtradedoublerxml%26utm_medium%3Daffiliate%26utm_term%3Dtradedoubler_xml%26utm_campaign%3Dtradedoubler_xml&#038;sid=smartfony-nokia&#038;tag6=product&#038;tag8=3428d8881cc7f42b38e23f9cfa201227&#038;tag9=Produkt+z+outletu%3A+Smartfon+NOKIA+8.1+Srebrny\" rel=\"noopener\">Media Markt<\/a><\/p>\n","protected":false},"excerpt":{"rendered":"<p>Cechy: <\/p>\n<ul style='padding-left: 10px; padding-bottom: 10px;'>\n<li style='padding-top: 10px;'>Metalowy, anodowany korpus telefonu Nokia 8.1 w dw\u00f3ch odcieniach spe\u0142nia wysokie kryteria test\u00f3w i zapewnia trwa\u0142o\u015b\u0107 w codziennym u\u017cytkowaniu\n<li style='padding-top: 10px;'>Minimalistyczne wzornictwo i wysoka precyzja wykonania odpowiadaj\u0105 za wyrafinowany, elegancki wygl\u0105d tego modelu, kt\u00f3ry przyci\u0105ga uwag\u0119.Korzy\u015bci: Elegancki, minimalistyczny wygl\u0105d O\u015bmiordzeniowy procesor Qualcomm Snapdragon 710 gwarantuje efektywn\u0105 prac\u0119 wszystkich funkcji urz\u0105dzenia \u015awietne odwzorowanie kolor\u00f3w i ostry obraz zapewni ekran 6.18&#8243; edge-to-edge PureDisplay o rozdzielczo\u015bci 900 x 1600 pikseli Du\u017co miejsca na potrzebne dane znajdziesz w pami\u0119ci wewn\u0119trznej 64 GB Podw\u00f3jny tylny aparat o rozdzielczo\u015bci 12 + 13 Mpix z elementami optycznymi firmy ZEISS pozwoli na wykonywanie doskona\u0142ej jako\u015bci zdj\u0119\u0107 Adaptacyjny aparat przedni o rozdzielczo\u015bci 20 Mpix robi znakomite zdj\u0119cia przy s\u0142abszym o\u015bwietleniu, skuteczniej wychwytuj\u0105c \u015bwiat\u0142o dzi\u0119ki \u0142\u0105czeniu czterech pikseli w jeden Nagrywaj \u0142atwiejsze do publikacji transmisje na \u017cywo w trybie Dual-Sight, dodaj\u0105c postacie 3D, filtry i maski Szybk\u0105 \u0142\u0105czno\u015b\u0107 z internetem osi\u0105gniesz dzi\u0119kitechnologii LTE kat\n<li style='padding-top: 10px;'>6 Smartfon jako nawigacja dzi\u0119ki modu\u0142owi GPS Czytnik linii papilarnych dodatkowo zabezpieczy przechowywane dane Android 9.0 Pie jest szybki, wydajny, a przy tym \u0142atwy i intuicyjny w u\u017cyciu Obs\u0142uga dw\u00f3ch kart SIM&#8230;<\/ul>\n<p style='padding: 10px; font-weight: bold; background-color: aliceblue;'>Dost\u0119pno\u015b\u0107:<\/p>\n<p><img src='https:\/\/taniabonament.pl\/telefony\/wp-content\/uploads\/sklepylogo\/mediamarkt-logo.png' style='padding-top: 15px; padding-left: 48px;' alt='Media Markt sklep' \/><\/p>\n","protected":false},"featured_media":48421,"comment_status":"closed","ping_status":"open","template":"","meta":[],"product_brand":[],"product_cat":[197],"product_tag":[],"class_list":{"0":"post-40903","1":"product","2":"type-product","3":"status-publish","6":"product_cat-nokia","7":"pa_producent-nokia","8":"pa_sklep-media-markt","10":"first","11":"instock","12":"product-type-external"},"_links":{"self":[{"href":"https:\/\/taniabonament.pl\/telefony\/wp-json\/wp\/v2\/product\/40903","targetHints":{"allow":["GET"]}}],"collection":[{"href":"https:\/\/taniabonament.pl\/telefony\/wp-json\/wp\/v2\/product"}],"about":[{"href":"https:\/\/taniabonament.pl\/telefony\/wp-json\/wp\/v2\/types\/product"}],"replies":[{"embeddable":true,"href":"https:\/\/taniabonament.pl\/telefony\/wp-json\/wp\/v2\/comments?post=40903"}],"wp:featuredmedia":[{"embeddable":true,"href":"https:\/\/taniabonament.pl\/telefony\/wp-json\/wp\/v2\/media\/48421"}],"wp:attachment":[{"href":"https:\/\/taniabonament.pl\/telefony\/wp-json\/wp\/v2\/media?parent=40903"}],"wp:term":[{"taxonomy":"product_brand","embeddable":true,"href":"https:\/\/taniabonament.pl\/telefony\/wp-json\/wp\/v2\/product_brand?post=40903"},{"taxonomy":"product_cat","embeddable":true,"href":"https:\/\/taniabonament.pl\/telefony\/wp-json\/wp\/v2\/product_cat?post=40903"},{"taxonomy":"product_tag","embeddable":true,"href":"https:\/\/taniabonament.pl\/telefony\/wp-json\/wp\/v2\/product_tag?post=40903"}],"curies":[{"name":"wp","href":"https:\/\/api.w.org\/{rel}","templated":true}]}}