{"id":40901,"date":"2020-12-30T20:48:57","date_gmt":"2020-12-30T20:48:57","guid":{"rendered":"https:\/\/taniabonament.pl\/telefony\/produkt\/smartfon-nokia-1-3-dual-sim-czarny\/"},"modified":"2020-12-30T20:48:59","modified_gmt":"2020-12-30T20:48:59","slug":"smartfon-nokia-1-3-dual-sim-czarny","status":"publish","type":"product","link":"https:\/\/taniabonament.pl\/telefony\/produkt\/smartfon-nokia-1-3-dual-sim-czarny\/","title":{"rendered":"Smartfon NOKIA 1.3 Dual SIM Czarny"},"content":{"rendered":"<p>Ten telefon kupisz w bardzo dobrej cenie w sklepie <a href=\"https:\/\/converti.se\/click\/34590059-c70e8160-5f3ed3bc\/?deep_link=https%3A%2F%2Fmediamarkt.pl%2Ftelefony-i-smartfony%2Fsmartfon-nokia-1-3-dual-sim-czarny%3Futm_source%3Dtradedoublerxml%26utm_medium%3Daffiliate%26utm_term%3Dtradedoubler_xml%26utm_campaign%3Dtradedoubler_xml&#038;sid=smartfony-nokia&#038;tag6=product&#038;tag8=077a5e70ebd8f030b829f24ed2114130&#038;tag9=Smartfon+NOKIA+1.3+Dual+SIM+Czarny\" rel=\"noopener\">Media Markt<\/a><\/p>\n","protected":false},"excerpt":{"rendered":"<p>Cechy: <\/p>\n<ul style='padding-left: 10px; padding-bottom: 10px;'>\n<li style='padding-top: 10px;'>Telefon Nokia 1.3 mo\u017cna scharakteryzowa\u0107 kr\u00f3tkim has\u0142em: znacznie wi\u0119cej\n<li style='padding-top: 10px;'>Mieszcz\u0105cy wi\u0119cej tre\u015bci du\u017cy wy\u015bwietlacz HD+ o przek\u0105tnej 5.71 cala, funkcje fotograficzne umo\u017cliwiaj\u0105ce robienie znakomitych zdj\u0119\u0107 przy s\u0142abym o\u015bwietleniu po zachodzie s\u0142o\u0144ca oraz ca\u0142odzienna bateria, kt\u00f3ra zapewnia energi\u0119 na d\u0142u\u017cej\n<li style='padding-top: 10px;'>Do tego system Android 10 (wersja Go) pozwalaj\u0105cy za\u0142atwia\u0107 sprawy szybciej i bezpieczniej.Korzy\u015bci: Procesor Qualcomm QM215 gwarantuje efektywn\u0105 prac\u0119 wszystkich funkcji urz\u0105dzenia \u015awietne odwzorowanie kolor\u00f3w i ostry obraz zapewniekran 5.71 cala o rozdzielczo\u015bci 720 x 1520 pikseli i proporcjach 19:9 Miejsce na potrzebne dane znajdziesz w pami\u0119ci wewn\u0119trznej 16 GB Doskona\u0142\u0105 jako\u015b\u0107 zdj\u0119\u0107 nawet przy s\u0142abym o\u015bwietleniu zapewni aparat fotograficzny 8 Mpix z funkcjami sztucznej inteligencji Przedni aparat 5 Mpix do selfie i wideorozm\u00f3w Szybk\u0105 \u0142\u0105czno\u015b\u0107 z internetem osi\u0105gniesz dzi\u0119kitechnologii LTE Bateria o pojemno\u015bci 3000 mAhzapewnia energi\u0119 na ca\u0142y dzie\u0144 Osobny przycisk Asystenta Google sprawia, \u017ce przy u\u017cyciu samego g\u0142osu mo\u017cesz sprawdza\u0107 pogod\u0119, dzwoni\u0107 do znajomych, wy\u015bwietla\u0107 aktualne informacje i wykonywa\u0107 wiele innych czynno\u015bci Najnowszy system Android 10 (wersja Go) pozwala na szybsze i bezpieczniejsze za\u0142atwianie spraw&#8230;<\/ul>\n<p style='padding: 10px; font-weight: bold; background-color: aliceblue;'>Dost\u0119pno\u015b\u0107:<\/p>\n<p><img src='https:\/\/taniabonament.pl\/telefony\/wp-content\/uploads\/sklepylogo\/mediamarkt-logo.png' style='padding-top: 15px; padding-left: 48px;' alt='Media Markt sklep' \/><\/p>\n","protected":false},"featured_media":48452,"comment_status":"closed","ping_status":"open","template":"","meta":[],"product_brand":[],"product_cat":[197],"product_tag":[],"class_list":{"0":"post-40901","1":"product","2":"type-product","3":"status-publish","6":"product_cat-nokia","7":"pa_producent-nokia","8":"pa_sklep-media-markt","10":"first","11":"instock","12":"product-type-external"},"_links":{"self":[{"href":"https:\/\/taniabonament.pl\/telefony\/wp-json\/wp\/v2\/product\/40901","targetHints":{"allow":["GET"]}}],"collection":[{"href":"https:\/\/taniabonament.pl\/telefony\/wp-json\/wp\/v2\/product"}],"about":[{"href":"https:\/\/taniabonament.pl\/telefony\/wp-json\/wp\/v2\/types\/product"}],"replies":[{"embeddable":true,"href":"https:\/\/taniabonament.pl\/telefony\/wp-json\/wp\/v2\/comments?post=40901"}],"wp:featuredmedia":[{"embeddable":true,"href":"https:\/\/taniabonament.pl\/telefony\/wp-json\/wp\/v2\/media\/48452"}],"wp:attachment":[{"href":"https:\/\/taniabonament.pl\/telefony\/wp-json\/wp\/v2\/media?parent=40901"}],"wp:term":[{"taxonomy":"product_brand","embeddable":true,"href":"https:\/\/taniabonament.pl\/telefony\/wp-json\/wp\/v2\/product_brand?post=40901"},{"taxonomy":"product_cat","embeddable":true,"href":"https:\/\/taniabonament.pl\/telefony\/wp-json\/wp\/v2\/product_cat?post=40901"},{"taxonomy":"product_tag","embeddable":true,"href":"https:\/\/taniabonament.pl\/telefony\/wp-json\/wp\/v2\/product_tag?post=40901"}],"curies":[{"name":"wp","href":"https:\/\/api.w.org\/{rel}","templated":true}]}}