{"id":40899,"date":"2020-12-30T20:49:08","date_gmt":"2020-12-30T20:49:08","guid":{"rendered":"https:\/\/taniabonament.pl\/telefony\/produkt\/nokia-smartfon-2-4-2gb-32gb-charcoal-2\/"},"modified":"2020-12-30T20:49:21","modified_gmt":"2020-12-30T20:49:21","slug":"nokia-smartfon-2-4-2gb-32gb-charcoal","status":"publish","type":"product","link":"https:\/\/taniabonament.pl\/telefony\/produkt\/nokia-smartfon-2-4-2gb-32gb-charcoal\/","title":{"rendered":"Nokia smartfon 2.4, 2GB\/32GB, Charcoal"},"content":{"rendered":"<p>Ten telefon kupisz w bardzo dobrej cenie w sklepie <a href=\"https:\/\/converti.se\/click\/34590059-c70e8160-5f3fd1b8\/?deep_link=https%3A%2F%2Fwww.mall.pl%2Fsmartfony%2Fnokia-smartfon-2-4-2gb-32gb-charcoal&#038;sid=smartfony-nokia&#038;tag6=product&#038;tag8=3fca74201977a923c91b5cbddf22bf9f&#038;tag9=Nokia+smartfon+2.4%2C+2GB%2F32GB%2C+Charcoal\" rel=\"noopener\">Mall.pl<\/a><\/p>\n","protected":false},"excerpt":{"rendered":"<p>Cechy: <\/p>\n<ul style='padding-left: 10px; padding-bottom: 10px;'>\n<li style='padding-top: 10px;'>Wy\u015bwietlacz 6,5&#8243; IPS z rozdzielczo\u015bci\u0105 1520\u00d7720 px, Android 10 z obs\u0142ug\u0105 Android 11, 4-rdzeniowy procesor MediaTek Helio P22, 2 GB\/32 GB, Dual SIM, dedykowany slot na kart\u0119 pami\u0119ci\n<li style='padding-top: 10px;'>Podw\u00f3jny aparat o rozdzielczo\u015bci 13 + 2 Mpx, tryb fotografowania w nocy, aparat selfie 5 Mpx\n<li style='padding-top: 10px;'>Bateria o du\u017cej pojemno\u015bci 4500 mAh, czytnik linii papilarnych, NFC, po\u0142\u0105czenie LTE.<\/ul>\n<p style='padding: 10px; font-weight: bold; background-color: aliceblue;'>Dost\u0119pno\u015b\u0107:<\/p>\n<p><img src='https:\/\/taniabonament.pl\/telefony\/wp-content\/uploads\/sklepylogo\/mall-pl-logo.png' style='padding-top: 15px; padding-left: 48px;' alt='Mall.pl sklep' \/><\/p>\n","protected":false},"featured_media":48486,"comment_status":"closed","ping_status":"open","template":"","meta":[],"product_brand":[],"product_cat":[197],"product_tag":[],"class_list":{"0":"post-40899","1":"product","2":"type-product","3":"status-publish","6":"product_cat-nokia","7":"pa_kolor-true","8":"pa_model-ta-1270","9":"pa_producent-nokia","10":"pa_sklep-mall-pl","12":"first","13":"instock","14":"sale","15":"product-type-external"},"_links":{"self":[{"href":"https:\/\/taniabonament.pl\/telefony\/wp-json\/wp\/v2\/product\/40899","targetHints":{"allow":["GET"]}}],"collection":[{"href":"https:\/\/taniabonament.pl\/telefony\/wp-json\/wp\/v2\/product"}],"about":[{"href":"https:\/\/taniabonament.pl\/telefony\/wp-json\/wp\/v2\/types\/product"}],"replies":[{"embeddable":true,"href":"https:\/\/taniabonament.pl\/telefony\/wp-json\/wp\/v2\/comments?post=40899"}],"wp:featuredmedia":[{"embeddable":true,"href":"https:\/\/taniabonament.pl\/telefony\/wp-json\/wp\/v2\/media\/48486"}],"wp:attachment":[{"href":"https:\/\/taniabonament.pl\/telefony\/wp-json\/wp\/v2\/media?parent=40899"}],"wp:term":[{"taxonomy":"product_brand","embeddable":true,"href":"https:\/\/taniabonament.pl\/telefony\/wp-json\/wp\/v2\/product_brand?post=40899"},{"taxonomy":"product_cat","embeddable":true,"href":"https:\/\/taniabonament.pl\/telefony\/wp-json\/wp\/v2\/product_cat?post=40899"},{"taxonomy":"product_tag","embeddable":true,"href":"https:\/\/taniabonament.pl\/telefony\/wp-json\/wp\/v2\/product_tag?post=40899"}],"curies":[{"name":"wp","href":"https:\/\/api.w.org\/{rel}","templated":true}]}}