{"id":40897,"date":"2020-12-30T20:48:57","date_gmt":"2020-12-30T20:48:57","guid":{"rendered":"https:\/\/taniabonament.pl\/telefony\/produkt\/smartfon-nokia-5-3-dualsim-4-64gb-zielony-satyna\/"},"modified":"2020-12-30T20:49:06","modified_gmt":"2020-12-30T20:49:06","slug":"smartfon-nokia-5-3-dualsim-4-64gb-zielony-satyna","status":"publish","type":"product","link":"https:\/\/taniabonament.pl\/telefony\/produkt\/smartfon-nokia-5-3-dualsim-4-64gb-zielony-satyna\/","title":{"rendered":"Smartfon NOKIA 5.3 DualSIM 4\/64GB Zielony satyna"},"content":{"rendered":"<p>Ten telefon kupisz w bardzo dobrej cenie w sklepie <a href=\"https:\/\/converti.se\/click\/34590059-c70e8160-5f3ed3bc\/?deep_link=https%3A%2F%2Fmediamarkt.pl%2Ftelefony-i-smartfony%2Fsmartfon-nokia-5-3-dualsim-4-64gb-zielony-satyna%3Futm_source%3Dtradedoublerxml%26utm_medium%3Daffiliate%26utm_term%3Dtradedoubler_xml%26utm_campaign%3Dtradedoubler_xml&#038;sid=smartfony-nokia&#038;tag6=product&#038;tag8=01d1e62f926e93b2f5c526d85681f106&#038;tag9=Smartfon+NOKIA+5.3+DualSIM+4%2F64GB+Zielony+satyna\" rel=\"noopener\">Media Markt<\/a><\/p>\n","protected":false},"excerpt":{"rendered":"<p>Cechy: <\/p>\n<ul style='padding-left: 10px; padding-bottom: 10px;'>\n<li style='padding-top: 10px;'>Ze smartfonem Nokia 5.3 mo\u017cesz osi\u0105gna\u0107 wi\u0119cej\n<li style='padding-top: 10px;'>Niesamowity poczw\u00f3rny aparat pozwala przekroczy\u0107 dotychczasowe granice fotografii\n<li style='padding-top: 10px;'>Ogromny ekran o przek\u0105tnej 6.55 cala jest bram\u0105 do \u015bwiata rozrywki\n<li style='padding-top: 10px;'>Dzi\u0119ki baterii o 2-dniowym czasie dzia\u0142ania ju\u017c nie musisz si\u0119 martwi\u0107, \u017ce zabraknie energii\n<li style='padding-top: 10px;'>Natomiast procesor Qualcomm\u00ae Snapdragon\u2122 665 i najnowszy system operacyjny Android 10 \u2014 kt\u00f3ry przez 2 lata b\u0119dzie si\u0119 stawa\u0107 coraz lepszy z ka\u017cdym uaktualnieniem \u2014 pozwalaj\u0105 szybko wykona\u0107 ka\u017cde zadanie.Korzy\u015bci: Elegancki prz\u00f3d wykonany ze szk\u0142a 2.5D i odporny na zarysowania kompozytowy ty\u0142 \u015awietne odwzorowanie kolor\u00f3w i ostry obraz zapewni wy\u015bwietlacz HD+ 6.55&#8243; w rozdzielczo\u015bci 720 x 1600 pikseli O\u015bmiordzeniowy procesor Qualcomm Snapdragon 665 gwarantuje efektywn\u0105 prac\u0119 wszystkich funkcji urz\u0105dzenia Miejsce na potrzebne dane znajdziesz wpami\u0119ci wewn\u0119trznej 64 GB Niesamowity poczw\u00f3rny aparat 13 + 5 + 2 + 2 Mpix z zaawansowanymi funkcjami fotografowania opartymi na sztucznej inteligencji Przedni aparat 8 Mpix pozwoli Ci zrobi\u0107 perfekcyjne selfie Szybk\u0105 \u0142\u0105czno\u015b\u0107 z internetem osi\u0105gniesz dzi\u0119ki technologii LTE kat\n<li style='padding-top: 10px;'>4 Smartfon jako nawigacja dzi\u0119ki modu\u0142owi GPS Obs\u0142uga dw\u00f3ch kart SIM Ciesz si\u0119 energi\u0105 przez 2 dni dzi\u0119ki baterii o pojemno\u015bci 4000 mAh Dost\u0119p do Twojego ulubionego asystenta jest jeszcze \u0142atwiejszy dzi\u0119ki osobnemuprzyciskowi us\u0142ugi Google Assistant System Android 10 jest szybki, wydajny, a przy tym \u0142atwy i intuicyjny w u\u017cyciu&#8230;<\/ul>\n<p style='padding: 10px; font-weight: bold; background-color: aliceblue;'>Dost\u0119pno\u015b\u0107:<\/p>\n<p><img src='https:\/\/taniabonament.pl\/telefony\/wp-content\/uploads\/sklepylogo\/mediamarkt-logo.png' style='padding-top: 15px; padding-left: 48px;' alt='Media Markt sklep' \/><\/p>\n","protected":false},"featured_media":48470,"comment_status":"closed","ping_status":"open","template":"","meta":[],"product_brand":[],"product_cat":[197],"product_tag":[],"class_list":{"0":"post-40897","1":"product","2":"type-product","3":"status-publish","6":"product_cat-nokia","7":"pa_producent-nokia","8":"pa_sklep-media-markt","10":"first","11":"instock","12":"product-type-external"},"_links":{"self":[{"href":"https:\/\/taniabonament.pl\/telefony\/wp-json\/wp\/v2\/product\/40897","targetHints":{"allow":["GET"]}}],"collection":[{"href":"https:\/\/taniabonament.pl\/telefony\/wp-json\/wp\/v2\/product"}],"about":[{"href":"https:\/\/taniabonament.pl\/telefony\/wp-json\/wp\/v2\/types\/product"}],"replies":[{"embeddable":true,"href":"https:\/\/taniabonament.pl\/telefony\/wp-json\/wp\/v2\/comments?post=40897"}],"wp:featuredmedia":[{"embeddable":true,"href":"https:\/\/taniabonament.pl\/telefony\/wp-json\/wp\/v2\/media\/48470"}],"wp:attachment":[{"href":"https:\/\/taniabonament.pl\/telefony\/wp-json\/wp\/v2\/media?parent=40897"}],"wp:term":[{"taxonomy":"product_brand","embeddable":true,"href":"https:\/\/taniabonament.pl\/telefony\/wp-json\/wp\/v2\/product_brand?post=40897"},{"taxonomy":"product_cat","embeddable":true,"href":"https:\/\/taniabonament.pl\/telefony\/wp-json\/wp\/v2\/product_cat?post=40897"},{"taxonomy":"product_tag","embeddable":true,"href":"https:\/\/taniabonament.pl\/telefony\/wp-json\/wp\/v2\/product_tag?post=40897"}],"curies":[{"name":"wp","href":"https:\/\/api.w.org\/{rel}","templated":true}]}}