{"id":40889,"date":"2020-12-30T20:49:08","date_gmt":"2020-12-30T20:49:08","guid":{"rendered":"https:\/\/taniabonament.pl\/telefony\/produkt\/produkt-z-outletu-smartfon-nokia-7-plus-bialy\/"},"modified":"2020-12-30T20:49:20","modified_gmt":"2020-12-30T20:49:20","slug":"produkt-z-outletu-smartfon-nokia-7-plus-bialy","status":"publish","type":"product","link":"https:\/\/taniabonament.pl\/telefony\/produkt\/produkt-z-outletu-smartfon-nokia-7-plus-bialy\/","title":{"rendered":"Produkt z outletu: Smartfon NOKIA 7 Plus Bia\u0142y"},"content":{"rendered":"<p>Ten telefon kupisz w bardzo dobrej cenie w sklepie <a href=\"https:\/\/converti.se\/click\/34590059-c70e8160-5f3ed3bc\/?deep_link=https%3A%2F%2Fmediamarkt.pl%2Ftelefony-i-smartfony%2Fsmartfon-nokia-7-plus-bialy-10%3Futm_source%3Dtradedoublerxml%26utm_medium%3Daffiliate%26utm_term%3Dtradedoubler_xml%26utm_campaign%3Dtradedoubler_xml&#038;sid=smartfony-nokia&#038;tag6=product&#038;tag8=08705bdf9b79e08889774840a8ebc407&#038;tag9=Produkt+z+outletu%3A+Smartfon+NOKIA+7+Plus+Bia%C5%82y\" rel=\"noopener\">Media Markt<\/a><\/p>\n","protected":false},"excerpt":{"rendered":"<p>Cechy: <\/p>\n<ul style='padding-left: 10px; padding-bottom: 10px;'>\n<li style='padding-top: 10px;'>Nokia 7 Plus to nowoczesny smartfon wykonany z najwi\u0119ksz\u0105 precyzj\u0105 aby wyr\u00f3\u017cnia\u0142 si\u0119 ponadprzeci\u0119tnym wzornictwem oraz kolorystyk\u0105\n<li style='padding-top: 10px;'>Wyposa\u017cony w wysokiej klasy aparaty: z matryc\u0105 12 MP i 13 MP z optyk\u0105 ZEISS oraz dwukrotny zoom optyczny zapewniaj\u0105cy nasycone kolory i o\u017cywiaj\u0105cy zdj\u0119cia oraz szerokok\u0105tny przedni, o rozdzielczo\u015bci 16 MP z optyk\u0105 ZEISS oraz wspania\u0142\u0105 wydajno\u015bci\u0105 przy s\u0142abym \u015bwietle\n<li style='padding-top: 10px;'>Ca\u0142o\u015bci dope\u0142nia pi\u0119kny 6 calowy ekran Full HD+ o rozdzielczo\u015bci 2160 x 1080, 18:9 i wspo\u0142czynniku kontrastu 1500:1.Korzy\u015bci: O\u015bmiordzeniowy procesor Qualcomm Snapdragon 660 gwarantuje efektywn\u0105 prac\u0119 wszystkich funkcji urz\u0105dzenia \u015awietne odwzorowanie kolor\u00f3w i ostry obraz zapewni ekran 6 cali LCD full HD+ o rozdzielczo\u015bci 2160 x 1080 pikseli (proporcje 18:9, wsp\u00f3\u0142czynnik kontrastu 1500:1) Du\u017co miejsca na potrzebne dane znajdziesz w pami\u0119ci wewn\u0119trznej 64 GB Doskona\u0142\u0105 jako\u015b\u0107 zdj\u0119\u0107 zapewni aparat fotograficzny (aparat g\u0142\u00f3wny 12 MP 1,4 um f\/1,75 2PD z optyk\u0105 ZEISS i 13 MP 1,0 um f\/2,6 z optyk\u0105 ZEISS) Przednia kamerka 16 Mpix do selfie i wideorozm\u00f3w Nowy tryb Pro Camera to szybka i wygodna metoda dostosowania balansu bieli, ostro\u015bci, ISO, czasu migawki i kompensacji ekspozycji w celu uzyskania wyj\u0105tkowych zdj\u0119\u0107 Szybk\u0105 \u0142\u0105czno\u015b\u0107 z internetem osi\u0105gniesz dzi\u0119ki technologii LTE kat\n<li style='padding-top: 10px;'>6 Smartfon jako nawigacja dzi\u0119ki modu\u0142owi GPS Skaner linii papilarnych dodatkowo zabezpieczy przechowywane dane Android Oreo jest szybki, wydajny, a przy tym \u0142atwy i intuicyjny w u\u017cyciu Pojedynczy g\u0142o\u015bnik z inteligentnym wzmacniaczem oraz trzy mikrofony z d\u017awi\u0119kiem Nokia OZO Audio Zast\u0105p dwa telefony jednym dzi\u0119ki funkcjiDual SIM&#8230;<\/ul>\n<p style='padding: 10px; font-weight: bold; background-color: aliceblue;'>Dost\u0119pno\u015b\u0107:<\/p>\n<p><img src='https:\/\/taniabonament.pl\/telefony\/wp-content\/uploads\/sklepylogo\/mediamarkt-logo.png' style='padding-top: 15px; padding-left: 48px;' alt='Media Markt sklep' \/><\/p>\n","protected":false},"featured_media":48484,"comment_status":"closed","ping_status":"open","template":"","meta":[],"product_brand":[],"product_cat":[197],"product_tag":[],"class_list":{"0":"post-40889","1":"product","2":"type-product","3":"status-publish","6":"product_cat-nokia","7":"pa_producent-nokia","8":"pa_sklep-media-markt","10":"first","11":"instock","12":"product-type-external"},"_links":{"self":[{"href":"https:\/\/taniabonament.pl\/telefony\/wp-json\/wp\/v2\/product\/40889","targetHints":{"allow":["GET"]}}],"collection":[{"href":"https:\/\/taniabonament.pl\/telefony\/wp-json\/wp\/v2\/product"}],"about":[{"href":"https:\/\/taniabonament.pl\/telefony\/wp-json\/wp\/v2\/types\/product"}],"replies":[{"embeddable":true,"href":"https:\/\/taniabonament.pl\/telefony\/wp-json\/wp\/v2\/comments?post=40889"}],"wp:featuredmedia":[{"embeddable":true,"href":"https:\/\/taniabonament.pl\/telefony\/wp-json\/wp\/v2\/media\/48484"}],"wp:attachment":[{"href":"https:\/\/taniabonament.pl\/telefony\/wp-json\/wp\/v2\/media?parent=40889"}],"wp:term":[{"taxonomy":"product_brand","embeddable":true,"href":"https:\/\/taniabonament.pl\/telefony\/wp-json\/wp\/v2\/product_brand?post=40889"},{"taxonomy":"product_cat","embeddable":true,"href":"https:\/\/taniabonament.pl\/telefony\/wp-json\/wp\/v2\/product_cat?post=40889"},{"taxonomy":"product_tag","embeddable":true,"href":"https:\/\/taniabonament.pl\/telefony\/wp-json\/wp\/v2\/product_tag?post=40889"}],"curies":[{"name":"wp","href":"https:\/\/api.w.org\/{rel}","templated":true}]}}