{"id":40887,"date":"2020-12-30T20:49:08","date_gmt":"2020-12-30T20:49:08","guid":{"rendered":"https:\/\/taniabonament.pl\/telefony\/produkt\/smartfon-nokia-5-3-dualsim-4-64gb-czarny-satyna\/"},"modified":"2020-12-30T20:49:09","modified_gmt":"2020-12-30T20:49:09","slug":"smartfon-nokia-5-3-dualsim-4-64gb-czarny-satyna","status":"publish","type":"product","link":"https:\/\/taniabonament.pl\/telefony\/produkt\/smartfon-nokia-5-3-dualsim-4-64gb-czarny-satyna\/","title":{"rendered":"Smartfon NOKIA 5.3 DualSIM 4\/64GB Czarny satyna"},"content":{"rendered":"<p>Ten telefon kupisz w bardzo dobrej cenie w sklepie <a href=\"https:\/\/converti.se\/click\/34590059-c70e8160-5f3ed3bc\/?deep_link=https%3A%2F%2Fmediamarkt.pl%2Ftelefony-i-smartfony%2Fsmartfon-nokia-5-3-dualsim-4-64gb-czarny-satyna%3Futm_source%3Dtradedoublerxml%26utm_medium%3Daffiliate%26utm_term%3Dtradedoubler_xml%26utm_campaign%3Dtradedoubler_xml&#038;sid=smartfony-nokia&#038;tag6=product&#038;tag8=0c3889d1d3ef8266dcb3c05bc4a3a956&#038;tag9=Smartfon+NOKIA+5.3+DualSIM+4%2F64GB+Czarny+satyna\" rel=\"noopener\">Media Markt<\/a><\/p>\n","protected":false},"excerpt":{"rendered":"<p>Cechy: <\/p>\n<ul style='padding-left: 10px; padding-bottom: 10px;'>\n<li style='padding-top: 10px;'>Smartfon NOKIA 5.3 DualSIM 4\/64GB Czarny satyna<\/ul>\n<p style='padding: 10px; font-weight: bold; background-color: aliceblue;'>Dost\u0119pno\u015b\u0107:<\/p>\n<p><img src='https:\/\/taniabonament.pl\/telefony\/wp-content\/uploads\/sklepylogo\/mediamarkt-logo.png' style='padding-top: 15px; padding-left: 48px;' alt='Media Markt sklep' \/><\/p>\n","protected":false},"featured_media":48476,"comment_status":"closed","ping_status":"open","template":"","meta":[],"product_brand":[],"product_cat":[197],"product_tag":[],"class_list":{"0":"post-40887","1":"product","2":"type-product","3":"status-publish","6":"product_cat-nokia","7":"pa_producent-nokia","8":"pa_sklep-media-markt","10":"first","11":"instock","12":"product-type-external"},"_links":{"self":[{"href":"https:\/\/taniabonament.pl\/telefony\/wp-json\/wp\/v2\/product\/40887","targetHints":{"allow":["GET"]}}],"collection":[{"href":"https:\/\/taniabonament.pl\/telefony\/wp-json\/wp\/v2\/product"}],"about":[{"href":"https:\/\/taniabonament.pl\/telefony\/wp-json\/wp\/v2\/types\/product"}],"replies":[{"embeddable":true,"href":"https:\/\/taniabonament.pl\/telefony\/wp-json\/wp\/v2\/comments?post=40887"}],"wp:featuredmedia":[{"embeddable":true,"href":"https:\/\/taniabonament.pl\/telefony\/wp-json\/wp\/v2\/media\/48476"}],"wp:attachment":[{"href":"https:\/\/taniabonament.pl\/telefony\/wp-json\/wp\/v2\/media?parent=40887"}],"wp:term":[{"taxonomy":"product_brand","embeddable":true,"href":"https:\/\/taniabonament.pl\/telefony\/wp-json\/wp\/v2\/product_brand?post=40887"},{"taxonomy":"product_cat","embeddable":true,"href":"https:\/\/taniabonament.pl\/telefony\/wp-json\/wp\/v2\/product_cat?post=40887"},{"taxonomy":"product_tag","embeddable":true,"href":"https:\/\/taniabonament.pl\/telefony\/wp-json\/wp\/v2\/product_tag?post=40887"}],"curies":[{"name":"wp","href":"https:\/\/api.w.org\/{rel}","templated":true}]}}