{"id":39848,"date":"2021-01-27T12:05:31","date_gmt":"2021-01-27T12:05:31","guid":{"rendered":"https:\/\/taniabonament.pl\/telefony\/produkt\/smartfon-doogee-s55-czarny-3\/"},"modified":"2021-01-27T12:05:33","modified_gmt":"2021-01-27T12:05:33","slug":"smartfon-doogee-s55-czarny","status":"publish","type":"product","link":"https:\/\/taniabonament.pl\/telefony\/produkt\/smartfon-doogee-s55-czarny\/","title":{"rendered":"Smartfon DOOGEE S55 Czarny"},"content":{"rendered":"<p>Ten smartfon kupisz w dobrej cenie w sklepie <a href=\"https:\/\/converti.se\/click\/34590059-c70e8160-5f3ed3bc\/?deep_link=https%3A%2F%2Fmediamarkt.pl%2Ftelefony-i-smartfony%2Fsmartfon-doogee-s55-czarny%3Futm_source%3Dtradedoublerxml%26utm_medium%3Daffiliate%26utm_term%3Dtradedoubler_xml%26utm_campaign%3Dtradedoubler_xml&#038;sid=smartfony-doogee&#038;tag6=product&#038;tag8=7e70ce6e89229879d4c98cc141b3689e&#038;tag9=Smartfon+DOOGEE+S55+Czarny\" rel=\"noopener\">Media Markt<\/a><\/p>\n","protected":false},"excerpt":{"rendered":"<h4>W poszukiwaniu taniego <strong>nowego smartfona DooGee<\/strong>? <\/h4>\n<p style='padding: 17px 0px;'><span style='color: #fff; background-color: yellowgreen; padding: 2px 7px;border-left: 13px solid #000000;'>promocja &#8211; <\/span><\/p>\n<p style='padding-top: 10px;'>Smartfon DOOGEE S55 Czarny, cechy i zalety: <\/p>\n<ul style='padding-left: 45px; padding-bottom: 10px;'>\n<li style='padding-top: 10px;'>  Doogee S55 Lite zosta\u0142 wyposa\u017cony w 5,5-calowy wy\u015bwietlacz IPS o rozdzielczo\u015bci 720 x 1440<\/li>\n<li style='padding-top: 10px;'> Podw\u00f3jnym aparatem o matrycy 13 + 8 oraz aparatem do selfie 5 Mpx mo\u017cna wykona\u0107 zdj\u0119cia nawet w trudnych warunkach, natomiast d\u0142ugi czas pracy zapewni akumulator o pojemno\u015bci 5500 mAh<\/li>\n<li style='padding-top: 10px;'><strong>5 cala w rozdzielczo\u015bci 1440 x 720 16 GB pami\u0119ci wewn\u0119trznej pozwoli zapisa\u0107 potrzebne aplikacje, zdj\u0119cia i filmy Mo\u017cliwo\u015b\u0107 rozszerzenia pami\u0119ci pomoc\u0105 karty microSD do 256 GB R\u00f3b selfie za pomoc\u0105 przedniego aparatu 5 Mpix z lamp\u0105 b\u0142yskow\u0105 Doskona\u0142\u0105 jako\u015b\u0107 zdj\u0119\u0107 zapewni podw\u00f3jny tylny aparat z matrycami 13 + 8 Mpix Szybk\u0105 \u0142\u0105czno\u015b\u0107 z internetem osi\u0105gniesz dzi\u0119ki technologii LTE Smartfon jako nawigacja dzi\u0119ki modu\u0142owi GPS Android 8<\/strong><\/li>\n<li style='padding-top: 10px;'>Smartfon DOOGEE S55 Czarny.  Nie musisz martwi\u0107 si\u0119, \u017ce woda lub kurz uszkodzi Twoje urz\u0105dzenie<\/li>\n<li style='padding-top: 10px;'>1 Oreo jest szybki, wydajny, a przy tym \u0142atwy i intuicyjny w u\u017cyciu Obs\u0142uga dw\u00f3ch kart SIM<\/li>\n<li style='padding-top: 10px;'>5 GHz zapewnia szybkie i stabilne dzia\u0142anie \u015awietne odwzorowanie kolor\u00f3w i ostry obraz zapewni ekran HD+ 5<\/li>\n<li style='padding-top: 10px;'> Korzy\u015bci: Obudowa wykonana w standardzie IP68 Wodoodporno\u015b\u0107 i py\u0142oszczelno\u015b\u0107 O\u015bmiordzeniowy procesor 1<\/li>\n<li style='padding-top: 10px;'> Wysok\u0105 wydajno\u015b\u0107 urz\u0105dzenia zapewnia czterordzeniowy procesor taktowany zegarem 1,5 GHz i 2 GB pami\u0119ci RAM<\/li>\n<li style='padding-top: 10px;'>Obudowa S55 wykonana zosta\u0142a w standardzie IP68, dzi\u0119ki czemu jest bardzo wytrzyma\u0142a<\/li>\n<\/ul>\n<p style='padding: 10px; font-weight: bold; background-color: aliceblue;'>Dost\u0119pno\u015b\u0107:<\/p>\n<p><img src='https:\/\/taniabonament.pl\/telefony\/wp-content\/uploads\/sklepylogo\/mediamarkt-logo.png' style='padding-top: 15px; padding-left: 48px;' alt='Media Markt sklep' \/><\/p>\n","protected":false},"featured_media":53705,"comment_status":"closed","ping_status":"open","template":"","meta":[],"product_brand":[],"product_cat":[265],"product_tag":[],"class_list":{"0":"post-39848","1":"product","2":"type-product","3":"status-publish","6":"product_cat-doogee","7":"pa_producent-doogee","8":"pa_sklep-media-markt","10":"first","11":"instock","12":"product-type-external"},"_links":{"self":[{"href":"https:\/\/taniabonament.pl\/telefony\/wp-json\/wp\/v2\/product\/39848","targetHints":{"allow":["GET"]}}],"collection":[{"href":"https:\/\/taniabonament.pl\/telefony\/wp-json\/wp\/v2\/product"}],"about":[{"href":"https:\/\/taniabonament.pl\/telefony\/wp-json\/wp\/v2\/types\/product"}],"replies":[{"embeddable":true,"href":"https:\/\/taniabonament.pl\/telefony\/wp-json\/wp\/v2\/comments?post=39848"}],"wp:featuredmedia":[{"embeddable":true,"href":"https:\/\/taniabonament.pl\/telefony\/wp-json\/wp\/v2\/media\/53705"}],"wp:attachment":[{"href":"https:\/\/taniabonament.pl\/telefony\/wp-json\/wp\/v2\/media?parent=39848"}],"wp:term":[{"taxonomy":"product_brand","embeddable":true,"href":"https:\/\/taniabonament.pl\/telefony\/wp-json\/wp\/v2\/product_brand?post=39848"},{"taxonomy":"product_cat","embeddable":true,"href":"https:\/\/taniabonament.pl\/telefony\/wp-json\/wp\/v2\/product_cat?post=39848"},{"taxonomy":"product_tag","embeddable":true,"href":"https:\/\/taniabonament.pl\/telefony\/wp-json\/wp\/v2\/product_tag?post=39848"}],"curies":[{"name":"wp","href":"https:\/\/api.w.org\/{rel}","templated":true}]}}