{"id":39842,"date":"2021-01-27T12:05:21","date_gmt":"2021-01-27T12:05:21","guid":{"rendered":"https:\/\/taniabonament.pl\/telefony\/produkt\/smartfon-doogee-x50l-czarny\/"},"modified":"2021-01-27T12:05:25","modified_gmt":"2021-01-27T12:05:25","slug":"smartfon-doogee-x50l-czarny","status":"publish","type":"product","link":"https:\/\/taniabonament.pl\/telefony\/produkt\/smartfon-doogee-x50l-czarny\/","title":{"rendered":"Smartfon DOOGEE X50L Czarny"},"content":{"rendered":"<p>Ten smartfon kupisz w dobrej cenie w sklepie <a href=\"https:\/\/converti.se\/click\/34590059-c70e8160-5f3ed3bc\/?deep_link=https%3A%2F%2Fmediamarkt.pl%2Ftelefony-i-smartfony%2Fsmartfon-doogee-x50l-czarny%3Futm_source%3Dtradedoublerxml%26utm_medium%3Daffiliate%26utm_term%3Dtradedoubler_xml%26utm_campaign%3Dtradedoubler_xml&#038;sid=smartfony-doogee&#038;tag6=product&#038;tag8=adb4644ac10b10182f161f9b0b14b8b3&#038;tag9=Smartfon+DOOGEE+X50L+Czarny\" rel=\"noopener\">Media Markt<\/a><\/p>\n","protected":false},"excerpt":{"rendered":"<h4>W poszukiwaniu taniego <strong>nowego smartfona DooGee<\/strong>? <\/h4>\n<p style='padding: 17px 0px;'><span style='color: #fff; background-color: yellowgreen; padding: 2px 7px;border-left: 13px solid #000000;'>promocja &#8211; <\/span><\/p>\n<p style='padding-top: 10px;'>Smartfon DOOGEE X50L Czarny, cechy i zalety: <\/p>\n<ul style='padding-left: 45px; padding-bottom: 10px;'>\n<li style='padding-top: 10px;'>  Wyposa\u017cony w procesor MediaTek MT6737M o taktowaniu 1<\/li>\n<li style='padding-top: 10px;'> Korzy\u015bci: \u015awietne odwzorowanie kolor\u00f3w i ostry obraz zapewni wy\u015bwietlacz o przek\u0105tnej 5 cali w rozdzielczo\u015bci 480 x 960 Czterordzeniowy procesor MT6737M taktowany zegarem 1<\/li>\n<li style='padding-top: 10px;'><strong>1 GHz zapewnia szybkie i stabilne dzia\u0142anie 16 GB pami\u0119ci wewn\u0119trznej pozwoli zapisa\u0107 potrzebne aplikacje, zdj\u0119cia i filmy Mo\u017cliwo\u015b\u0107 rozszerzenia pami\u0119ci pomoc\u0105 karty microSD do 128 GB R\u00f3b selfie za pomoc\u0105 przedniego aparatu5Mpix z lamp\u0105 b\u0142yskow\u0105 Doskona\u0142\u0105 jako\u015b\u0107 zdj\u0119\u0107 zapewni podw\u00f3jny tylny aparat z matrycami 5+ 0,3 Mpix Android 8<\/strong><\/li>\n<li style='padding-top: 10px;'>Smartfon DOOGEE X50L Czarny. 0 MP zamkni\u0119ty w smuk\u0142ej obudowie<\/li>\n<li style='padding-top: 10px;'>1 Oreo jest szybki, wydajny, a przy tym \u0142atwy i intuicyjny w u\u017cyciu Obs\u0142uga dw\u00f3ch kart SIM<\/li>\n<li style='padding-top: 10px;'>Dzi\u0119ki podw\u00f3jnej kamerze o rozdzielczo\u015bci 5+0,3 MP zrobienie \u015bwietnych zdj\u0119\u0107 jest niezwykle proste<\/li>\n<li style='padding-top: 10px;'> X50L posiada bateri\u0119 o pojemno\u015bci 2000mAh a jej pe\u0142ne na\u0142adowanie w zupe\u0142no\u015bci wystarczy na korzystanie ze smartfona przez ca\u0142y dzie\u0144<\/li>\n<li style='padding-top: 10px;'>Smartfon z wy\u015bwietlaczem o przek\u0105tnej 5 cali, rozdzielczo\u015bci 480 x 960 px i kontra\u015bcie 800:1oraz kamer\u0119 z przodu 5<\/li>\n<li style='padding-top: 10px;'>1GHz na czterech rdzeniach<\/li>\n<\/ul>\n<p style='padding: 10px; font-weight: bold; background-color: aliceblue;'>Dost\u0119pno\u015b\u0107:<\/p>\n<p><img src='https:\/\/taniabonament.pl\/telefony\/wp-content\/uploads\/sklepylogo\/mediamarkt-logo.png' style='padding-top: 15px; padding-left: 48px;' alt='Media Markt sklep' \/><\/p>\n","protected":false},"featured_media":53691,"comment_status":"closed","ping_status":"open","template":"","meta":[],"product_brand":[],"product_cat":[265],"product_tag":[],"class_list":{"0":"post-39842","1":"product","2":"type-product","3":"status-publish","6":"product_cat-doogee","7":"pa_producent-doogee","8":"pa_sklep-media-markt","10":"first","11":"instock","12":"product-type-external"},"_links":{"self":[{"href":"https:\/\/taniabonament.pl\/telefony\/wp-json\/wp\/v2\/product\/39842","targetHints":{"allow":["GET"]}}],"collection":[{"href":"https:\/\/taniabonament.pl\/telefony\/wp-json\/wp\/v2\/product"}],"about":[{"href":"https:\/\/taniabonament.pl\/telefony\/wp-json\/wp\/v2\/types\/product"}],"replies":[{"embeddable":true,"href":"https:\/\/taniabonament.pl\/telefony\/wp-json\/wp\/v2\/comments?post=39842"}],"wp:featuredmedia":[{"embeddable":true,"href":"https:\/\/taniabonament.pl\/telefony\/wp-json\/wp\/v2\/media\/53691"}],"wp:attachment":[{"href":"https:\/\/taniabonament.pl\/telefony\/wp-json\/wp\/v2\/media?parent=39842"}],"wp:term":[{"taxonomy":"product_brand","embeddable":true,"href":"https:\/\/taniabonament.pl\/telefony\/wp-json\/wp\/v2\/product_brand?post=39842"},{"taxonomy":"product_cat","embeddable":true,"href":"https:\/\/taniabonament.pl\/telefony\/wp-json\/wp\/v2\/product_cat?post=39842"},{"taxonomy":"product_tag","embeddable":true,"href":"https:\/\/taniabonament.pl\/telefony\/wp-json\/wp\/v2\/product_tag?post=39842"}],"curies":[{"name":"wp","href":"https:\/\/api.w.org\/{rel}","templated":true}]}}