{"id":39834,"date":"2021-01-27T12:05:27","date_gmt":"2021-01-27T12:05:27","guid":{"rendered":"https:\/\/taniabonament.pl\/telefony\/produkt\/smartfon-doogee-s40-3gb-32gb-czarny\/"},"modified":"2021-01-27T12:05:28","modified_gmt":"2021-01-27T12:05:28","slug":"smartfon-doogee-s40-3gb-32gb-czarny","status":"publish","type":"product","link":"https:\/\/taniabonament.pl\/telefony\/produkt\/smartfon-doogee-s40-3gb-32gb-czarny\/","title":{"rendered":"Smartfon DOOGEE S40 3GB\/32GB Czarny"},"content":{"rendered":"<p>Ten smartfon kupisz w dobrej cenie w sklepie <a href=\"https:\/\/converti.se\/click\/34590059-c70e8160-5f3ed3bc\/?deep_link=https%3A%2F%2Fmediamarkt.pl%2Ftelefony-i-smartfony%2Fsmartfon-doogee-s40-3gb-32gb-czarny%3Futm_source%3Dtradedoublerxml%26utm_medium%3Daffiliate%26utm_term%3Dtradedoubler_xml%26utm_campaign%3Dtradedoubler_xml&#038;sid=smartfony-doogee&#038;tag6=product&#038;tag8=dd8f163d1d48b6704d06440081e4493c&#038;tag9=Smartfon+DOOGEE+S40+3GB%2F32GB+Czarny\" rel=\"noopener\">Media Markt<\/a><\/p>\n","protected":false},"excerpt":{"rendered":"<h4>W poszukiwaniu taniego <strong>nowego smartfona DooGee<\/strong>? <\/h4>\n<p style='padding: 17px 0px;'><span style='color: #fff; background-color: yellowgreen; padding: 2px 7px;border-left: 13px solid #000000;'>promocja &#8211; <\/span><\/p>\n<p style='padding-top: 10px;'>Smartfon DOOGEE S40 3GB\/32GB, cechy i zalety: <\/p>\n<ul style='padding-left: 45px; padding-bottom: 10px;'>\n<li style='padding-top: 10px;'>  Wysok\u0105 wydajno\u015b\u0107 urz\u0105dzenia zapewnia czteroordzeniowy procesor MediaTek MT6739 taktowany zegarem 1,5 GHz i 3 GB pami\u0119ci RAM<\/li>\n<li style='padding-top: 10px;'>Na obudow\u0119 pancernika DOOGEE S40 sk\u0142ada si\u0119 aluminiowa rama i solidny plastyk, co przek\u0142ada si\u0119 na wysok\u0105 odporno\u015b\u0107 IP68<\/li>\n<li style='padding-top: 10px;'><strong>5&#8243; w rozdzielczo\u015bci 480 x 960 i proporcjach 18:932\u00a0GB pami\u0119ci wewn\u0119trznej pozwoli zapisa\u0107 potrzebne aplikacje, zdj\u0119cia i filmyMo\u017cliwo\u015b\u0107 rozszerzenia pami\u0119ci pomoc\u0105 karty microSD do 128 GBR\u00f3b selfie za pomoc\u0105 przedniego aparatu 5 Mpix (\u00a0f\/2,2 80\u00b0)Doskona\u0142\u0105 jako\u015b\u0107 zdj\u0119\u0107 zapewni podw\u00f3jny tylny aparat z matrycami 16 MpixSzybk\u0105 \u0142\u0105czno\u015b\u0107 z internetem osi\u0105gniesz dzi\u0119ki technologii LTESmartfon jako nawigacja dzi\u0119ki modu\u0142owi GPSAndroid Android 9<\/strong><\/li>\n<li style='padding-top: 10px;'>Smartfon DOOGEE S40 3GB\/32GB.  Matryca chroniona jest przez szk\u0142o Corning Gorilla Glass 4<\/li>\n<li style='padding-top: 10px;'>Korzy\u015bci:Obudowa wykonana z aluminium i odpornego plastikuWy\u015bwietlacz chroniony szk\u0142em Corning Gorilla Glass 4Wodoodporno\u015b\u0107 i py\u0142oszczelno\u015b\u0107 IP68 i IP69KCzterordzeniowy procesor 1<\/li>\n<li style='padding-top: 10px;'> Podw\u00f3jnym aparatem o matrycy 8 + 5 Mpix mo\u017cna wykona\u0107 zdj\u0119cia pod wod\u0105 (IP68), natomiast d\u0142ugi czas pracy zapewni akumulator o pojemno\u015bci 4650 mAh<\/li>\n<li style='padding-top: 10px;'> Do tego urz\u0105dzenie spe\u0142nia nowszy i wy\u017cszy standard IP69K<\/li>\n<li style='padding-top: 10px;'>5 GHz zapewnia szybkie i stabilne dzia\u0142anie\u015awietne odwzorowanie kolor\u00f3w i ostry obraz zapewni ekran Full HD 5<\/li>\n<li style='padding-top: 10px;'>0 Pie jest szybki, wydajny, a przy tym \u0142atwy i intuicyjny w u\u017cyciuCzytnik linii papilarnych jeszcze lepiej chroni Twoje dane w telefonieObs\u0142uga dw\u00f3ch kart SIM<\/li>\n<li style='padding-top: 10px;'> Doogee S40 zosta\u0142 wyposa\u017cony w 5,5-calowy wy\u015bwietlacz IPS o rozdzielczo\u015bci 480 X 960<\/li>\n<li style='padding-top: 10px;'> Przeszed\u0142 te\u017c testy MIL-STD-810G, a producent gwarantuje odporno\u015b\u0107 na upadki z wysoko\u015bci 1,2 m<\/li>\n<\/ul>\n<p style='padding: 10px; font-weight: bold; background-color: aliceblue;'>Dost\u0119pno\u015b\u0107:<\/p>\n<p><img src='https:\/\/taniabonament.pl\/telefony\/wp-content\/uploads\/sklepylogo\/mediamarkt-logo.png' style='padding-top: 15px; padding-left: 48px;' alt='Media Markt sklep' \/><\/p>\n","protected":false},"featured_media":53695,"comment_status":"closed","ping_status":"open","template":"","meta":[],"product_brand":[],"product_cat":[265],"product_tag":[],"class_list":{"0":"post-39834","1":"product","2":"type-product","3":"status-publish","6":"product_cat-doogee","7":"pa_producent-doogee","8":"pa_sklep-media-markt","10":"first","11":"instock","12":"product-type-external"},"_links":{"self":[{"href":"https:\/\/taniabonament.pl\/telefony\/wp-json\/wp\/v2\/product\/39834","targetHints":{"allow":["GET"]}}],"collection":[{"href":"https:\/\/taniabonament.pl\/telefony\/wp-json\/wp\/v2\/product"}],"about":[{"href":"https:\/\/taniabonament.pl\/telefony\/wp-json\/wp\/v2\/types\/product"}],"replies":[{"embeddable":true,"href":"https:\/\/taniabonament.pl\/telefony\/wp-json\/wp\/v2\/comments?post=39834"}],"wp:featuredmedia":[{"embeddable":true,"href":"https:\/\/taniabonament.pl\/telefony\/wp-json\/wp\/v2\/media\/53695"}],"wp:attachment":[{"href":"https:\/\/taniabonament.pl\/telefony\/wp-json\/wp\/v2\/media?parent=39834"}],"wp:term":[{"taxonomy":"product_brand","embeddable":true,"href":"https:\/\/taniabonament.pl\/telefony\/wp-json\/wp\/v2\/product_brand?post=39834"},{"taxonomy":"product_cat","embeddable":true,"href":"https:\/\/taniabonament.pl\/telefony\/wp-json\/wp\/v2\/product_cat?post=39834"},{"taxonomy":"product_tag","embeddable":true,"href":"https:\/\/taniabonament.pl\/telefony\/wp-json\/wp\/v2\/product_tag?post=39834"}],"curies":[{"name":"wp","href":"https:\/\/api.w.org\/{rel}","templated":true}]}}