{"id":39828,"date":"2021-01-27T12:05:21","date_gmt":"2021-01-27T12:05:21","guid":{"rendered":"https:\/\/taniabonament.pl\/telefony\/produkt\/smartfon-doogee-s95-pro\/"},"modified":"2021-01-27T12:05:26","modified_gmt":"2021-01-27T12:05:26","slug":"smartfon-doogee-s95-pro","status":"publish","type":"product","link":"https:\/\/taniabonament.pl\/telefony\/produkt\/smartfon-doogee-s95-pro\/","title":{"rendered":"Smartfon DOOGEE S95 Pro"},"content":{"rendered":"<p>Ten smartfon kupisz w dobrej cenie w sklepie <a href=\"https:\/\/converti.se\/click\/34590059-c70e8160-5f3ed3bc\/?deep_link=https%3A%2F%2Fmediamarkt.pl%2Ftelefony-i-smartfony%2Fsmartfon-doogee-s95-pro%3Futm_source%3Dtradedoublerxml%26utm_medium%3Daffiliate%26utm_term%3Dtradedoubler_xml%26utm_campaign%3Dtradedoubler_xml&#038;sid=smartfony-doogee&#038;tag6=product&#038;tag8=c480029acb3686083864be379251c700&#038;tag9=Smartfon+DOOGEE+S95+Pro\" rel=\"noopener\">Media Markt<\/a><\/p>\n","protected":false},"excerpt":{"rendered":"<h4>W poszukiwaniu taniego <strong>nowego smartfona DooGee<\/strong>? <\/h4>\n<p style='padding: 17px 0px;'><span style='color: #fff; background-color: yellowgreen; padding: 2px 7px;border-left: 13px solid #000000;'>promocja &#8211; <\/span><\/p>\n<p style='padding-top: 10px;'>Smartfon DOOGEE S95 Pro, cechy i zalety: <\/p>\n<ul style='padding-left: 45px; padding-bottom: 10px;'>\n<li style='padding-top: 10px;'> 3&#8243;\u00a0zapewnia doskona\u0142y obraz128 GB pami\u0119ci wewn\u0119trznej pozwoli na zapisanie najwa\u017cniejszych potrzebnych danychGniazdo na karty microSD pozwoli na rozszerzenie dost\u0119pnej pami\u0119ci o dodatkowe 256 GB\u015awietnej jako\u015bci zdj\u0119cia zapewni\u00a0potr\u00f3jny aparat 48 + 8 + 8 MpixPrzedni aparat 16 Mpix\u00a0pozwoli na wykonanie perfekcyjnych selfieSzybk\u0105 \u0142\u0105czno\u015b\u0107 z internetem osi\u0105gniesz dzi\u0119ki technologii LTEAndroid 9<\/li>\n<li style='padding-top: 10px;'>Korzy\u015bci:Odporny na zanurzenie w wodzie na g\u0142\u0119boko\u015b\u0107 3 m przez 4 hO\u015bmiordzeniowy procesor MediaTek Helio P90\u00a0gwarantuje efektywn\u0105 prac\u0119 wszystkich funkcji i aplikacjiEkran IPS o przek\u0105tnej 6<\/li>\n<li style='padding-top: 10px;'><strong> Wyposa\u017cony w wydajn\u0105 bateri\u0119 zapewniaj\u0105c\u0105 d\u0142ugi czas dzia\u0142ania oraz funkcj\u0119 rozpoznawania twarzy<\/strong><\/li>\n<li style='padding-top: 10px;'>Smartfon DOOGEE S95 Pro. Doogee S95 Pro to wytrzyma\u0142y smartfon, kt\u00f3ry b\u0119dzie towarzyszy\u0142 Ci nawet w trudnych warunkach<\/li>\n<li style='padding-top: 10px;'>0 Pie\u00a0jest szybki, wydajny, a przy tym \u0142atwy i intuicyjny w u\u017cyciu<\/li>\n<\/ul>\n<p style='padding: 10px; font-weight: bold; background-color: aliceblue;'>Dost\u0119pno\u015b\u0107:<\/p>\n<p><img src='https:\/\/taniabonament.pl\/telefony\/wp-content\/uploads\/sklepylogo\/mediamarkt-logo.png' style='padding-top: 15px; padding-left: 48px;' alt='Media Markt sklep' \/><\/p>\n","protected":false},"featured_media":53692,"comment_status":"closed","ping_status":"open","template":"","meta":[],"product_brand":[],"product_cat":[265],"product_tag":[],"class_list":{"0":"post-39828","1":"product","2":"type-product","3":"status-publish","6":"product_cat-doogee","7":"pa_producent-doogee","8":"pa_sklep-media-markt","10":"first","11":"instock","12":"product-type-external"},"_links":{"self":[{"href":"https:\/\/taniabonament.pl\/telefony\/wp-json\/wp\/v2\/product\/39828","targetHints":{"allow":["GET"]}}],"collection":[{"href":"https:\/\/taniabonament.pl\/telefony\/wp-json\/wp\/v2\/product"}],"about":[{"href":"https:\/\/taniabonament.pl\/telefony\/wp-json\/wp\/v2\/types\/product"}],"replies":[{"embeddable":true,"href":"https:\/\/taniabonament.pl\/telefony\/wp-json\/wp\/v2\/comments?post=39828"}],"wp:featuredmedia":[{"embeddable":true,"href":"https:\/\/taniabonament.pl\/telefony\/wp-json\/wp\/v2\/media\/53692"}],"wp:attachment":[{"href":"https:\/\/taniabonament.pl\/telefony\/wp-json\/wp\/v2\/media?parent=39828"}],"wp:term":[{"taxonomy":"product_brand","embeddable":true,"href":"https:\/\/taniabonament.pl\/telefony\/wp-json\/wp\/v2\/product_brand?post=39828"},{"taxonomy":"product_cat","embeddable":true,"href":"https:\/\/taniabonament.pl\/telefony\/wp-json\/wp\/v2\/product_cat?post=39828"},{"taxonomy":"product_tag","embeddable":true,"href":"https:\/\/taniabonament.pl\/telefony\/wp-json\/wp\/v2\/product_tag?post=39828"}],"curies":[{"name":"wp","href":"https:\/\/api.w.org\/{rel}","templated":true}]}}