{"id":39816,"date":"2021-01-27T12:05:27","date_gmt":"2021-01-27T12:05:27","guid":{"rendered":"https:\/\/taniabonament.pl\/telefony\/produkt\/smartfon-doogee-s68-pro-czarny-3\/"},"modified":"2021-01-27T12:05:29","modified_gmt":"2021-01-27T12:05:29","slug":"smartfon-doogee-s68-pro-czarny","status":"publish","type":"product","link":"https:\/\/taniabonament.pl\/telefony\/produkt\/smartfon-doogee-s68-pro-czarny\/","title":{"rendered":"Smartfon DOOGEE S68 Pro Czarny"},"content":{"rendered":"<p>Ten smartfon kupisz w dobrej cenie w sklepie <a href=\"https:\/\/converti.se\/click\/34590059-c70e8160-5f3ed3bc\/?deep_link=https%3A%2F%2Fmediamarkt.pl%2Ftelefony-i-smartfony%2Fsmartfon-doogee-s68-pro-czarny%3Futm_source%3Dtradedoublerxml%26utm_medium%3Daffiliate%26utm_term%3Dtradedoubler_xml%26utm_campaign%3Dtradedoubler_xml&#038;sid=smartfony-doogee&#038;tag6=product&#038;tag8=e8dd2cec7f9f2060b10668b5412d5cf2&#038;tag9=Smartfon+DOOGEE+S68+Pro+Czarny\" rel=\"noopener nofollow\" target=\"_blank\">Media Markt<\/a><\/p>\n","protected":false},"excerpt":{"rendered":"<h4>W poszukiwaniu taniego <strong>nowego smartfona DooGee<\/strong>? <\/h4>\n<p style='padding: 17px 0px;'><span style='color: #fff; background-color: yellowgreen; padding: 2px 7px;border-left: 13px solid #000000;'>promocja &#8211; <\/span><\/p>\n<p style='padding-top: 10px;'>Smartfon DOOGEE S68 Pro, cechy i zalety: <\/p>\n<ul style='padding-left: 45px; padding-bottom: 10px;'>\n<li style='padding-top: 10px;'> 5 m oraz zanurzenie w wodzie na g\u0142\u0119boko\u015bci 1<\/li>\n<li style='padding-top: 10px;'>5 m przez 30 minut Czterordzeniowy procesor MediaTek MT6771 gwarantuje efektywn\u0105 prac\u0119 wszystkich funkcji i aplikacji Ekran IPS o przek\u0105tnej 5<\/li>\n<li style='padding-top: 10px;'><strong> C, upadki, zamoczenie i brud<\/strong><\/li>\n<li style='padding-top: 10px;'>Smartfon DOOGEE S68 Pro. Korzy\u015bci: Odporny na upadki z wysoko\u015bci 1<\/li>\n<li style='padding-top: 10px;'>Doogee S68 Pro to wytrzyma\u0142y smartfon, kt\u00f3ry przetrwa nawet najtrudniejsze warunki: temperatury od -40 do +60 st<\/li>\n<li style='padding-top: 10px;'>9&#8243; zapewnia doskona\u0142y obraz 128 GB pami\u0119ci wewn\u0119trznej pozwoli na zapisanie najwa\u017cniejszych potrzebnych danych Gniazdo na karty microSD pozwoli na rozszerzenie dost\u0119pnej pami\u0119ci o dodatkowe 128 GB \u015awietnej jako\u015bci zdj\u0119cia zapewni potr\u00f3jny aparat 21 + 8 + 8 Mpix Przedni aparat 16 Mpix pozwoli na wykonanie perfekcyjnych selfie Szybk\u0105 \u0142\u0105czno\u015b\u0107 z internetem osi\u0105gniesz dzi\u0119ki technologii LTE Android 9<\/li>\n<li style='padding-top: 10px;'>0 Pie jest szybki, wydajny, a przy tym \u0142atwy i intuicyjny w u\u017cyciu<\/li>\n<\/ul>\n<p style='padding: 10px; font-weight: bold; background-color: aliceblue;'>Dost\u0119pno\u015b\u0107:<\/p>\n<p><img src='https:\/\/taniabonament.pl\/telefony\/wp-content\/uploads\/sklepylogo\/mediamarkt-logo.png' style='padding-top: 15px; padding-left: 48px;' alt='Media Markt sklep' \/><\/p>\n","protected":false},"featured_media":53699,"comment_status":"closed","ping_status":"open","template":"","meta":[],"product_brand":[],"product_cat":[265],"product_tag":[],"class_list":{"0":"post-39816","1":"product","2":"type-product","3":"status-publish","6":"product_cat-doogee","7":"pa_producent-doogee","8":"pa_sklep-media-markt","10":"first","11":"instock","12":"product-type-external"},"_links":{"self":[{"href":"https:\/\/taniabonament.pl\/telefony\/wp-json\/wp\/v2\/product\/39816","targetHints":{"allow":["GET"]}}],"collection":[{"href":"https:\/\/taniabonament.pl\/telefony\/wp-json\/wp\/v2\/product"}],"about":[{"href":"https:\/\/taniabonament.pl\/telefony\/wp-json\/wp\/v2\/types\/product"}],"replies":[{"embeddable":true,"href":"https:\/\/taniabonament.pl\/telefony\/wp-json\/wp\/v2\/comments?post=39816"}],"wp:featuredmedia":[{"embeddable":true,"href":"https:\/\/taniabonament.pl\/telefony\/wp-json\/wp\/v2\/media\/53699"}],"wp:attachment":[{"href":"https:\/\/taniabonament.pl\/telefony\/wp-json\/wp\/v2\/media?parent=39816"}],"wp:term":[{"taxonomy":"product_brand","embeddable":true,"href":"https:\/\/taniabonament.pl\/telefony\/wp-json\/wp\/v2\/product_brand?post=39816"},{"taxonomy":"product_cat","embeddable":true,"href":"https:\/\/taniabonament.pl\/telefony\/wp-json\/wp\/v2\/product_cat?post=39816"},{"taxonomy":"product_tag","embeddable":true,"href":"https:\/\/taniabonament.pl\/telefony\/wp-json\/wp\/v2\/product_tag?post=39816"}],"curies":[{"name":"wp","href":"https:\/\/api.w.org\/{rel}","templated":true}]}}