{"id":39810,"date":"2021-01-27T12:05:27","date_gmt":"2021-01-27T12:05:27","guid":{"rendered":"https:\/\/taniabonament.pl\/telefony\/produkt\/smartfon-doogee-y9-plus-niebieski\/"},"modified":"2021-01-27T12:05:30","modified_gmt":"2021-01-27T12:05:30","slug":"smartfon-doogee-y9-plus-niebieski","status":"publish","type":"product","link":"https:\/\/taniabonament.pl\/telefony\/produkt\/smartfon-doogee-y9-plus-niebieski\/","title":{"rendered":"Smartfon DOOGEE Y9 Plus Niebieski"},"content":{"rendered":"<p>Ten smartfon kupisz w dobrej cenie w sklepie <a href=\"https:\/\/converti.se\/click\/34590059-c70e8160-5f3ed3bc\/?deep_link=https%3A%2F%2Fmediamarkt.pl%2Ftelefony-i-smartfony%2Fsmartfon-doogee-y9-plus-niebieski%3Futm_source%3Dtradedoublerxml%26utm_medium%3Daffiliate%26utm_term%3Dtradedoubler_xml%26utm_campaign%3Dtradedoubler_xml&#038;sid=smartfony-doogee&#038;tag6=product&#038;tag8=a80e6c0eb1114d89a1e0edd29cd29b6b&#038;tag9=Smartfon+DOOGEE+Y9+Plus+Niebieski\" rel=\"noopener\">Media Markt<\/a><\/p>\n","protected":false},"excerpt":{"rendered":"<h4>W poszukiwaniu taniego <strong>nowego smartfona DooGee<\/strong>? <\/h4>\n<p style='padding: 17px 0px;'><span style='color: #fff; background-color: yellowgreen; padding: 2px 7px;border-left: 13px solid #000000;'>promocja &#8211; <\/span><\/p>\n<p style='padding-top: 10px;'>Smartfon DOOGEE Y9 Plus, cechy i zalety: <\/p>\n<ul style='padding-left: 45px; padding-bottom: 10px;'>\n<li style='padding-top: 10px;'> Korzy\u015bci: O\u015bmiordzeniowy procesor MediaTek MT6763V\/V gwarantuje efektywn\u0105 prac\u0119 wszystkich funkcji i aplikacji Ekran IPS o przek\u0105tnej 6<\/li>\n<li style='padding-top: 10px;'>Doogee Y9 Plus to wydajny smartfon wyposa\u017cony w wydajn\u0105 bateri\u0119 4350 mAh i potr\u00f3jny aparat fotograficzny zapewniaj\u0105cy profesjonaln\u0105 jako\u015b\u0107 zdj\u0119\u0107<\/li>\n<li style='padding-top: 10px;'><strong>3&#8243; zapewnia doskona\u0142e wra\u017cenia wizualne 64 GB pami\u0119ci wewn\u0119trznej pozwoli na zapisanie najwa\u017cniejszych program\u00f3w i danych Gniazdo na karty microSDpozwoli na rozszerzenie dost\u0119pnej pami\u0119ci o dodatkowe 128 GB Rewelacyjnej jako\u015bci zdj\u0119cia dzi\u0119ki potr\u00f3jnemu aparatowi 16 + 8 + 8 Mpix Idealne selfie zapewni przedni aparat 16 Mpix Szybk\u0105 \u0142\u0105czno\u015b\u0107 z internetem osi\u0105gniesz dzi\u0119ki technologii LTE Korzystaj z dw\u00f3ch kart SIM w jednym telefonie, dzi\u0119ki funkcji Dual SIM Android 9<\/strong><\/li>\n<li style='padding-top: 10px;'>Smartfon DOOGEE Y9 Plus. 0 Pie jest szybki, wydajny, a przy tym \u0142atwy i intuicyjny w u\u017cyciu<\/li>\n<\/ul>\n<p style='padding: 10px; font-weight: bold; background-color: aliceblue;'>Dost\u0119pno\u015b\u0107:<\/p>\n<p><img src='https:\/\/taniabonament.pl\/telefony\/wp-content\/uploads\/sklepylogo\/mediamarkt-logo.png' style='padding-top: 15px; padding-left: 48px;' alt='Media Markt sklep' \/><\/p>\n","protected":false},"featured_media":53702,"comment_status":"closed","ping_status":"open","template":"","meta":[],"product_brand":[],"product_cat":[265],"product_tag":[],"class_list":{"0":"post-39810","1":"product","2":"type-product","3":"status-publish","6":"product_cat-doogee","7":"pa_producent-doogee","8":"pa_sklep-media-markt","10":"first","11":"instock","12":"product-type-external"},"_links":{"self":[{"href":"https:\/\/taniabonament.pl\/telefony\/wp-json\/wp\/v2\/product\/39810","targetHints":{"allow":["GET"]}}],"collection":[{"href":"https:\/\/taniabonament.pl\/telefony\/wp-json\/wp\/v2\/product"}],"about":[{"href":"https:\/\/taniabonament.pl\/telefony\/wp-json\/wp\/v2\/types\/product"}],"replies":[{"embeddable":true,"href":"https:\/\/taniabonament.pl\/telefony\/wp-json\/wp\/v2\/comments?post=39810"}],"wp:featuredmedia":[{"embeddable":true,"href":"https:\/\/taniabonament.pl\/telefony\/wp-json\/wp\/v2\/media\/53702"}],"wp:attachment":[{"href":"https:\/\/taniabonament.pl\/telefony\/wp-json\/wp\/v2\/media?parent=39810"}],"wp:term":[{"taxonomy":"product_brand","embeddable":true,"href":"https:\/\/taniabonament.pl\/telefony\/wp-json\/wp\/v2\/product_brand?post=39810"},{"taxonomy":"product_cat","embeddable":true,"href":"https:\/\/taniabonament.pl\/telefony\/wp-json\/wp\/v2\/product_cat?post=39810"},{"taxonomy":"product_tag","embeddable":true,"href":"https:\/\/taniabonament.pl\/telefony\/wp-json\/wp\/v2\/product_tag?post=39810"}],"curies":[{"name":"wp","href":"https:\/\/api.w.org\/{rel}","templated":true}]}}