{"id":33242,"date":"2021-01-27T12:05:31","date_gmt":"2021-01-27T12:05:31","guid":{"rendered":"https:\/\/taniabonament.pl\/telefony\/produkt\/doogee-smartfon-s58-pro-6gb-64gb-orange\/"},"modified":"2021-01-27T12:05:35","modified_gmt":"2021-01-27T12:05:35","slug":"doogee-smartfon-s58-pro-6gb-64gb-orange","status":"publish","type":"product","link":"https:\/\/taniabonament.pl\/telefony\/produkt\/doogee-smartfon-s58-pro-6gb-64gb-orange\/","title":{"rendered":"Doogee smartfon S58 Pro, 6GB\/64GB, Orange"},"content":{"rendered":"<p>Ten smartfon kupisz w dobrej cenie w sklepie <a href=\"https:\/\/converti.se\/click\/34590059-c70e8160-5f3fd1b8\/?deep_link=https%3A%2F%2Fwww.mall.pl%2Fsmartfony%2Fdoogee-smartfon-s58-pro-6gb-64gb-orange&#038;sid=smartfony-doogee&#038;tag6=product&#038;tag8=b5c0899d9e190ea9747afd93b5445a40&#038;tag9=Doogee+smartfon+S58+Pro%2C+6GB%2F64GB%2C+Orange\" rel=\"noopener nofollow\" target=\"_blank\">Mall.pl<\/a><\/p>\n","protected":false},"excerpt":{"rendered":"<h4>W poszukiwaniu taniego <strong>nowego smartfona DooGee<\/strong>? <\/h4>\n<p style='padding: 17px 0px;'><span style='color: #fff; background-color: yellowgreen; padding: 2px 7px;border-left: 13px solid #000000;'>promocja &#8211; <\/span><\/p>\n<p style='padding-top: 10px;'>Doogee smartfon S58 Pro,, cechy i zalety: <\/p>\n<ul style='padding-left: 45px; padding-bottom: 10px;'>\n<li style='padding-top: 10px;'>  Bateria o wysokiej pojemno\u015bci 5180 mAh, szybkie \u0142adowanie, czytnik linii papilarnych, NFC<\/li>\n<li style='padding-top: 10px;'>Wy\u015bwietlacz IPS o przek\u0105tnej 5,71 cala i rozdzielczo\u015bci 1520 \u00d7 720 px, ochrona Gorilla Glass, Android 10, wyj\u0105tkowa wytrzyma\u0142o\u015b\u0107 dzi\u0119ki ochronie IP68\/IP69K, standard wojskowy MIL-STD-810G, 8-rdzeniowy procesor Mediatek 6762, 6 GB \/ 64 GB, slot na kart\u0119 pami\u0119ci, Dual SIM<\/li>\n<li style='padding-top: 10px;'>Doogee smartfon S58 Pro,.  Potr\u00f3jny aparat z obiektywem makro 16 + 2 + 2 Mpx, aparat 16 Mpx do selfie<\/li>\n<\/ul>\n<p style='padding: 10px; font-weight: bold; background-color: aliceblue;'>Dost\u0119pno\u015b\u0107:<\/p>\n<p><img src='https:\/\/taniabonament.pl\/telefony\/wp-content\/uploads\/sklepylogo\/mall-pl-logo.png' style='padding-top: 15px; padding-left: 48px;' alt='Mall.pl sklep' \/><\/p>\n","protected":false},"featured_media":53708,"comment_status":"closed","ping_status":"open","template":"","meta":[],"product_brand":[],"product_cat":[265],"product_tag":[],"class_list":{"0":"post-33242","1":"product","2":"type-product","3":"status-publish","6":"product_cat-doogee","7":"pa_kolor-true","8":"pa_model-dge000570","9":"pa_producent-doogee","10":"pa_sklep-mall-pl","12":"first","13":"instock","14":"sale","15":"product-type-external"},"_links":{"self":[{"href":"https:\/\/taniabonament.pl\/telefony\/wp-json\/wp\/v2\/product\/33242","targetHints":{"allow":["GET"]}}],"collection":[{"href":"https:\/\/taniabonament.pl\/telefony\/wp-json\/wp\/v2\/product"}],"about":[{"href":"https:\/\/taniabonament.pl\/telefony\/wp-json\/wp\/v2\/types\/product"}],"replies":[{"embeddable":true,"href":"https:\/\/taniabonament.pl\/telefony\/wp-json\/wp\/v2\/comments?post=33242"}],"wp:featuredmedia":[{"embeddable":true,"href":"https:\/\/taniabonament.pl\/telefony\/wp-json\/wp\/v2\/media\/53708"}],"wp:attachment":[{"href":"https:\/\/taniabonament.pl\/telefony\/wp-json\/wp\/v2\/media?parent=33242"}],"wp:term":[{"taxonomy":"product_brand","embeddable":true,"href":"https:\/\/taniabonament.pl\/telefony\/wp-json\/wp\/v2\/product_brand?post=33242"},{"taxonomy":"product_cat","embeddable":true,"href":"https:\/\/taniabonament.pl\/telefony\/wp-json\/wp\/v2\/product_cat?post=33242"},{"taxonomy":"product_tag","embeddable":true,"href":"https:\/\/taniabonament.pl\/telefony\/wp-json\/wp\/v2\/product_tag?post=33242"}],"curies":[{"name":"wp","href":"https:\/\/api.w.org\/{rel}","templated":true}]}}