{"id":24229,"date":"2020-12-30T20:48:41","date_gmt":"2020-12-30T20:48:41","guid":{"rendered":"https:\/\/taniabonament.pl\/telefony\/produkt\/smartfon-nokia-7-2-dual-sim-6-128gb-czarny-2\/"},"modified":"2020-12-30T20:48:46","modified_gmt":"2020-12-30T20:48:46","slug":"smartfon-nokia-7-2-dual-sim-6-128gb-czarny-2","status":"publish","type":"product","link":"https:\/\/taniabonament.pl\/telefony\/produkt\/smartfon-nokia-7-2-dual-sim-6-128gb-czarny-2\/","title":{"rendered":"Smartfon NOKIA 7.2 Dual Sim 6\/128GB Czarny"},"content":{"rendered":"<p>Ten telefon kupisz w bardzo dobrej cenie w sklepie <a href=\"https:\/\/converti.se\/click\/34590059-c70e8160-5f3fd0bc\/?deep_link=https%3A%2F%2Fwww.mediaexpert.pl%2Fsmartfony-i-zegarki%2Fsmartfony%2Fsmartfon-nokia-7-2-dual-sim-6-128gb-black%3Futm_source%3DJjakisty3m8p%26utm_medium%3DXML%26utm_content%3D556996%26utm_campaign%3D2020-11%26utm_term%3DSmartfony&#038;sid=smartfony-nokia&#038;tag6=product&#038;tag8=4bfb876271eeaad3905fc303734657e7&#038;tag9=Smartfon+NOKIA+7.2+Dual+Sim+6%2F128GB+Czarny\" rel=\"noopener\">MediaExpert<\/a><\/p>\n","protected":false},"excerpt":{"rendered":"<p>Cechy: <\/p>\n<ul style='padding-left: 10px; padding-bottom: 10px;'>\n<li style='padding-top: 10px;'>Dost\u0119pna wy\u0142\u0105cznie w smartfonach Nokia technologia PureDisplay zapewnia wyj\u0105tkowo ostry obraz\n<li style='padding-top: 10px;'>Wszystkie wy\u015bwietlane filmy s\u0105 przekszta\u0142cane w czasie rzeczywistym na format szerokiego zakresu dynamiki (HDR), kt\u00f3ry zwi\u0119ksza klarowno\u015b\u0107 obrazu\n<li style='padding-top: 10px;'>A jasny ekran Full HD+ o przek\u0105tnej 6,3 cala sprawia, \u017ce ogl\u0105danie materia\u0142\u00f3w wideo jest czyst\u0105 przyjemno\u015bci\u0105\n<li style='padding-top: 10px;'>Wydajny procesor Qualcomm\u00ae Snapdragon\u2122 660 w po\u0142\u0105czeniu z najnowszym systemem operacyjnym Android\u2122 9 Pie sprawia, \u017ce nawet przez dwa dni mo\u017cna nie korzysta\u0107 z \u0142adowarki1\n<li style='padding-top: 10px;'>Ponadto smartfon Nokia 7.2 zawiera wspomagan\u0105 przez sztuczn\u0105 inteligencj\u0119 funkcj\u0119 adaptacyjnej baterii, dzi\u0119ki kt\u00f3rej energi\u0119 w pierwszej kolejno\u015bci otrzymuj\u0105 najcz\u0119\u015bciej u\u017cywane aplikacje\n<li style='padding-top: 10px;'>Zainspirowany fi\u0144sk\u0105 tradycj\u0105 wzornictwa smartfon Nokia 7.2 uciele\u015bnia idealn\u0105 harmoni\u0119 kunsztu i wysokiej jako\u015bci materia\u0142\u00f3w\n<li style='padding-top: 10px;'>Cechuje si\u0119 on ponadczasowym wzornictwem, kt\u00f3re przek\u0142ada si\u0119 nie tylko na dobry wygl\u0105d, ale i na trwa\u0142o\u015b\u0107 produktu\n<li style='padding-top: 10px;'>Smartfon, kt\u00f3ry z czasem staje si\u0119 coraz lepszy\n<li style='padding-top: 10px;'>Najnowsze \u015brodowisko Android 9 Pie daje pewno\u015b\u0107, \u017ce przez 2 lata b\u0119dziesz otrzymywa\u0107 uaktualnienia systemu Android, a przez 3 lata \u2014 aktualizacje zabezpiecze\u0144\n<li style='padding-top: 10px;'>Przycisk us\u0142ugi Google Assistant2 to ogromna pomoc w dynamicznym trybie \u017cycia\n<li style='padding-top: 10px;'>Umo\u017cliwia zadawanie pyta\u0144, wy\u015bwietlanie harmonogramu, a nawet przyciemnianie \u015bwiat\u0142a\n<li style='padding-top: 10px;'>Ponadto z ka\u017cdym u\u017cyciem asystent coraz lepiej Ci\u0119 poznaje, dzi\u0119ki czemu mo\u017cesz bardziej cieszy\u0107 si\u0119 \u017cyciem, sp\u0119dzaj\u0105c mniej czasu z telefonem\n<li style='padding-top: 10px;'>Dzi\u0119ki smartfonowi Nokia 7.2 uwolnisz sw\u00f3j potencja\u0142 tw\u00f3rczy\n<li style='padding-top: 10px;'>R\u00f3b zachwycaj\u0105ce zdj\u0119cia, ogl\u0105daj wszystkie filmy w trybie HDR i nie korzystaj z \u0142adowarki nawet przez 2 dni\u00b9\n<li style='padding-top: 10px;'>A wszystko to dzia\u0142a p\u0142ynnie w systemie Android 9 Pie \u2014 wi\u0119c gdy ju\u017c Ci si\u0119 wydaje, \u017ce telefon osi\u0105gn\u0105\u0142 maksimum mo\u017cliwo\u015bci, ten znowu wspina si\u0119 o oczko wy\u017cej.<\/ul>\n<p style='padding: 10px; font-weight: bold; background-color: aliceblue;'>Dost\u0119pno\u015b\u0107:<\/p>\n<p><img src='https:\/\/taniabonament.pl\/telefony\/wp-content\/uploads\/sklepylogo\/mediaexpert-logo.png' style='padding-top: 15px; padding-left: 48px;' alt='MediaExpert sklep' \/><\/p>\n","protected":false},"featured_media":48426,"comment_status":"closed","ping_status":"open","template":"","meta":[],"product_brand":[],"product_cat":[197],"product_tag":[],"class_list":{"0":"post-24229","1":"product","2":"type-product","3":"status-publish","6":"product_cat-nokia","7":"pa_model-7-2","8":"pa_producent-nokia","9":"pa_sklep-mediaexpert","11":"first","12":"instock","13":"product-type-external"},"_links":{"self":[{"href":"https:\/\/taniabonament.pl\/telefony\/wp-json\/wp\/v2\/product\/24229","targetHints":{"allow":["GET"]}}],"collection":[{"href":"https:\/\/taniabonament.pl\/telefony\/wp-json\/wp\/v2\/product"}],"about":[{"href":"https:\/\/taniabonament.pl\/telefony\/wp-json\/wp\/v2\/types\/product"}],"replies":[{"embeddable":true,"href":"https:\/\/taniabonament.pl\/telefony\/wp-json\/wp\/v2\/comments?post=24229"}],"wp:featuredmedia":[{"embeddable":true,"href":"https:\/\/taniabonament.pl\/telefony\/wp-json\/wp\/v2\/media\/48426"}],"wp:attachment":[{"href":"https:\/\/taniabonament.pl\/telefony\/wp-json\/wp\/v2\/media?parent=24229"}],"wp:term":[{"taxonomy":"product_brand","embeddable":true,"href":"https:\/\/taniabonament.pl\/telefony\/wp-json\/wp\/v2\/product_brand?post=24229"},{"taxonomy":"product_cat","embeddable":true,"href":"https:\/\/taniabonament.pl\/telefony\/wp-json\/wp\/v2\/product_cat?post=24229"},{"taxonomy":"product_tag","embeddable":true,"href":"https:\/\/taniabonament.pl\/telefony\/wp-json\/wp\/v2\/product_tag?post=24229"}],"curies":[{"name":"wp","href":"https:\/\/api.w.org\/{rel}","templated":true}]}}