{"id":17159,"date":"2020-12-30T20:48:41","date_gmt":"2020-12-30T20:48:41","guid":{"rendered":"https:\/\/taniabonament.pl\/telefony\/produkt\/smartfon-nokia-2-2-czarny-2\/"},"modified":"2020-12-30T20:48:53","modified_gmt":"2020-12-30T20:48:53","slug":"smartfon-nokia-2-2-czarny","status":"publish","type":"product","link":"https:\/\/taniabonament.pl\/telefony\/produkt\/smartfon-nokia-2-2-czarny\/","title":{"rendered":"Smartfon NOKIA 2.2 Czarny"},"content":{"rendered":"<p>Ten telefon kupisz w bardzo dobrej cenie w sklepie <a href=\"https:\/\/converti.se\/click\/34590059-c70e8160-5f3fd0bc\/?deep_link=https%3A%2F%2Fwww.mediaexpert.pl%2Fsmartfony-i-zegarki%2Fsmartfony%2Fsmartfon-nokia-2-2-dual-sim-black%3Futm_source%3DJjakisty3m8p%26utm_medium%3DXML%26utm_content%3D552353%26utm_campaign%3D2020-11%26utm_term%3DSmartfony&#038;sid=smartfony-nokia&#038;tag6=product&#038;tag8=3cb9e9d67cf942d02bb6f606c39b899d&#038;tag9=Smartfon+NOKIA+2.2+Czarny\" rel=\"noopener\">MediaExpert<\/a><\/p>\n","protected":false},"excerpt":{"rendered":"<p>Cechy: <\/p>\n<ul style='padding-left: 10px; padding-bottom: 10px;'>\n<li style='padding-top: 10px;'>Nokia 2.2 pracuje pod kontrol\u0105 systemu Android 9 Pie i jest gotowa do aktualizacji do systemu Android Q\n<li style='padding-top: 10px;'>Smartfon b\u0119dzie przez dwa lata otrzymywa\u0142 aktualizacje systemu operacyjnego, a przez trzy lata comiesi\u0119czne aktualizacje zabezpiecze\u0144, daj\u0105ce dost\u0119p do wszystkich najnowszych innowacji i funkcji Androida.<\/ul>\n<p style='padding: 10px; font-weight: bold; background-color: aliceblue;'>Dost\u0119pno\u015b\u0107:<\/p>\n<p><img src='https:\/\/taniabonament.pl\/telefony\/wp-content\/uploads\/sklepylogo\/mediaexpert-logo.png' style='padding-top: 15px; padding-left: 48px;' alt='MediaExpert sklep' \/><\/p>\n","protected":false},"featured_media":48441,"comment_status":"closed","ping_status":"open","template":"","meta":[],"product_brand":[],"product_cat":[197],"product_tag":[],"class_list":{"0":"post-17159","1":"product","2":"type-product","3":"status-publish","6":"product_cat-nokia","7":"pa_model-2-2","8":"pa_producent-nokia","9":"pa_sklep-mediaexpert","11":"first","12":"instock","13":"product-type-external"},"_links":{"self":[{"href":"https:\/\/taniabonament.pl\/telefony\/wp-json\/wp\/v2\/product\/17159","targetHints":{"allow":["GET"]}}],"collection":[{"href":"https:\/\/taniabonament.pl\/telefony\/wp-json\/wp\/v2\/product"}],"about":[{"href":"https:\/\/taniabonament.pl\/telefony\/wp-json\/wp\/v2\/types\/product"}],"replies":[{"embeddable":true,"href":"https:\/\/taniabonament.pl\/telefony\/wp-json\/wp\/v2\/comments?post=17159"}],"wp:featuredmedia":[{"embeddable":true,"href":"https:\/\/taniabonament.pl\/telefony\/wp-json\/wp\/v2\/media\/48441"}],"wp:attachment":[{"href":"https:\/\/taniabonament.pl\/telefony\/wp-json\/wp\/v2\/media?parent=17159"}],"wp:term":[{"taxonomy":"product_brand","embeddable":true,"href":"https:\/\/taniabonament.pl\/telefony\/wp-json\/wp\/v2\/product_brand?post=17159"},{"taxonomy":"product_cat","embeddable":true,"href":"https:\/\/taniabonament.pl\/telefony\/wp-json\/wp\/v2\/product_cat?post=17159"},{"taxonomy":"product_tag","embeddable":true,"href":"https:\/\/taniabonament.pl\/telefony\/wp-json\/wp\/v2\/product_tag?post=17159"}],"curies":[{"name":"wp","href":"https:\/\/api.w.org\/{rel}","templated":true}]}}