{"id":14705,"date":"2021-01-27T12:05:21","date_gmt":"2021-01-27T12:05:21","guid":{"rendered":"https:\/\/taniabonament.pl\/telefony\/produkt\/doogee-smartfon-x90-1gb-16gb-blue\/"},"modified":"2021-01-27T12:05:22","modified_gmt":"2021-01-27T12:05:22","slug":"doogee-smartfon-x90-1gb-16gb-blue","status":"publish","type":"product","link":"https:\/\/taniabonament.pl\/telefony\/produkt\/doogee-smartfon-x90-1gb-16gb-blue\/","title":{"rendered":"Doogee smartfon X90, 1GB\/16GB, Blue"},"content":{"rendered":"<p>Ten smartfon kupisz w dobrej cenie w sklepie <a href=\"https:\/\/converti.se\/click\/34590059-c70e8160-5f3fd1b8\/?deep_link=https%3A%2F%2Fwww.mall.pl%2Fsmartfony%2Fdoogee-smartfon-x90-1gb-16gb-blue&#038;sid=smartfony-doogee&#038;tag6=product&#038;tag8=02769931e14224bd2f0928b254dbf683&#038;tag9=Doogee+smartfon+X90%2C+1GB%2F16GB%2C+Blue\" rel=\"noopener\">Mall.pl<\/a><\/p>\n","protected":false},"excerpt":{"rendered":"<h4>W poszukiwaniu taniego <strong>nowego smartfona DooGee<\/strong>? <\/h4>\n<p style='padding: 17px 0px;'><span style='color: #fff; background-color: yellowgreen; padding: 2px 7px;border-left: 13px solid #000000;'>promocja &#8211; <\/span><\/p>\n<p style='padding-top: 10px;'>Doogee smartfon X90, 1GB\/16GB,, cechy i zalety: <\/p>\n<ul style='padding-left: 45px; padding-bottom: 10px;'>\n<li style='padding-top: 10px;'>  D\u0142uga \u017cywotno\u015b\u0107 baterii o pojemno\u015bci 3400 mAh<\/li>\n<li style='padding-top: 10px;'>1 Go Edition, 4-rdzeniowy procesor Cortex-A7, 1 GB \/ 16 GB, slot na kart\u0119 pami\u0119ci 128GB, Dual SIM<\/li>\n<li style='padding-top: 10px;'>Doogee smartfon X90, 1GB\/16GB,. 6,1-calowy wy\u015bwietlacz 19:9 o rozdzielczo\u015bci 1280\u00d7600 px, system operacyjny Android 8<\/li>\n<li style='padding-top: 10px;'> Tylny, podw\u00f3jny aparat 8 + 5 Mpx z autofokusem, przedni aparat 5 Mpx, odblokowywanie twarz\u0105, czytnik linii papilarnych<\/li>\n<\/ul>\n<p style='padding: 10px; font-weight: bold; background-color: aliceblue;'>Dost\u0119pno\u015b\u0107:<\/p>\n<p><img src='https:\/\/taniabonament.pl\/telefony\/wp-content\/uploads\/sklepylogo\/mall-pl-logo.png' style='padding-top: 15px; padding-left: 48px;' alt='Mall.pl sklep' \/><\/p>\n","protected":false},"featured_media":53684,"comment_status":"closed","ping_status":"open","template":"","meta":[],"product_brand":[],"product_cat":[265],"product_tag":[],"class_list":{"0":"post-14705","1":"product","2":"type-product","3":"status-publish","6":"product_cat-doogee","7":"pa_kolor-true","8":"pa_producent-doogee","9":"pa_sklep-mall-pl","11":"first","12":"instock","13":"product-type-external"},"_links":{"self":[{"href":"https:\/\/taniabonament.pl\/telefony\/wp-json\/wp\/v2\/product\/14705","targetHints":{"allow":["GET"]}}],"collection":[{"href":"https:\/\/taniabonament.pl\/telefony\/wp-json\/wp\/v2\/product"}],"about":[{"href":"https:\/\/taniabonament.pl\/telefony\/wp-json\/wp\/v2\/types\/product"}],"replies":[{"embeddable":true,"href":"https:\/\/taniabonament.pl\/telefony\/wp-json\/wp\/v2\/comments?post=14705"}],"wp:featuredmedia":[{"embeddable":true,"href":"https:\/\/taniabonament.pl\/telefony\/wp-json\/wp\/v2\/media\/53684"}],"wp:attachment":[{"href":"https:\/\/taniabonament.pl\/telefony\/wp-json\/wp\/v2\/media?parent=14705"}],"wp:term":[{"taxonomy":"product_brand","embeddable":true,"href":"https:\/\/taniabonament.pl\/telefony\/wp-json\/wp\/v2\/product_brand?post=14705"},{"taxonomy":"product_cat","embeddable":true,"href":"https:\/\/taniabonament.pl\/telefony\/wp-json\/wp\/v2\/product_cat?post=14705"},{"taxonomy":"product_tag","embeddable":true,"href":"https:\/\/taniabonament.pl\/telefony\/wp-json\/wp\/v2\/product_tag?post=14705"}],"curies":[{"name":"wp","href":"https:\/\/api.w.org\/{rel}","templated":true}]}}