{"id":81532,"date":"2023-06-13T14:46:08","date_gmt":"2023-06-13T14:46:08","guid":{"rendered":"https:\/\/taniabonament.pl\/telefony\/?page_id=81532"},"modified":"2023-06-13T14:46:08","modified_gmt":"2023-06-13T14:46:08","slug":"polityka-prywatnosci","status":"publish","type":"page","link":"https:\/\/taniabonament.pl\/telefony\/polityka-prywatnosci\/","title":{"rendered":"Polityka Prywatno\u015bci"},"content":{"rendered":"<p>POLITYKA PRYWATNO\u015aCI<\/p>\n<h3>I Postanowienia og\u00f3lne<\/h3>\n<p>1. Niniejsza Polityka ochrony prywatno\u015bci okre\u015bla spos\u00f3b zbierania, przetwarzania i przechowywania<br \/>\ndanych osobowych koniecznych do \u015bwiadczenia us\u0142ug drog\u0105 elektroniczn\u0105 za po\u015brednictwem serwisu<br \/>\ninternetowego w domenie &#8222;TaniAbonament.pl\/Telefony\/&#8221; (dalej: Serwis).<br \/>\n2. Administratorem danych osobowych U\u017cytkownik\u00f3w jest IT CITY MEDIA z siedzib\u0105 we Wroc\u0142awiu (dalej:<br \/>\nAdministrator).<br \/>\n3. Dane osobowe przetwarzane s\u0105 zgodnie z Rozporz\u0105dzeniem Parlamentu Europejskiego i Rady (UE)<br \/>\n2016\/679 z dnia 27 kwietnia 2016 r. w sprawie ochrony os\u00f3b fizycznych w zwi\u0105zku z przetwarzaniem<br \/>\ndanych osobowych i w sprawie swobodnego przep\u0142ywu takich danych oraz uchylenia dyrektywy<br \/>\n95\/46\/WE (og\u00f3lne rozporz\u0105dzenie o ochronie danych) (dalej: RODO).<br \/>\n4. Zbierane przez Administratora dane b\u0119d\u0105:<br \/>\n\u2013 przetwarzane zgodnie z prawem,<br \/>\n\u2013 przetwarzane w wyra\u017anie okre\u015blonych celach i niepoddawane dalszemu przetwarzaniu<br \/>\nniezgodnemu z tymi celami,<br \/>\n\u2013 merytorycznie poprawne i adekwatne w stosunku do cel\u00f3w, w jakich s\u0105 przetwarzane,<br \/>\n\u2013 przechowywane nie d\u0142u\u017cej ni\u017c jest to niezb\u0119dne do osi\u0105gni\u0119cia celu przetwarzania.<\/p>\n<h3>II. Cel i podstawy prawne przetwarzania danych<\/h3>\n<p>1. Administrator przetwarza dane osobowe niezb\u0119dne do \u015bwiadczenia i rozwoju oferowanych us\u0142ug<br \/>\ndost\u0119pnych za po\u015brednictwem Serwisu oraz poszczeg\u00f3lnych jego funkcjonalno\u015bci.<br \/>\n2. Dane osobowe przetwarzane b\u0119d\u0105 w nast\u0119puj\u0105cych celach:<br \/>\na. rejestracji konta, weryfikacji to\u017csamo\u015bci U\u017cytkownika oraz realizacji umowy o \u015bwiadczeniu us\u0142ug<br \/>\ndrog\u0105 elektroniczn\u0105 zgodnie z ustaw\u0105 z dnia 18 lipca 2002 r. o \u015bwiadczeniu us\u0142ug drog\u0105<br \/>\nelektroniczn\u0105, w tym w szczeg\u00f3lno\u015bci poprzez zapewnienie mo\u017cliwo\u015bci korzystania z konta<br \/>\nU\u017cytkownika \u2013 na podstawie akceptacji warunk\u00f3w Regulaminu (art. 6 ust. 1 lit. b RODO);<br \/>\nb. komunikacji z U\u017cytkownikiem w celu dostarczeniu mu niezb\u0119dnych informacji oraz budowania<br \/>\npozytywnych i rzetelnych relacji z Nim, co stanowi prawnie uzasadniony interes Administratora<br \/>\n(art. 6 ust. 1 lit. f RODO);<br \/>\nc. promowania przez Administratora produkt\u00f3w i\/lub us\u0142ug w\u0142asnych oraz swoich Partner\u00f3w<br \/>\npoprzez kierowanie drog\u0105 elektroniczn\u0105 Informacji marketingowych (newsletter) o ile<br \/>\nU\u017cytkownik wyrazi\u0142 zgod\u0119 na otrzymywanie takich powiadomie\u0144 za po\u015brednictwem e-mail (art.<br \/>\n6 ust. 1 lit. a RODO);<br \/>\nd. udzielenia dost\u0119pu do informacji o nowo\u015bciach z bran\u017cy bezpo\u015brednio powi\u0105zanej z dzia\u0142alno\u015bci\u0105<br \/>\nAdministratora, o ile U\u017cytkownik wyrazi\u0142 zgod\u0119 na otrzymywanie takich powiadomie\u0144 za<br \/>\npo\u015brednictwem e-mail (art. 6 ust. 1 lit. a RODO),<br \/>\ne. w celach analitycznych i statystycznych na podstawie prawnie uzasadnionego interesu<br \/>\nAdministratora polegaj\u0105cego na prowadzeniu weryfikacji aktywno\u015bci U\u017cytkownik\u00f3w i ich<br \/>\npreferencji dla optymalizacji us\u0142ug i produkt\u00f3w oraz stosowanych funkcjonalno\u015bci Serwisu<br \/>\n(art. 6 ust. 1 lit. f RODO);<br \/>\nf. ewentualnego ustalenia, dochodzenia roszcze\u0144 lub obrony przed nimi na podstawie prawnie<br \/>\nuzasadnionego interesu Administratora polegaj\u0105cego na ochronie jej praw (art. 6 ust. 1 lit. f<br \/>\nRODO).<br \/>\n3. W ka\u017cdym z wymienionych powy\u017cej przypadk\u00f3w (ust 2) podanie danych jest dobrowolne, jednak<br \/>\nkonieczne do zawarcia umowy lub skorzystania z innych funkcjonalno\u015bci Serwisu.<\/p>\n<h3>III. Okres przetwarzania danych osobowych<\/h3>\n<p>1. Dane osobowe b\u0119d\u0105 przetwarzane przez okres, w kt\u00f3rym osoba pozostaje aktywnym U\u017cytkownikiem<br \/>\nSerwisu (posiada konto U\u017cytkownika), a po tym czasie przez okres niezb\u0119dny do zachowania zgodno\u015bci<br \/>\nz przepisami prawa, dochodzenia lub obrony przed ewentualnymi roszczeniami, jednak nie d\u0142u\u017cej ni\u017c<br \/>\n3 lat liczone od dnia rozwi\u0105zania umowy o \u015bwiadczeniu us\u0142ug drog\u0105 elektroniczn\u0105.<br \/>\n2. Dane przetwarzane na podstawie zgody b\u0119d\u0105 przetwarzane do czasu wycofania udzielonej zgody z<br \/>\nzastrze\u017ceniem, \u017ce wycofanie tej zgody nie ma wp\u0142ywu na zgodno\u015b\u0107 przetwarzania danych, kt\u00f3rego<br \/>\ndokonano przed tym wycofaniem.<\/p>\n<h3>IV. Informacje o przetwarzaniu<\/h3>\n<p>1. Dane osobowe w zale\u017cno\u015bci od celu przetwarzania mog\u0105 zosta\u0107 ujawnione:<br \/>\na. podmiotom powi\u0105zanym z Administratorem<br \/>\nb. podmiotom wsp\u00f3\u0142pracuj\u0105cym z Administratorem,<br \/>\nc. podwykonawcom, w szczeg\u00f3lno\u015bci podmiotom dostarczaj\u0105cym i obs\u0142uguj\u0105cym wybrane<br \/>\nsystemy i rozwi\u0105zania informatyczne,<br \/>\nd. podmiotom obs\u0142uguj\u0105cym p\u0142atno\u015bci internetowe,<br \/>\ne. podmiotom \u015bwiadcz\u0105cym us\u0142ugi kuriersko-pocztowe,<br \/>\nf. kancelariom prawnym.<br \/>\n2. Dane osobowe przetwarzane przez Administratorem, nie b\u0119d\u0105 przekazywane poza Europejski<br \/>\nObszar Gospodarczy ani do organizacji mi\u0119dzynarodowych.<\/p>\n<h3>V. Prawa os\u00f3b, kt\u00f3rych dane dotycz\u0105<\/h3>\n<p>1. U\u017cytkownik Serwisu ma prawo:<br \/>\n&#8211; dost\u0119pu do tre\u015bci swoich danych osobowych<br \/>\n&#8211; sprostowania danych<br \/>\n&#8211; usuni\u0119cia danych<br \/>\n&#8211; ograniczenia przetwarzania danych<br \/>\n&#8211; przenoszenia danych<br \/>\n&#8211; wniesienia sprzeciwu wobec przetwarzania odbywaj\u0105cego si\u0119 na podstawie prawienie<br \/>\nusprawiedliwionego interesu administratora<br \/>\n&#8211; wycofania zgody w dowolnym momencie bez wp\u0142ywu na zgodno\u015b\u0107 z prawem przetwarzania,<br \/>\nkt\u00f3rego dokonano na podstawie tej zgody przed jej wycofaniem<br \/>\n2. U\u017cytkownik ma prawo do wniesienia skargi do Prezesa Urz\u0119du Ochrony Danych Osobowych w sytuacji,<br \/>\nw kt\u00f3rej uzna, \u017ce przetwarzanie narusza jego prawa i wolno\u015bci.<br \/>\n3. W procesie przetwarzania danych nie dochodzi do zautomatyzowanego podejmowania decyzji w tym<br \/>\ndo profilowania.<\/p>\n<h3>VI. Postanowienia ko\u0144cowe<\/h3>\n<p>1. Administrator zastrzega sobie prawo do wprowadzenia zmian w niniejszej Polityce prywatno\u015bci<br \/>\njednocze\u015bnie zapewnia, \u017ce prawa U\u017cytkownik\u00f3w wynikaj\u0105ce z niniejszego dokumenty nie zostan\u0105<br \/>\nograniczone.<br \/>\n2. O wszelkich zmiana w Polityce prywatno\u015bci U\u017cytkownik zostanie poinformowany poprzez komunikat<br \/>\ndost\u0119pny w Serwis<\/p>\n","protected":false},"excerpt":{"rendered":"<p>POLITYKA PRYWATNO\u015aCI I Postanowienia og\u00f3lne 1. Niniejsza Polityka ochrony prywatno\u015bci okre\u015bla spos\u00f3b zbierania, przetwarzania i przechowywania danych osobowych koniecznych do \u015bwiadczenia us\u0142ug drog\u0105 elektroniczn\u0105 za po\u015brednictwem serwisu internetowego w domenie<\/p>\n","protected":false},"author":1,"featured_media":0,"parent":0,"menu_order":0,"comment_status":"closed","ping_status":"closed","template":"","meta":{"footnotes":""},"class_list":{"1":"page","2":"type-page","3":"status-publish","4":"hentry"},"_links":{"self":[{"href":"https:\/\/taniabonament.pl\/telefony\/wp-json\/wp\/v2\/pages\/81532","targetHints":{"allow":["GET"]}}],"collection":[{"href":"https:\/\/taniabonament.pl\/telefony\/wp-json\/wp\/v2\/pages"}],"about":[{"href":"https:\/\/taniabonament.pl\/telefony\/wp-json\/wp\/v2\/types\/page"}],"author":[{"embeddable":true,"href":"https:\/\/taniabonament.pl\/telefony\/wp-json\/wp\/v2\/users\/1"}],"replies":[{"embeddable":true,"href":"https:\/\/taniabonament.pl\/telefony\/wp-json\/wp\/v2\/comments?post=81532"}],"version-history":[{"count":2,"href":"https:\/\/taniabonament.pl\/telefony\/wp-json\/wp\/v2\/pages\/81532\/revisions"}],"predecessor-version":[{"id":81534,"href":"https:\/\/taniabonament.pl\/telefony\/wp-json\/wp\/v2\/pages\/81532\/revisions\/81534"}],"wp:attachment":[{"href":"https:\/\/taniabonament.pl\/telefony\/wp-json\/wp\/v2\/media?parent=81532"}],"curies":[{"name":"wp","href":"https:\/\/api.w.org\/{rel}","templated":true}]}}