{"id":28943,"date":"2025-01-10T15:12:24","date_gmt":"2025-01-10T14:12:24","guid":{"rendered":"https:\/\/taniabonament.pl\/smartwatch\/hama-smartwatch-6010-gps-niebieski\/"},"modified":"2025-01-10T15:12:25","modified_gmt":"2025-01-10T14:12:25","slug":"hama-smartwatch-6010-gps-niebieski","status":"publish","type":"product","link":"https:\/\/taniabonament.pl\/smartwatch\/hama-smartwatch-6010-gps-niebieski\/","title":{"rendered":"Hama Smartwatch 6010 GPS niebieski"},"content":{"rendered":"<p>&nbsp;<\/p>\n<h2>Przedstawiamy wyj\u0105tkowy Smartwatch marki <\/h2>\n<p>CENA BEZ PROMOCJI: 199.0 PLN<\/p>\n<p>najni\u017csza cena z ostatnich 30 dni: 199.0 PLN<\/p>\n<div style=\"font-weight: bold; font-size: 18px;\">\n<p>UWAGA <span style=\"color: red;\">MAMY RABATY, SPRAWD\u0179 PONI\u017bEJ!<\/span><\/p>\n<p>Gdzie kupisz ten model? Prezentowany <a style=\"color: red;\" href=\"https:\/\/taniabonament.pl\/smartwatch\/\">Smartwatch<\/a> dost\u0119pny jest w Komputronik.pl. Kliknij i przejd\u017a do sklepu gdzie ten zegarek jest dost\u0119pny online. Dzisiaj kupisz go w atrakcyjnej cenie. Dodatkowo w sklepie gdzie jest oferowany poznasz wszystkie funkcje tego zegarka oraz dost\u0119pne promocje na ten nowoczesny zegarek:<\/p>\n<p><span style=\"color: #fff; background-color: #000000; padding: 1px 7px;\"><strong><\/strong><\/span><strong><span style=\"margin-left: 5px; color: #fff; background-color: red; padding: 1px 7px;\">199.0 PLN<\/span><\/strong><\/p>\n<\/div>\n<h2>Smartwatch <\/h2>\n<div style=\"font-weight: bold; font-size: 18px;\">\n<p>Model Hama Smartwatch 6010 GPS niebieski:<\/p>\n<p>&nbsp;<\/p>\n<\/div>\n<p style=\"text-align: center; padding-bottom: 15px;\"><a style=\"color: #fff; font-size: 22px; background-color: #e4144d; padding: 9px 17px; border-radius: 7px; text-decoration: underline;\" href=\"https:\/\/converti.se\/click\/34590059-c70e8160-5f3ad4bf\/?deep_link=https%3A%2F%2Fwww.komputronik.pl%2Fproduct%2F941052%2Fzegarek-smartwatch-hama-smartwatch-6010-niebieski.html&#038;tag6=product&#038;tag8=54fbe5afd3db89e3a99286429c05938d&#038;tag9=Hama+Smartwatch+6010+GPS+niebieski\" target=\"_blank\" rel=\"nofollow noopener\">Wi\u0119cej szczeg\u00f3\u0142\u00f3w<\/a> <span style=\"font-size: 22px; padding-left: 10px;\"><\/span><\/p>\n<p>&nbsp;<\/p>\n","protected":false},"excerpt":{"rendered":"<p><span style='background-color: #000000; color: #fff; padding: 2px 7px;'>Cechy i zalety: <\/span> <\/p>\n<ul style='padding-left: 10px; padding-bottom: 10px;'>\n<li style='padding-top: 10px;'>Hama | Fit Watch | 6010 | Smartwatch | prostok\u0105tny | niebieski | GPS Du\u017cy, dotykowy wy\u015bwietlacz Zegarek sportowy Hama Samrtwatch 6010 wyposa\u017cony jest w wyra\u017any, kolorowy, dotykowy wy\u015bwietlacz TFT 1,65&#8243; z regulowan\u0105 jasno\u015bci\u0105 ekranu\n<li style='padding-top: 10px;'>Intuicyjne sterowanie przypomina obs\u0142ug\u0119 smartfona, dzi\u0119ki czemu korzystanie z smartwatcha jest proste i wygodne\n<li style='padding-top: 10px;'>Personalizowane tarcze dopasujesz do swoich preferencji\n<li style='padding-top: 10px;'>100 dyscyplin sportowych Ten smartwatch oferuje a\u017c 100 dyscyplin sportowych, takich jak trening si\u0142owy, tenis czy joga, zapewniaj\u0105c spersonalizowane analizy\n<li style='padding-top: 10px;'>Wodoodporno\u015b\u0107 na poziomie IP68 i 3 ATM pozwala nosi\u0107 zegarek podczas p\u0142ywania czy \u017ceglowania\n<li style='padding-top: 10px;'>Dla biegaczy dost\u0119pne s\u0105 kursy dostosowane do poziomu sprawno\u015bci, pomagaj\u0105ce krok po kroku poprawi\u0107 kondycj\u0119\n<li style='padding-top: 10px;'>Nawigacja bez smartfona Zegarek sportowy Hama wyposa\u017cony jest w zaawansowany modu\u0142 GPS dzia\u0142aj\u0105cy niezale\u017cnie od smartfona\n<li style='padding-top: 10px;'>Dzi\u0119ki jednoczesnemu wsparciu kilku globalnych system\u00f3w nawigacji satelitarnej\u2014GLONASS, GALILEO, BEIDOU i GPS\u2014zapewnia jeszcze szybsze i dok\u0142adniejsze okre\u015blanie pozycji na ca\u0142ym \u015bwiecie\n<li style='padding-top: 10px;'>Optymalizacja treningu Trenuj efektywnie z funkcjami monitoruj\u0105cymi pu\u0142ap tlenowy (VO2max), zmienno\u015b\u0107 rytmu serca oraz efekt treningu aerobowego\n<li style='padding-top: 10px;'>W po\u0142\u0105czeniu z ocen\u0105 poziomu energii cia\u0142a i zalecanym czasem regeneracji, zegarek dostarcza solidnej bazy danych do planowania, analizy i optymalizacji indywidualnego treningu\n<li style='padding-top: 10px;'>Zdrowie i dobre samopoczucie Monitoruj t\u0119tno, poziom natlenienia krwi (SpO\u2082), liczb\u0119 krok\u00f3w i spalonych kalorii\n<li style='padding-top: 10px;'>Zegarek sportowy Hama 6010 dostarcza kompleksowych danych, kt\u00f3re pomog\u0105 Ci zadba\u0107 o zdrowie i kondycj\u0119\n<li style='padding-top: 10px;'>Wspieraj swoje dobre samopoczucie korzystaj\u0105c z \u0107wicze\u0144 oddechowych czy monitora cyklu menstruacyjnego\n<li style='padding-top: 10px;'>Dodatkowo zegarek przypomni Ci o piciu wody\n<li style='padding-top: 10px;'>Analiza snu \u015aled\u017a jako\u015b\u0107 swojego snu dzi\u0119ki funkcji monitorowania faz lekkiego i g\u0142\u0119bokiego snu, REM oraz faz czuwania\n<li style='padding-top: 10px;'>Otrzymasz r\u00f3wnie\u017c ocen\u0119 jako\u015bci snu, co pomo\u017ce Ci poprawi\u0107 regeneracj\u0119 organizmu\n<li style='padding-top: 10px;'>Rozmowy z nadgarstka Dzi\u0119ki funkcji dzwonienia Bluetooth mo\u017cesz prowadzi\u0107 rozmowy telefoniczne bezpo\u015brednio z zegarka sportowego Hama\n<li style='padding-top: 10px;'>To idealne rozwi\u0105zanie podczas treningu, gdy potrzebujesz wolnych r\u0105k i pe\u0142nej mobilno\u015bci\n<li style='padding-top: 10px;'>Sterowanie asystentem g\u0142osowym Kontroluj asystenta g\u0142osowego Siri lub Google Assistant bezpo\u015brednio z nadgarstka\n<li style='padding-top: 10px;'>Dzi\u0119ki temu mo\u017cesz wykonywa\u0107 po\u0142\u0105czenia, odpowiada\u0107 na wiadomo\u015bci czy zadawa\u0107 pytania, nie wyci\u0105gaj\u0105c telefonu z kieszeni\n<li style='padding-top: 10px;'>Powiadomienia i wiadomo\u015bci Otrzymuj powiadomienia z aplikacji takich jak WhatsApp, e-mail czy Instagram bezpo\u015brednio na swoim smartwatchu\n<li style='padding-top: 10px;'>Wibracje i wy\u015bwietlane informacje pozwol\u0105 Ci by\u0107 na bie\u017c\u0105co, nawet gdy telefon jest schowany\n<li style='padding-top: 10px;'>\u0141\u0105czno\u015b\u0107 i czas dzia\u0142ania Jedno \u0142adowanie wystarcza na 5 do 7 dni dzia\u0142ania, w zale\u017cno\u015bci od intensywno\u015bci u\u017cytkowania\n<li style='padding-top: 10px;'>Pe\u0142ne na\u0142adowanie zajmuje tylko 2,5 godziny, za pomoc\u0105 do\u0142\u0105czonego kabla magnetycznego\n<li style='padding-top: 10px;'>Korzystaj z dedykowanej aplikacji Hama Fit Move oraz po\u0142\u0105cz si\u0119 z innymi kompatybilnymi apkami: Google Fit, Apple Health i Strava\n<li style='padding-top: 10px;'>Dodatkowe funkcje dla Twojej wygody Zegarek oferuje wiele przydatnych funkcji, takich jak budzik wibracyjny, prognoza pogody, przypomnienie o ruchu, sterowanie muzyk\u0105, wyzwalacz aparatu, opcj\u0119 \u2018Znajd\u017a telefon\u2019 czy tryb \u2018Nie przeszkadza\u0107\u2019.<\/ul>\n<h3>Smartwatch jest <span style='color: red;'>dost\u0119pny<\/span><\/h3>\n","protected":false},"featured_media":28944,"comment_status":"closed","ping_status":"open","template":"","meta":[],"product_cat":[],"product_tag":[],"class_list":{"0":"post-28943","1":"product","2":"type-product","3":"status-publish","6":"pa_sklep-komputronik-pl","7":"pa_typ-telefony-i-smartwatche-smartwatche-i-zegarki","9":"first","10":"instock","11":"product-type-external"},"_links":{"self":[{"href":"https:\/\/taniabonament.pl\/smartwatch\/wp-json\/wp\/v2\/product\/28943","targetHints":{"allow":["GET"]}}],"collection":[{"href":"https:\/\/taniabonament.pl\/smartwatch\/wp-json\/wp\/v2\/product"}],"about":[{"href":"https:\/\/taniabonament.pl\/smartwatch\/wp-json\/wp\/v2\/types\/product"}],"replies":[{"embeddable":true,"href":"https:\/\/taniabonament.pl\/smartwatch\/wp-json\/wp\/v2\/comments?post=28943"}],"wp:featuredmedia":[{"embeddable":true,"href":"https:\/\/taniabonament.pl\/smartwatch\/wp-json\/wp\/v2\/media\/28944"}],"wp:attachment":[{"href":"https:\/\/taniabonament.pl\/smartwatch\/wp-json\/wp\/v2\/media?parent=28943"}],"wp:term":[{"taxonomy":"product_cat","embeddable":true,"href":"https:\/\/taniabonament.pl\/smartwatch\/wp-json\/wp\/v2\/product_cat?post=28943"},{"taxonomy":"product_tag","embeddable":true,"href":"https:\/\/taniabonament.pl\/smartwatch\/wp-json\/wp\/v2\/product_tag?post=28943"}],"curies":[{"name":"wp","href":"https:\/\/api.w.org\/{rel}","templated":true}]}}