{"id":28939,"date":"2025-01-10T15:12:22","date_gmt":"2025-01-10T14:12:22","guid":{"rendered":"https:\/\/taniabonament.pl\/smartwatch\/tracer-smartwatch-sm7-gp-line\/"},"modified":"2025-01-10T15:12:23","modified_gmt":"2025-01-10T14:12:23","slug":"tracer-smartwatch-sm7-gp-line","status":"publish","type":"product","link":"https:\/\/taniabonament.pl\/smartwatch\/tracer-smartwatch-sm7-gp-line\/","title":{"rendered":"Tracer Smartwatch SM7 GP+ Line"},"content":{"rendered":"<p>&nbsp;<\/p>\n<h2>Przedstawiamy wyj\u0105tkowy Smartwatch marki Tracer<\/h2>\n<p>CENA BEZ PROMOCJI: 215.0 PLN<\/p>\n<p>najni\u017csza cena z ostatnich 30 dni: 215.0 PLN<\/p>\n<div style=\"font-weight: bold; font-size: 18px;\">\n<p>UWAGA <span style=\"color: red;\">MAMY RABATY, SPRAWD\u0179 PONI\u017bEJ!<\/span><\/p>\n<p>Gdzie kupisz ten model? Prezentowany <a style=\"color: red;\" href=\"https:\/\/taniabonament.pl\/smartwatch\/\">Smartwatch<\/a> dost\u0119pny jest w Komputronik.pl. Kliknij i przejd\u017a do sklepu gdzie ten zegarek jest dost\u0119pny online. Dzisiaj kupisz go w atrakcyjnej cenie. Dodatkowo w sklepie gdzie jest oferowany poznasz wszystkie funkcje tego zegarka oraz dost\u0119pne promocje na ten nowoczesny zegarek:<\/p>\n<p><span style=\"color: #fff; background-color: #000000; padding: 1px 7px;\"><strong>Tracer<\/strong><\/span><strong><span style=\"margin-left: 5px; color: #fff; background-color: red; padding: 1px 7px;\">215.0 PLN<\/span><\/strong><\/p>\n<\/div>\n<h2>Smartwatch Tracer<\/h2>\n<div style=\"font-weight: bold; font-size: 18px;\">\n<p>Model Tracer Smartwatch SM7 GP+ Line:<\/p>\n<p>&nbsp;<\/p>\n<\/div>\n<p style=\"text-align: center; padding-bottom: 15px;\"><a style=\"color: #fff; font-size: 22px; background-color: #e4144d; padding: 9px 17px; border-radius: 7px; text-decoration: underline;\" href=\"https:\/\/converti.se\/click\/34590059-c70e8160-5f3ad4bf\/?deep_link=https%3A%2F%2Fwww.komputronik.pl%2Fproduct%2F910749%2Fzegarek-smartwatch-tracer-smartwatch-sm7-gp-line.html&#038;tag6=product&#038;tag8=892d6dd881f24d708fa51f3642fe4b24&#038;tag9=Tracer+Smartwatch+SM7+GP%2B+Line\" target=\"_blank\" rel=\"nofollow noopener\">Wi\u0119cej szczeg\u00f3\u0142\u00f3w<\/a> <span style=\"font-size: 22px; padding-left: 10px;\"><\/span><\/p>\n<p>&nbsp;<\/p>\n","protected":false},"excerpt":{"rendered":"<p><span style='background-color: #000000; color: #fff; padding: 2px 7px;'>Cechy i zalety: <\/span> <\/p>\n<ul style='padding-left: 10px; padding-bottom: 10px;'>\n<li style='padding-top: 10px;'>TRACER Smartwatch SM7 GP+ Line W Twoim \u017cyciu wiele si\u0119 dzieje, ka\u017cdy dzie\u0144 ma napi\u0119ty grafik i zawrotne tempo, a do tego jeste\u015b sportowym freakiem? Zatem ka\u017cdy Tw\u00f3j gad\u017cet musi dotrzyma\u0107 Ci kroku\n<li style='padding-top: 10px;'>Odkryj nowoczesny i multisportowy SM7 GP+\n<li style='padding-top: 10px;'>Przy tym klasyczny, elegancki \u201elook\u201d przyci\u0105gnie oko niejednej osoby\n<li style='padding-top: 10px;'>SM7 GP+ ma a\u017c 70 tryb\u00f3w sportowych, wi\u0119c z pewno\u015bci\u0105 znajdziesz tu co\u015b dla siebie\n<li style='padding-top: 10px;'>Monitoruj kluczowe parametry swojego organizmu, przebieg ulubionych trening\u00f3w, zdobywaj cenne dane o swojej kondycji i progresuj\n<li style='padding-top: 10px;'>Smartwatch Tracer mo\u017ce dzia\u0142a\u0107 nawet do 7 dni na jednym \u0142adowaniu baterii, wyposa\u017cony zosta\u0142 w czujnik G-Sensor, szklany ekran 2.5D i modu\u0142 Bluetooth 5.2, dzi\u0119ki kt\u00f3remu mo\u017cesz r\u00f3wnie\u017c odbiera\u0107 po\u0142\u0105czenia przy u\u017cyciu zegarka (BT Calling)\n<li style='padding-top: 10px;'>Zachwyca niesamowitym designem Elegancki i wytrzyma\u0142y Tracer SM7 GP+ LINE to zegarek sportowy z dotykowym 1,3\u201d ekranem o zakrzywionych kraw\u0119dziach\n<li style='padding-top: 10px;'>Bardzo jasny ekran o wysokim kontra\u015bcie\n<li style='padding-top: 10px;'>Z boku stalowej koperty znajdziesz przycisk funkcyjny, kt\u00f3ry poza ekranem dotykowym dodatkowo u\u0142atwi nawigowanie po licznych funkcjach smartwatcha\n<li style='padding-top: 10px;'>Niech nie zmyli Ci\u0119 jego klasyczny wygl\u0105d, zegarek spe\u0142nia norm\u0119 IP67, co czyni go ca\u0142kowicie py\u0142oszczelnym i odpornym na kr\u00f3tkotrwa\u0142e zanurzenie w wodzie\n<li style='padding-top: 10px;'>Idealny towarzysz trening\u00f3w Podczas gdy Ty zajmujesz si\u0119 swoimi sprawami, jeste\u015b w pracy lub w drodze na spotkanie towarzyskie, ten smartwatch rejestruje ca\u0142y czas Twoj\u0105 aktywno\u015b\u0107 \u2013 przebyty dystans, ilo\u015b\u0107 krok\u00f3w, spalone kalorie, t\u0119tno, momenty intensywniejszej aktywno\u015bci\n<li style='padding-top: 10px;'>Smartwatch Tracer to wymarzony gad\u017cet dla sportowych freak\u00f3w\n<li style='padding-top: 10px;'>Obs\u0142uga 70 tryb\u00f3w sportowych pomo\u017ce w realizacji cel\u00f3w treningowych\n<li style='padding-top: 10px;'>Zabierz smartwatch TRACER ze sob\u0105 na si\u0142owni\u0119 i \u0107wicz efektywnie &#8211; pozwoli Ci on policzy\u0107 spalone kalorie, a tak\u017ce zmierzy\u0107 dystans, jaki przeby\u0142e\u015b, biegn\u0105c lub maszeruj\u0105c\n<li style='padding-top: 10px;'>Doskona\u0142y asystent Smartwatch jest tak\u017ce \u015bwietnym asystentem\n<li style='padding-top: 10px;'>Dedykowana aplikacja na telefon umo\u017cliwia sparowanie ze sob\u0105 obu urz\u0105dze\u0144, dzi\u0119ki temu, gdy Tw\u00f3j telefon b\u0119dzie poza zasi\u0119giem wzroku, np\n<li style='padding-top: 10px;'>w plecaku, powiadomienie o przychodz\u0105cym po\u0142\u0105czeniu zobaczysz na tarczy zegarka i b\u0119dziesz m\u00f3g\u0142 je odebra\u0107 lub nawi\u0105za\u0107 nowe bezpo\u015brednio ze smartwatcha\n<li style='padding-top: 10px;'>Mo\u017cesz r\u00f3wnie\u017c sprawdzi\u0107 pogod\u0119 na najbli\u017cszych kilka dni\n<li style='padding-top: 10px;'>Smartwatch przypomni Ci r\u00f3wnie\u017c o regularnym nawodnieniu\n<li style='padding-top: 10px;'>Sen pod kontrol\u0105 Tracer SM7 GP+ Line dokonuje r\u00f3wnie\u017c pomiaru ilo\u015bci godzin po\u015bwi\u0119conych na sen i zapisuje dane o poszczeg\u00f3lnych jego fazach i jako\u015bci\n<li style='padding-top: 10px;'>Mo\u017cesz \u015bledzi\u0107 fazy swojego snu: lekk\u0105, g\u0142\u0119bok\u0105 i REM, pozwoli Ci to lepiej pozna\u0107 sw\u00f3j organizm i fizjologi\u0119 snu\n<li style='padding-top: 10px;'>Jako\u015b\u0107 snu ma znaczny wp\u0142yw na prawid\u0142owy odpoczynek\n<li style='padding-top: 10px;'>Monitoruj swoje zdrowie Smartwatch Tracer zosta\u0142 wyposa\u017cony w czujniki, kt\u00f3re ca\u0142\u0105 dob\u0119 \u015bledz\u0105 parametry Twojego zdrowia\n<li style='padding-top: 10px;'>Zegarek kontroluje poziom t\u0119tna zar\u00f3wno podczas intensywnego treningu, jak i zwyk\u0142ego dnia w pracy i poinformuje Ci\u0119, gdy Tw\u00f3j puls b\u0119dzie znacznie podwy\u017cszony\n<li style='padding-top: 10px;'>Pomiar pulsu pomo\u017ce Ci oceni\u0107 intensywno\u015b\u0107 treningu\n<li style='padding-top: 10px;'>Smartwatch monitoruje r\u00f3wnie\u017c poziom nasycenia krwi tlenem\n<li style='padding-top: 10px;'>SpO2 to bardzo istotny wska\u017anik, a gdy zegarek wykryje jego spadek, natychmiast Ci\u0119 o tym powiadomi\n<li style='padding-top: 10px;'>\u0106wiczenia oddechowe Regularne \u0107wiczenia oddechowe s\u0105 niezwykle istotne dla zdrowia cia\u0142a i umys\u0142u, maj\u0105 r\u00f3wnie\u017c du\u017cy wp\u0142yw na kondycj\u0119\n<li style='padding-top: 10px;'>Skupienie si\u0119 na prawid\u0142owym oddechu pomaga wyciszy\u0107 umys\u0142 po stresuj\u0105cej sytuacji, ma pozytywny wp\u0142yw na koncentracj\u0119\n<li style='padding-top: 10px;'>\u0106wiczenia oddechowe wykonywane systematycznie mog\u0105 wp\u0142yn\u0105\u0107 pozytywnie na parametry krwi, lepsze dotlenienie m\u00f3zgu oraz wydolno\u015b\u0107 fizyczn\u0105\n<li style='padding-top: 10px;'>Trening oddechu stosowany wieczorem sprawi, \u017ce b\u0119dziesz lepiej sypia\u0107 i budzi\u0107 si\u0119 bardziej wypocz\u0119ty\n<li style='padding-top: 10px;'>\u015aledzenie cyklu menstruacyjnego Wykorzystaj smartwatch Tracer GP+ Line do \u015bledzenia swojego cyklu menstruacyjnego\n<li style='padding-top: 10px;'>Zegarek z wyprzedzeniem powiadomi Ci\u0119 o nadchodz\u0105cej miesi\u0105czce oraz dnia p\u0142odnych\n<li style='padding-top: 10px;'>Od teraz nieoczekiwana miesi\u0105czka nie popsuje Twoich plan\u00f3w treningowych\n<li style='padding-top: 10px;'>Z zegarkiem Tracer GP+ Line b\u0119dziesz mie\u0107 wszystko pod kontrol\u0105.<\/ul>\n<h3>Smartwatch jest <span style='color: red;'>dost\u0119pny<\/span><\/h3>\n","protected":false},"featured_media":28940,"comment_status":"closed","ping_status":"open","template":"","meta":[],"product_cat":[80],"product_tag":[],"class_list":{"0":"post-28939","1":"product","2":"type-product","3":"status-publish","6":"product_cat-tracer","7":"pa_producent-tracer","8":"pa_sklep-komputronik-pl","9":"pa_typ-telefony-i-smartwatche-smartwatche-i-zegarki","11":"first","12":"instock","13":"product-type-external"},"_links":{"self":[{"href":"https:\/\/taniabonament.pl\/smartwatch\/wp-json\/wp\/v2\/product\/28939","targetHints":{"allow":["GET"]}}],"collection":[{"href":"https:\/\/taniabonament.pl\/smartwatch\/wp-json\/wp\/v2\/product"}],"about":[{"href":"https:\/\/taniabonament.pl\/smartwatch\/wp-json\/wp\/v2\/types\/product"}],"replies":[{"embeddable":true,"href":"https:\/\/taniabonament.pl\/smartwatch\/wp-json\/wp\/v2\/comments?post=28939"}],"wp:featuredmedia":[{"embeddable":true,"href":"https:\/\/taniabonament.pl\/smartwatch\/wp-json\/wp\/v2\/media\/28940"}],"wp:attachment":[{"href":"https:\/\/taniabonament.pl\/smartwatch\/wp-json\/wp\/v2\/media?parent=28939"}],"wp:term":[{"taxonomy":"product_cat","embeddable":true,"href":"https:\/\/taniabonament.pl\/smartwatch\/wp-json\/wp\/v2\/product_cat?post=28939"},{"taxonomy":"product_tag","embeddable":true,"href":"https:\/\/taniabonament.pl\/smartwatch\/wp-json\/wp\/v2\/product_tag?post=28939"}],"curies":[{"name":"wp","href":"https:\/\/api.w.org\/{rel}","templated":true}]}}