{"id":28905,"date":"2025-01-10T15:12:02","date_gmt":"2025-01-10T14:12:02","guid":{"rendered":"https:\/\/taniabonament.pl\/smartwatch\/acefast-e19-qi2-3w1-na-smartfon-sluchawki-smartwatch-czarna\/"},"modified":"2025-01-10T15:12:03","modified_gmt":"2025-01-10T14:12:03","slug":"acefast-e19-qi2-3w1-na-smartfon-sluchawki-smartwatch-czarna","status":"publish","type":"product","link":"https:\/\/taniabonament.pl\/smartwatch\/acefast-e19-qi2-3w1-na-smartfon-sluchawki-smartwatch-czarna\/","title":{"rendered":"Acefast E19 Qi2 3w1 na smartfon \/ s\u0142uchawki \/ smartwatch &#8211; czarna"},"content":{"rendered":"<p>&nbsp;<\/p>\n<h2>Przedstawiamy wyj\u0105tkowy Smartwatch marki Acefast<\/h2>\n<p>CENA BEZ PROMOCJI: 179.9 PLN<\/p>\n<p>najni\u017csza cena z ostatnich 30 dni: 179.9 PLN<\/p>\n<div style=\"font-weight: bold; font-size: 18px;\">\n<p>UWAGA <span style=\"color: red;\">MAMY RABATY, SPRAWD\u0179 PONI\u017bEJ!<\/span><\/p>\n<p>Gdzie kupisz ten model? Prezentowany <a style=\"color: red;\" href=\"https:\/\/taniabonament.pl\/smartwatch\/\">Smartwatch<\/a> dost\u0119pny jest w Komputronik.pl. Kliknij i przejd\u017a do sklepu gdzie ten zegarek jest dost\u0119pny online. Dzisiaj kupisz go w atrakcyjnej cenie. Dodatkowo w sklepie gdzie jest oferowany poznasz wszystkie funkcje tego zegarka oraz dost\u0119pne promocje na ten nowoczesny zegarek:<\/p>\n<p><span style=\"color: #fff; background-color: #000000; padding: 1px 7px;\"><strong>Acefast<\/strong><\/span><strong><span style=\"margin-left: 5px; color: #fff; background-color: red; padding: 1px 7px;\">179.9 PLN<\/span><\/strong><\/p>\n<\/div>\n<h2>Smartwatch Acefast<\/h2>\n<div style=\"font-weight: bold; font-size: 18px;\">\n<p>Model Acefast E19 Qi2 3w1 na smartfon \/ s\u0142uchawki \/ smartwatch &#8211; czarna:<\/p>\n<p>&nbsp;<\/p>\n<\/div>\n<p style=\"text-align: center; padding-bottom: 15px;\"><a style=\"color: #fff; font-size: 22px; background-color: #e4144d; padding: 9px 17px; border-radius: 7px; text-decoration: underline;\" href=\"https:\/\/converti.se\/click\/34590059-c70e8160-5f3ad4bf\/?deep_link=https%3A%2F%2Fwww.komputronik.pl%2Fproduct%2F941859%2Fladowarka-do-telefonu-acefast-e19-qi2-3w1-na-smartfon-sluchawki-smartwatch-czarna.html&#038;tag6=product&#038;tag8=4f393de67e900c6976c044f289686e00&#038;tag9=Acefast+E19+Qi2+3w1+na+smartfon+%2F+s%C5%82uchawki+%2F+smartwatch+-+czarna\" target=\"_blank\" rel=\"nofollow noopener\">Wi\u0119cej szczeg\u00f3\u0142\u00f3w<\/a> <span style=\"font-size: 22px; padding-left: 10px;\"><\/span><\/p>\n<p>&nbsp;<\/p>\n","protected":false},"excerpt":{"rendered":"<p><span style='background-color: #000000; color: #fff; padding: 2px 7px;'>Cechy i zalety: <\/span> <\/p>\n<ul style='padding-left: 10px; padding-bottom: 10px;'>\n<li style='padding-top: 10px;'>\u0141adowarka indukcyjna Acefast E19 ze standardem Qi2 do smartfon\u00f3w \/ s\u0142uchawek \/ smartwatch\u00f3w &#8211; czarna \u0141adowarka indukcyjna Acefast E19 to niezast\u0105pione urz\u0105dzenie dla ka\u017cdego, kto ceni nowoczesne technologie\n<li style='padding-top: 10px;'>Mo\u017cesz jednocze\u015bnie \u0142adowa\u0107 smartfona, smartwatcha i s\u0142uchawki, oszcz\u0119dzaj\u0105c czas i miejsce\n<li style='padding-top: 10px;'>Certyfikacja Qi2 i moc \u0142adowania 15W zapewniaj\u0105 superszybkie \u0142adowanie\n<li style='padding-top: 10px;'>Dzi\u0119ki sk\u0142adanej konstrukcji \u0142adowark\u0119 mo\u017cesz schowa\u0107 do plecaka czy torebki\n<li style='padding-top: 10px;'>Wbudowane zabezpieczenia chroni\u0105 Twoje urz\u0105dzenia przed przegrzaniem, przeci\u0105\u017ceniem i innymi zagro\u017ceniami\n<li style='padding-top: 10px;'>Zapewnia wygodne \u0142adowanie trzech urz\u0105dze\u0144 jednocze\u015bnie\n<li style='padding-top: 10px;'>\u0141adowarka Acefast E19 obs\u0142uguje \u0142adowanie smartfon\u00f3w, smartwatch\u00f3w i s\u0142uchawek\n<li style='padding-top: 10px;'>Przyspiesza proces \u0142adowania dzi\u0119ki mocy 15W\n<li style='padding-top: 10px;'>Acefast E19 posiada certyfikacj\u0119 Qi2\n<li style='padding-top: 10px;'>Umo\u017cliwia \u0142atwe dostosowanie pozycji \u0142adowania\n<li style='padding-top: 10px;'>Sk\u0142adany uchwyt \u0142adowarki pozwala na ustawienie urz\u0105dzenia w r\u00f3\u017cnych k\u0105tach\n<li style='padding-top: 10px;'>Gwarantuje pewne i stabilne \u0142adowanie dla wszystkich modeli iPhone z funkcj\u0105 \u0142adowania bezprzewodowego\n<li style='padding-top: 10px;'>Dzi\u0119ki magnesom N52 \u0142adowarka zapewnia silne przyci\u0105ganie\n<li style='padding-top: 10px;'>Chroni urz\u0105dzenia dzi\u0119ki zaawansowanym funkcjom zabezpieczaj\u0105cym\n<li style='padding-top: 10px;'>Acefast E19 posiada wbudowany chip z funkcjami ochrony przed przepi\u0119ciami, przegrzaniem i innymi zagro\u017ceniami.<\/ul>\n<h3>Smartwatch jest <span style='color: red;'>dost\u0119pny<\/span><\/h3>\n","protected":false},"featured_media":28906,"comment_status":"closed","ping_status":"open","template":"","meta":[],"product_cat":[673],"product_tag":[],"class_list":{"0":"post-28905","1":"product","2":"type-product","3":"status-publish","6":"product_cat-acefast","7":"pa_producent-acefast","8":"pa_sklep-komputronik-pl","9":"pa_typ-telefony-i-smartwatche-akcesoria-do-telefonow-i-zegarkow-ladowarki-do-telefonu","11":"first","12":"instock","13":"product-type-external"},"_links":{"self":[{"href":"https:\/\/taniabonament.pl\/smartwatch\/wp-json\/wp\/v2\/product\/28905","targetHints":{"allow":["GET"]}}],"collection":[{"href":"https:\/\/taniabonament.pl\/smartwatch\/wp-json\/wp\/v2\/product"}],"about":[{"href":"https:\/\/taniabonament.pl\/smartwatch\/wp-json\/wp\/v2\/types\/product"}],"replies":[{"embeddable":true,"href":"https:\/\/taniabonament.pl\/smartwatch\/wp-json\/wp\/v2\/comments?post=28905"}],"wp:featuredmedia":[{"embeddable":true,"href":"https:\/\/taniabonament.pl\/smartwatch\/wp-json\/wp\/v2\/media\/28906"}],"wp:attachment":[{"href":"https:\/\/taniabonament.pl\/smartwatch\/wp-json\/wp\/v2\/media?parent=28905"}],"wp:term":[{"taxonomy":"product_cat","embeddable":true,"href":"https:\/\/taniabonament.pl\/smartwatch\/wp-json\/wp\/v2\/product_cat?post=28905"},{"taxonomy":"product_tag","embeddable":true,"href":"https:\/\/taniabonament.pl\/smartwatch\/wp-json\/wp\/v2\/product_tag?post=28905"}],"curies":[{"name":"wp","href":"https:\/\/api.w.org\/{rel}","templated":true}]}}