{"id":28858,"date":"2025-01-10T15:11:32","date_gmt":"2025-01-10T14:11:32","guid":{"rendered":"https:\/\/taniabonament.pl\/smartwatch\/second-life-smartwatch-amazfit-bip-5-soft-black-stan-doskonaly\/"},"modified":"2025-01-10T15:11:32","modified_gmt":"2025-01-10T14:11:32","slug":"second-life-smartwatch-amazfit-bip-5-soft-black-stan-doskonaly","status":"publish","type":"product","link":"https:\/\/taniabonament.pl\/smartwatch\/second-life-smartwatch-amazfit-bip-5-soft-black-stan-doskonaly\/","title":{"rendered":"Second Life &#8211; Smartwatch Amazfit Bip 5 Soft Black &#8211; Stan Doskona\u0142y"},"content":{"rendered":"<p>&nbsp;<\/p>\n<h2>Przedstawiamy wyj\u0105tkowy Smartwatch marki AMAZFIT<\/h2>\n<p>CENA BEZ PROMOCJI: 314.99 PLN<\/p>\n<p>najni\u017csza cena z ostatnich 30 dni: 314.99 PLN<\/p>\n<div style=\"font-weight: bold; font-size: 18px;\">\n<p>UWAGA <span style=\"color: red;\">MAMY RABATY, SPRAWD\u0179 PONI\u017bEJ!<\/span><\/p>\n<p>Gdzie kupisz ten model? Prezentowany <a style=\"color: red;\" href=\"https:\/\/taniabonament.pl\/smartwatch\/\">Smartwatch<\/a> dost\u0119pny jest w Decathlon.pl. Kliknij i przejd\u017a do sklepu gdzie ten zegarek jest dost\u0119pny online. Dzisiaj kupisz go w atrakcyjnej cenie. Dodatkowo w sklepie gdzie jest oferowany poznasz wszystkie funkcje tego zegarka oraz dost\u0119pne promocje na ten nowoczesny zegarek:<\/p>\n<p><span style=\"color: #fff; background-color: #000000; padding: 1px 7px;\"><strong>AMAZFIT<\/strong><\/span><strong><span style=\"margin-left: 5px; color: #fff; background-color: red; padding: 1px 7px;\">314.99 PLN<\/span><\/strong><\/p>\n<\/div>\n<h2>Smartwatch AMAZFIT<\/h2>\n<div style=\"font-weight: bold; font-size: 18px;\">\n<p>Model Second Life &#8211; Smartwatch Amazfit Bip 5 Soft Black &#8211; Stan Doskona\u0142y:<\/p>\n<p>&nbsp;<\/p>\n<\/div>\n<p style=\"text-align: center; padding-bottom: 15px;\"><a style=\"color: #fff; font-size: 22px; background-color: #e4144d; padding: 9px 17px; border-radius: 7px; text-decoration: underline;\" href=\"https:\/\/converti.se\/click\/34590059-c70e8160-5f3fd1b7\/?deep_link=https%3A%2F%2Fwww.decathlon.pl%2Fp%2Fmp%2Famazfit%2Fsecond-life-smartwatch-amazfit-bip-5-soft-black-stan-doskonaly%2F_%2FR-p-997f933c-4da3-47fe-8694-7517b15e5b42%3Fmc%3D997f933c-4da3-47fe-8694-7517b15e5b42_c258&#038;tag6=product&#038;tag8=21d5d298158689cc5f256c80c432007b&#038;tag9=Second+Life+-+Smartwatch+Amazfit+Bip+5+Soft+Black+-+Stan+Doskona%C5%82y\" target=\"_blank\" rel=\"nofollow noopener\">Wi\u0119cej szczeg\u00f3\u0142\u00f3w<\/a> <span style=\"font-size: 22px; padding-left: 10px;\"><\/span><\/p>\n<p>&nbsp;<\/p>\n","protected":false},"excerpt":{"rendered":"<p><span style='background-color: #000000; color: #fff; padding: 2px 7px;'>Cechy i zalety: <\/span> <\/p>\n<ul style='padding-left: 10px; padding-bottom: 10px;'>\n<li style='padding-top: 10px;'>Stan Doskona\u0142y &#8211; Nasze produkty 2nd life zosta\u0142y sprawdzone, wyczyszczone i w razie potrzeby naprawione przez specjalist\u00f3w.<\/ul>\n<h3>Smartwatch jest <span style='color: red;'>dost\u0119pny<\/span><\/h3>\n","protected":false},"featured_media":28859,"comment_status":"closed","ping_status":"open","template":"","meta":[],"product_cat":[61],"product_tag":[],"class_list":{"0":"post-28858","1":"product","2":"type-product","3":"status-publish","6":"product_cat-amazfit","7":"pa_producent-amazfit","8":"pa_sklep-decathlon-pl","9":"pa_typ-sporty-chodzenie-akcesoria-do-chodzenia-monitory-aktywnosci","11":"first","12":"instock","13":"product-type-external"},"_links":{"self":[{"href":"https:\/\/taniabonament.pl\/smartwatch\/wp-json\/wp\/v2\/product\/28858","targetHints":{"allow":["GET"]}}],"collection":[{"href":"https:\/\/taniabonament.pl\/smartwatch\/wp-json\/wp\/v2\/product"}],"about":[{"href":"https:\/\/taniabonament.pl\/smartwatch\/wp-json\/wp\/v2\/types\/product"}],"replies":[{"embeddable":true,"href":"https:\/\/taniabonament.pl\/smartwatch\/wp-json\/wp\/v2\/comments?post=28858"}],"wp:featuredmedia":[{"embeddable":true,"href":"https:\/\/taniabonament.pl\/smartwatch\/wp-json\/wp\/v2\/media\/28859"}],"wp:attachment":[{"href":"https:\/\/taniabonament.pl\/smartwatch\/wp-json\/wp\/v2\/media?parent=28858"}],"wp:term":[{"taxonomy":"product_cat","embeddable":true,"href":"https:\/\/taniabonament.pl\/smartwatch\/wp-json\/wp\/v2\/product_cat?post=28858"},{"taxonomy":"product_tag","embeddable":true,"href":"https:\/\/taniabonament.pl\/smartwatch\/wp-json\/wp\/v2\/product_tag?post=28858"}],"curies":[{"name":"wp","href":"https:\/\/api.w.org\/{rel}","templated":true}]}}