{"id":28744,"date":"2025-01-10T15:10:27","date_gmt":"2025-01-10T14:10:27","guid":{"rendered":"https:\/\/taniabonament.pl\/smartwatch\/smartcase-smartwatch-w-kolorze-szarym-rozmiar-onesize\/"},"modified":"2025-01-10T15:10:28","modified_gmt":"2025-01-10T14:10:28","slug":"smartcase-smartwatch-w-kolorze-szarym-rozmiar-onesize","status":"publish","type":"product","link":"https:\/\/taniabonament.pl\/smartwatch\/smartcase-smartwatch-w-kolorze-szarym-rozmiar-onesize\/","title":{"rendered":"SmartCase Smartwatch w kolorze szarym rozmiar: onesize"},"content":{"rendered":"<p>&nbsp;<\/p>\n<h2>Przedstawiamy wyj\u0105tkowy Smartwatch marki SmartCase<\/h2>\n<p>CENA BEZ PROMOCJI: 371.56 PLN<\/p>\n<p>najni\u017csza cena z ostatnich 30 dni: 371.56 PLN<\/p>\n<div style=\"font-weight: bold; font-size: 18px;\">\n<p>UWAGA <span style=\"color: red;\">MAMY RABATY, SPRAWD\u0179 PONI\u017bEJ!<\/span><\/p>\n<p>Gdzie kupisz ten model? Prezentowany <a style=\"color: red;\" href=\"https:\/\/taniabonament.pl\/smartwatch\/\">Smartwatch<\/a> dost\u0119pny jest w Limango.pl. Kliknij i przejd\u017a do sklepu gdzie ten zegarek jest dost\u0119pny online. Dzisiaj kupisz go w atrakcyjnej cenie. Dodatkowo w sklepie gdzie jest oferowany poznasz wszystkie funkcje tego zegarka oraz dost\u0119pne promocje na ten nowoczesny zegarek:<\/p>\n<p><span style=\"color: #fff; background-color: #000000; padding: 1px 7px;\"><strong>SmartCase<\/strong><\/span><strong><span style=\"margin-left: 5px; color: #fff; background-color: red; padding: 1px 7px;\">371.56 PLN<\/span><\/strong><\/p>\n<\/div>\n<h2>Smartwatch SmartCase<\/h2>\n<div style=\"font-weight: bold; font-size: 18px;\">\n<p>Model SmartCase Smartwatch w kolorze szarym rozmiar: onesize:<\/p>\n<p>&nbsp;<\/p>\n<\/div>\n<p style=\"text-align: center; padding-bottom: 15px;\"><a style=\"color: #fff; font-size: 22px; background-color: #e4144d; padding: 9px 17px; border-radius: 7px; text-decoration: underline;\" href=\"https:\/\/converti.se\/click\/34590059-c70e8160-5f3ed1b8\/?deep_link=https%3A%2F%2Fwww.limango.pl%2Fshop%2Fsmartcase%2Fsmartwatch-w-kolorze-szarym-2-11398878%3Fvariant%3D2_34089693%26utm_source%3Dconvertiser%26utm_medium%3Dcpc%26utm_campaign%3Dconvertiser%26w%3D1682701004%26utm_brand%3Dsmartcase&#038;tag6=product&#038;tag8=588654d6bb7463eae747bf3064a7dac3&#038;tag9=SmartCase+Smartwatch+w+kolorze+szarym+rozmiar%3A+onesize\" target=\"_blank\" rel=\"nofollow noopener\">Wi\u0119cej szczeg\u00f3\u0142\u00f3w<\/a> <span style=\"font-size: 22px; padding-left: 10px;\"><\/span><\/p>\n<p>&nbsp;<\/p>\n","protected":false},"excerpt":{"rendered":"<p><span style='background-color: #000000; color: #fff; padding: 2px 7px;'>Cechy i zalety: <\/span> <\/p>\n<ul style='padding-left: 10px; padding-bottom: 10px;'>\n<li style='padding-top: 10px;'>&#8211; mo\u017cliwo\u015b\u0107 bezprzewodowego po\u0142\u0105czenia ze wszystkimi urz\u0105dzeniami obs\u0142uguj\u0105cymi funkcj\u0119 bluetooth- stopie\u0144 ochrony: IP4.2- materia\u0142 obudowy: aluminium- bransoleta: silikon- tarcza: cyfrowa- d\u0142ugo\u015b\u0107 bransolety: do indywidualnej regulacji- funkcje komunikacyjne: oddzwanianie, przypomnienia- funkcje: \u015bwietlna- kompatybilno\u015b\u0107 z systemem Android (4.4 i wy\u017cszy) i iOS (8.0 i wy\u017cszy)- zintegrowany mikrofon- bateria: polimer- akumulator: 180 mAh- stopie\u0144 ochrony: IP68Stopnie ochrony IP informuj\u0105 o przydatno\u015bci sprz\u0119tu elektrycznego w r\u00f3\u017cnych warunkach \u015brodowiskowych\n<li style='padding-top: 10px;'>Stopie\u0144 ochrony IP68 zapewnia ca\u0142kowit\u0105 ochron\u0119 przed wnikaniem py\u0142u oraz przed zalaniem przy ci\u0105g\u0142ym zanurzeniu.<\/ul>\n<h3>Smartwatch jest <span style='color: red;'>dost\u0119pny<\/span><\/h3>\n","protected":false},"featured_media":28745,"comment_status":"closed","ping_status":"open","template":"","meta":[],"product_cat":[486],"product_tag":[],"class_list":{"0":"post-28744","1":"product","2":"type-product","3":"status-publish","6":"product_cat-smartcase","7":"pa_producent-smartcase","8":"pa_sklep-limango-pl","9":"pa_typ-kobieta-damskie-akcesoria-damskie-zegarki","11":"first","12":"instock","13":"product-type-external"},"_links":{"self":[{"href":"https:\/\/taniabonament.pl\/smartwatch\/wp-json\/wp\/v2\/product\/28744","targetHints":{"allow":["GET"]}}],"collection":[{"href":"https:\/\/taniabonament.pl\/smartwatch\/wp-json\/wp\/v2\/product"}],"about":[{"href":"https:\/\/taniabonament.pl\/smartwatch\/wp-json\/wp\/v2\/types\/product"}],"replies":[{"embeddable":true,"href":"https:\/\/taniabonament.pl\/smartwatch\/wp-json\/wp\/v2\/comments?post=28744"}],"wp:featuredmedia":[{"embeddable":true,"href":"https:\/\/taniabonament.pl\/smartwatch\/wp-json\/wp\/v2\/media\/28745"}],"wp:attachment":[{"href":"https:\/\/taniabonament.pl\/smartwatch\/wp-json\/wp\/v2\/media?parent=28744"}],"wp:term":[{"taxonomy":"product_cat","embeddable":true,"href":"https:\/\/taniabonament.pl\/smartwatch\/wp-json\/wp\/v2\/product_cat?post=28744"},{"taxonomy":"product_tag","embeddable":true,"href":"https:\/\/taniabonament.pl\/smartwatch\/wp-json\/wp\/v2\/product_tag?post=28744"}],"curies":[{"name":"wp","href":"https:\/\/api.w.org\/{rel}","templated":true}]}}