{"id":28573,"date":"2025-01-10T15:09:02","date_gmt":"2025-01-10T14:09:02","guid":{"rendered":"https:\/\/taniabonament.pl\/smartwatch\/ladowarka-anker-anker-737-sluchawki-laptop-smartfon-smartwatch-tablet-czarny-prad-przemienny-szybkie-ladowanie-wewnetrzna\/"},"modified":"2025-01-10T15:09:03","modified_gmt":"2025-01-10T14:09:03","slug":"ladowarka-anker-anker-737-sluchawki-laptop-smartfon-smartwatch-tablet-czarny-prad-przemienny-szybkie-ladowanie-wewnetrzna","status":"publish","type":"product","link":"https:\/\/taniabonament.pl\/smartwatch\/ladowarka-anker-anker-737-sluchawki-laptop-smartfon-smartwatch-tablet-czarny-prad-przemienny-szybkie-ladowanie-wewnetrzna\/","title":{"rendered":"\u0141adowarka Anker Anker 737 S\u0142uchawki, Laptop, Smartfon, Smartwatch, Tablet Czarny Pr\u0105d przemienny Szybkie \u0142adowanie Wewn\u0119trzna"},"content":{"rendered":"<p>&nbsp;<\/p>\n<h2>Przedstawiamy wyj\u0105tkowy Smartwatch marki Anker<\/h2>\n<p>CENA BEZ PROMOCJI: 438.99 PLN<\/p>\n<p>najni\u017csza cena z ostatnich 30 dni: 438.99 PLN<\/p>\n<div style=\"font-weight: bold; font-size: 18px;\">\n<p>UWAGA <span style=\"color: red;\">MAMY RABATY, SPRAWD\u0179 PONI\u017bEJ!<\/span><\/p>\n<p>Gdzie kupisz ten model? Prezentowany <a style=\"color: red;\" href=\"https:\/\/taniabonament.pl\/smartwatch\/\">Smartwatch<\/a> dost\u0119pny jest w Morele.net. Kliknij i przejd\u017a do sklepu gdzie ten zegarek jest dost\u0119pny online. Dzisiaj kupisz go w atrakcyjnej cenie. Dodatkowo w sklepie gdzie jest oferowany poznasz wszystkie funkcje tego zegarka oraz dost\u0119pne promocje na ten nowoczesny zegarek:<\/p>\n<p><span style=\"color: #fff; background-color: #000000; padding: 1px 7px;\"><strong>Anker<\/strong><\/span><strong><span style=\"margin-left: 5px; color: #fff; background-color: red; padding: 1px 7px;\">438.99 PLN<\/span><\/strong><\/p>\n<\/div>\n<h2>Smartwatch Anker<\/h2>\n<div style=\"font-weight: bold; font-size: 18px;\">\n<p>Model \u0141adowarka Anker Anker 737 S\u0142uchawki, Laptop, Smartfon, Smartwatch, Tablet Czarny Pr\u0105d przemienny Szybkie \u0142adowanie Wewn\u0119trzna:<\/p>\n<p>&nbsp;<\/p>\n<\/div>\n<p style=\"text-align: center; padding-bottom: 15px;\"><a style=\"color: #fff; font-size: 22px; background-color: #e4144d; padding: 9px 17px; border-radius: 7px; text-decoration: underline;\" href=\"https:\/\/converti.se\/click\/34590059-c70e8160-5f3fd1bb\/?deep_link=https%3A%2F%2Fwww.morele.net%2Fladowarka-anker-anker-737-sluchawki-laptop-smartfon-smartwatch-tablet-czarny-prad-przemienny-szybkie-ladowanie-wewnetrzna-13233328%2F&#038;tag6=product&#038;tag8=cf1941bab71ea7afaa81964e6e1e2e8e&#038;tag9=%C5%81adowarka+Anker+Anker+737+S%C5%82uchawki%2C+Laptop%2C+Smartfon%2C+Smartwatch%2C+Tablet+Czarny+Pr%C4%85d+przemienny+Szybkie+%C5%82adowanie+Wewn%C4%99trzna\" target=\"_blank\" rel=\"nofollow noopener\">Wi\u0119cej szczeg\u00f3\u0142\u00f3w<\/a> <span style=\"font-size: 22px; padding-left: 10px;\"><\/span><\/p>\n<p>&nbsp;<\/p>\n","protected":false},"excerpt":{"rendered":"<p>W poszukiwaniu wyj\u0105tkowego dobrego zegarka smartwatch? <\/p>\n","protected":false},"featured_media":28574,"comment_status":"closed","ping_status":"open","template":"","meta":[],"product_cat":[671],"product_tag":[],"class_list":{"0":"post-28573","1":"product","2":"type-product","3":"status-publish","6":"product_cat-anker","7":"pa_producent-anker","8":"pa_sklep-morele-net","9":"pa_typ-ladowarki-sieciowe","11":"first","12":"instock","13":"product-type-external"},"_links":{"self":[{"href":"https:\/\/taniabonament.pl\/smartwatch\/wp-json\/wp\/v2\/product\/28573","targetHints":{"allow":["GET"]}}],"collection":[{"href":"https:\/\/taniabonament.pl\/smartwatch\/wp-json\/wp\/v2\/product"}],"about":[{"href":"https:\/\/taniabonament.pl\/smartwatch\/wp-json\/wp\/v2\/types\/product"}],"replies":[{"embeddable":true,"href":"https:\/\/taniabonament.pl\/smartwatch\/wp-json\/wp\/v2\/comments?post=28573"}],"wp:featuredmedia":[{"embeddable":true,"href":"https:\/\/taniabonament.pl\/smartwatch\/wp-json\/wp\/v2\/media\/28574"}],"wp:attachment":[{"href":"https:\/\/taniabonament.pl\/smartwatch\/wp-json\/wp\/v2\/media?parent=28573"}],"wp:term":[{"taxonomy":"product_cat","embeddable":true,"href":"https:\/\/taniabonament.pl\/smartwatch\/wp-json\/wp\/v2\/product_cat?post=28573"},{"taxonomy":"product_tag","embeddable":true,"href":"https:\/\/taniabonament.pl\/smartwatch\/wp-json\/wp\/v2\/product_tag?post=28573"}],"curies":[{"name":"wp","href":"https:\/\/api.w.org\/{rel}","templated":true}]}}