{"id":28377,"date":"2025-01-10T15:07:20","date_gmt":"2025-01-10T14:07:20","guid":{"rendered":"https:\/\/taniabonament.pl\/smartwatch\/smartwatch-oem-smart-ring-r8-inteligentny-pierscien-ceramiczny-ze-stacja-ladujaca-rozmiar-154mm-czarny\/"},"modified":"2025-01-10T15:07:20","modified_gmt":"2025-01-10T14:07:20","slug":"smartwatch-oem-smart-ring-r8-inteligentny-pierscien-ceramiczny-ze-stacja-ladujaca-rozmiar-154mm-czarny","status":"publish","type":"product","link":"https:\/\/taniabonament.pl\/smartwatch\/smartwatch-oem-smart-ring-r8-inteligentny-pierscien-ceramiczny-ze-stacja-ladujaca-rozmiar-154mm-czarny\/","title":{"rendered":"Smartwatch OEM Smart Ring R8- inteligentny pier\u015bcie\u0144 ceramiczny ze stacj\u0105 \u0142aduj\u0105c\u0105 rozmiar 15,4mm czarny"},"content":{"rendered":"<p>&nbsp;<\/p>\n<h2>Przedstawiamy wyj\u0105tkowy Smartwatch marki OEM<\/h2>\n<p>CENA BEZ PROMOCJI: 102.4 PLN<\/p>\n<p>najni\u017csza cena z ostatnich 30 dni: 102.4 PLN<\/p>\n<div style=\"font-weight: bold; font-size: 18px;\">\n<p>UWAGA <span style=\"color: red;\">MAMY RABATY, SPRAWD\u0179 PONI\u017bEJ!<\/span><\/p>\n<p>Gdzie kupisz ten model? Prezentowany <a style=\"color: red;\" href=\"https:\/\/taniabonament.pl\/smartwatch\/\">Smartwatch<\/a> dost\u0119pny jest w Morele.net. Kliknij i przejd\u017a do sklepu gdzie ten zegarek jest dost\u0119pny online. Dzisiaj kupisz go w atrakcyjnej cenie. Dodatkowo w sklepie gdzie jest oferowany poznasz wszystkie funkcje tego zegarka oraz dost\u0119pne promocje na ten nowoczesny zegarek:<\/p>\n<p><span style=\"color: #fff; background-color: #000000; padding: 1px 7px;\"><strong>OEM<\/strong><\/span><strong><span style=\"margin-left: 5px; color: #fff; background-color: red; padding: 1px 7px;\">102.4 PLN<\/span><\/strong><\/p>\n<\/div>\n<h2>Smartwatch OEM<\/h2>\n<div style=\"font-weight: bold; font-size: 18px;\">\n<p>Model Smartwatch OEM Smart Ring R8- inteligentny pier\u015bcie\u0144 ceramiczny ze stacj\u0105 \u0142aduj\u0105c\u0105 rozmiar 15,4mm czarny:<\/p>\n<p>&nbsp;<\/p>\n<\/div>\n<p style=\"text-align: center; padding-bottom: 15px;\"><a style=\"color: #fff; font-size: 22px; background-color: #e4144d; padding: 9px 17px; border-radius: 7px; text-decoration: underline;\" href=\"https:\/\/converti.se\/click\/34590059-c70e8160-5f3fd1bb\/?deep_link=https%3A%2F%2Fwww.morele.net%2Fsmartwatch-oem-smart-ring-r8-inteligentny-pierscien-ceramiczny-ze-stacja-ladujaca-rozmiar-15-4mm-czarny-14243666%2F&#038;tag6=product&#038;tag8=fa760ba0e5c6647b142017aa3058be54&#038;tag9=Smartwatch+OEM+Smart+Ring+R8-+inteligentny+pier%C5%9Bcie%C5%84+ceramiczny+ze+stacj%C4%85+%C5%82aduj%C4%85c%C4%85+rozmiar+15%2C4mm+czarny\" target=\"_blank\" rel=\"nofollow noopener\">Wi\u0119cej szczeg\u00f3\u0142\u00f3w<\/a> <span style=\"font-size: 22px; padding-left: 10px;\"><\/span><\/p>\n<p>&nbsp;<\/p>\n","protected":false},"excerpt":{"rendered":"<p>W poszukiwaniu wyj\u0105tkowego dobrego zegarka smartwatch? <\/p>\n","protected":false},"featured_media":28378,"comment_status":"closed","ping_status":"open","template":"","meta":[],"product_cat":[544],"product_tag":[],"class_list":{"0":"post-28377","1":"product","2":"type-product","3":"status-publish","6":"product_cat-oem","7":"pa_producent-oem","8":"pa_sklep-morele-net","9":"pa_typ-smartwatche","11":"first","12":"instock","13":"product-type-external"},"_links":{"self":[{"href":"https:\/\/taniabonament.pl\/smartwatch\/wp-json\/wp\/v2\/product\/28377","targetHints":{"allow":["GET"]}}],"collection":[{"href":"https:\/\/taniabonament.pl\/smartwatch\/wp-json\/wp\/v2\/product"}],"about":[{"href":"https:\/\/taniabonament.pl\/smartwatch\/wp-json\/wp\/v2\/types\/product"}],"replies":[{"embeddable":true,"href":"https:\/\/taniabonament.pl\/smartwatch\/wp-json\/wp\/v2\/comments?post=28377"}],"wp:featuredmedia":[{"embeddable":true,"href":"https:\/\/taniabonament.pl\/smartwatch\/wp-json\/wp\/v2\/media\/28378"}],"wp:attachment":[{"href":"https:\/\/taniabonament.pl\/smartwatch\/wp-json\/wp\/v2\/media?parent=28377"}],"wp:term":[{"taxonomy":"product_cat","embeddable":true,"href":"https:\/\/taniabonament.pl\/smartwatch\/wp-json\/wp\/v2\/product_cat?post=28377"},{"taxonomy":"product_tag","embeddable":true,"href":"https:\/\/taniabonament.pl\/smartwatch\/wp-json\/wp\/v2\/product_tag?post=28377"}],"curies":[{"name":"wp","href":"https:\/\/api.w.org\/{rel}","templated":true}]}}