{"id":27172,"date":"2025-01-10T14:56:53","date_gmt":"2025-01-10T13:56:53","guid":{"rendered":"https:\/\/taniabonament.pl\/smartwatch\/ladowarka-triton-j5create-jup43130e-en-ladowarka-do-urzadzen-przenosnych-komputer-przenosny-telefon-komorkowy-przenosna-konsola-do-gier-smartwatch\/"},"modified":"2025-01-10T14:56:53","modified_gmt":"2025-01-10T13:56:53","slug":"ladowarka-triton-j5create-jup43130e-en-ladowarka-do-urzadzen-przenosnych-komputer-przenosny-telefon-komorkowy-przenosna-konsola-do-gier-smartwatch","status":"publish","type":"product","link":"https:\/\/taniabonament.pl\/smartwatch\/ladowarka-triton-j5create-jup43130e-en-ladowarka-do-urzadzen-przenosnych-komputer-przenosny-telefon-komorkowy-przenosna-konsola-do-gier-smartwatch\/","title":{"rendered":"\u0141adowarka Triton j5create JUP43130E-EN \u0142adowarka do urz\u0105dze\u0144 przeno\u015bnych Komputer przeno\u015bny, Telefon kom\u00f3rkowy, Przeno\u015bna konsola do gier, Smartwatch,"},"content":{"rendered":"<p>&nbsp;<\/p>\n<h2>Przedstawiamy wyj\u0105tkowy Smartwatch marki Triton<\/h2>\n<p>CENA BEZ PROMOCJI: 622.37 PLN<\/p>\n<p>najni\u017csza cena z ostatnich 30 dni: 622.37 PLN<\/p>\n<div style=\"font-weight: bold; font-size: 18px;\">\n<p>UWAGA <span style=\"color: red;\">MAMY RABATY, SPRAWD\u0179 PONI\u017bEJ!<\/span><\/p>\n<p>Gdzie kupisz ten model? Prezentowany <a style=\"color: red;\" href=\"https:\/\/taniabonament.pl\/smartwatch\/\">Smartwatch<\/a> dost\u0119pny jest w Morele.net. Kliknij i przejd\u017a do sklepu gdzie ten zegarek jest dost\u0119pny online. Dzisiaj kupisz go w atrakcyjnej cenie. Dodatkowo w sklepie gdzie jest oferowany poznasz wszystkie funkcje tego zegarka oraz dost\u0119pne promocje na ten nowoczesny zegarek:<\/p>\n<p><span style=\"color: #fff; background-color: #000000; padding: 1px 7px;\"><strong>Triton<\/strong><\/span><strong><span style=\"margin-left: 5px; color: #fff; background-color: red; padding: 1px 7px;\">622.37 PLN<\/span><\/strong><\/p>\n<\/div>\n<h2>Smartwatch Triton<\/h2>\n<div style=\"font-weight: bold; font-size: 18px;\">\n<p>Model \u0141adowarka Triton j5create JUP43130E-EN \u0142adowarka do urz\u0105dze\u0144 przeno\u015bnych Komputer przeno\u015bny, Telefon kom\u00f3rkowy, Przeno\u015bna konsola do gier, Smartwatch,:<\/p>\n<p>&nbsp;<\/p>\n<\/div>\n<p style=\"text-align: center; padding-bottom: 15px;\"><a style=\"color: #fff; font-size: 22px; background-color: #e4144d; padding: 9px 17px; border-radius: 7px; text-decoration: underline;\" href=\"https:\/\/converti.se\/click\/34590059-c70e8160-5f3fd1bb\/?deep_link=https%3A%2F%2Fwww.morele.net%2Fladowarka-triton-j5create-jup43130e-en-ladowarka-do-urzadzen-przenosnych-komputer-przenosny-telefon-komorkowy-przenosna-konsola-do-gier-smartwatch-tablet-szary-bialy-usb-szybkie-ladowanie-wewnetrzna-13360378%2F&#038;tag6=product&#038;tag8=ca1cbb5fc2f78ca8c5282a48c01a69b6&#038;tag9=%C5%81adowarka+Triton+j5create+JUP43130E-EN+%C5%82adowarka+do+urz%C4%85dze%C5%84+przeno%C5%9Bnych+Komputer+przeno%C5%9Bny%2C+Telefon+kom%C3%B3rkowy%2C+Przeno%C5%9Bna+konsola+do+gier%2C+Smartwatch%2C\" target=\"_blank\" rel=\"nofollow noopener\">Wi\u0119cej szczeg\u00f3\u0142\u00f3w<\/a> <span style=\"font-size: 22px; padding-left: 10px;\"><\/span><\/p>\n<p>&nbsp;<\/p>\n","protected":false},"excerpt":{"rendered":"<p>W poszukiwaniu wyj\u0105tkowego dobrego zegarka smartwatch? <\/p>\n","protected":false},"featured_media":27173,"comment_status":"closed","ping_status":"open","template":"","meta":[],"product_cat":[524],"product_tag":[],"class_list":{"0":"post-27172","1":"product","2":"type-product","3":"status-publish","6":"product_cat-triton","7":"pa_producent-triton","8":"pa_sklep-morele-net","9":"pa_typ-ladowarki-sieciowe","11":"first","12":"instock","13":"product-type-external"},"_links":{"self":[{"href":"https:\/\/taniabonament.pl\/smartwatch\/wp-json\/wp\/v2\/product\/27172","targetHints":{"allow":["GET"]}}],"collection":[{"href":"https:\/\/taniabonament.pl\/smartwatch\/wp-json\/wp\/v2\/product"}],"about":[{"href":"https:\/\/taniabonament.pl\/smartwatch\/wp-json\/wp\/v2\/types\/product"}],"replies":[{"embeddable":true,"href":"https:\/\/taniabonament.pl\/smartwatch\/wp-json\/wp\/v2\/comments?post=27172"}],"wp:featuredmedia":[{"embeddable":true,"href":"https:\/\/taniabonament.pl\/smartwatch\/wp-json\/wp\/v2\/media\/27173"}],"wp:attachment":[{"href":"https:\/\/taniabonament.pl\/smartwatch\/wp-json\/wp\/v2\/media?parent=27172"}],"wp:term":[{"taxonomy":"product_cat","embeddable":true,"href":"https:\/\/taniabonament.pl\/smartwatch\/wp-json\/wp\/v2\/product_cat?post=27172"},{"taxonomy":"product_tag","embeddable":true,"href":"https:\/\/taniabonament.pl\/smartwatch\/wp-json\/wp\/v2\/product_tag?post=27172"}],"curies":[{"name":"wp","href":"https:\/\/api.w.org\/{rel}","templated":true}]}}