{"id":27056,"date":"2025-01-10T14:55:39","date_gmt":"2025-01-10T13:55:39","guid":{"rendered":"https:\/\/taniabonament.pl\/smartwatch\/zegarek-smartwatch-garmin-forerunner-165-black-grey\/"},"modified":"2025-01-10T14:55:39","modified_gmt":"2025-01-10T13:55:39","slug":"zegarek-smartwatch-garmin-forerunner-165-black-grey","status":"publish","type":"product","link":"https:\/\/taniabonament.pl\/smartwatch\/zegarek-smartwatch-garmin-forerunner-165-black-grey\/","title":{"rendered":"Zegarek smartwatch Garmin Forerunner 165 Black\/Grey"},"content":{"rendered":"<p>&nbsp;<\/p>\n<h2>Przedstawiamy wyj\u0105tkowy Smartwatch marki GARMIN<\/h2>\n<p>CENA BEZ PROMOCJI: 1099.99 PLN<\/p>\n<p>najni\u017csza cena z ostatnich 30 dni: 1099.99 PLN<\/p>\n<div style=\"font-weight: bold; font-size: 18px;\">\n<p>UWAGA <span style=\"color: red;\">MAMY RABATY, SPRAWD\u0179 PONI\u017bEJ!<\/span><\/p>\n<p>Gdzie kupisz ten model? Prezentowany <a style=\"color: red;\" href=\"https:\/\/taniabonament.pl\/smartwatch\/\">Smartwatch<\/a> dost\u0119pny jest w Decathlon.pl. Kliknij i przejd\u017a do sklepu gdzie ten zegarek jest dost\u0119pny online. Dzisiaj kupisz go w atrakcyjnej cenie. Dodatkowo w sklepie gdzie jest oferowany poznasz wszystkie funkcje tego zegarka oraz dost\u0119pne promocje na ten nowoczesny zegarek:<\/p>\n<p><span style=\"color: #fff; background-color: #000000; padding: 1px 7px;\"><strong>GARMIN<\/strong><\/span><strong><span style=\"margin-left: 5px; color: #fff; background-color: red; padding: 1px 7px;\">1099.99 PLN<\/span><\/strong><\/p>\n<\/div>\n<h2>Smartwatch GARMIN<\/h2>\n<div style=\"font-weight: bold; font-size: 18px;\">\n<p>Model Zegarek smartwatch Garmin Forerunner 165 Black\/Grey:<\/p>\n<p>&nbsp;<\/p>\n<\/div>\n<p style=\"text-align: center; padding-bottom: 15px;\"><a style=\"color: #fff; font-size: 22px; background-color: #e4144d; padding: 9px 17px; border-radius: 7px; text-decoration: underline;\" href=\"https:\/\/converti.se\/click\/34590059-c70e8160-5f3fd1b7\/?deep_link=https%3A%2F%2Fwww.decathlon.pl%2Fp%2Fzegarek-smartwatch-garmin-forerunner-165-black-grey%2F_%2FR-p-359163%3Fmc%3D8916517&#038;tag6=product&#038;tag8=60d2132907022a8c2a5fa7d4b9465c77&#038;tag9=Zegarek+smartwatch+Garmin+Forerunner+165+Black%2FGrey\" target=\"_blank\" rel=\"nofollow noopener\">Wi\u0119cej szczeg\u00f3\u0142\u00f3w<\/a> <span style=\"font-size: 22px; padding-left: 10px;\"><\/span><\/p>\n<p>&nbsp;<\/p>\n","protected":false},"excerpt":{"rendered":"<p><span style='background-color: #000000; color: #fff; padding: 2px 7px;'>Cechy i zalety: <\/span> <\/p>\n<ul style='padding-left: 10px; padding-bottom: 10px;'>\n<li style='padding-top: 10px;'>Zab\u0142y\u015bnij na treningu! Tempo, dystans i t\u0119tno: obserwuj swoje post\u0119py na dotykowym ekranie AMOLED\n<li style='padding-top: 10px;'>Osi\u0105gaj cele, korzystaj\u0105c z funkcji adaptacyjnych plan\u00f3w treningowych i Garmin Coach\n<li style='padding-top: 10px;'>Przygotowanie do treningu\n<li style='padding-top: 10px;'>Okre\u015bla Tw\u00f3j aktualny poziom sprawno\u015bci fizycznej\n<li style='padding-top: 10px;'>Sugestie treningowe i bezp\u0142atne plany treningowe Garmin Coach\n<li style='padding-top: 10px;'>Do 11 dni w trybie zegarka i do 19 godzin w trybie GPS\n<li style='padding-top: 10px;'>50 m Powiadomienia z telefonu, Garmin Pay, \u015bledzenie i bezpiecze\u0144stwo\n<li style='padding-top: 10px;'>Funkcja Training Effect (efekt treningu) i funkcja regeneracji.<\/ul>\n<h3>Smartwatch jest <span style='color: red;'>dost\u0119pny<\/span><\/h3>\n","protected":false},"featured_media":27057,"comment_status":"closed","ping_status":"open","template":"","meta":[],"product_cat":[19],"product_tag":[],"class_list":{"0":"post-27056","1":"product","2":"type-product","3":"status-publish","6":"product_cat-garmin","7":"pa_producent-garmin","8":"pa_sklep-decathlon-pl","9":"pa_typ-sporty-chodzenie-akcesoria-do-chodzenia-monitory-aktywnosci","11":"first","12":"instock","13":"product-type-external"},"_links":{"self":[{"href":"https:\/\/taniabonament.pl\/smartwatch\/wp-json\/wp\/v2\/product\/27056","targetHints":{"allow":["GET"]}}],"collection":[{"href":"https:\/\/taniabonament.pl\/smartwatch\/wp-json\/wp\/v2\/product"}],"about":[{"href":"https:\/\/taniabonament.pl\/smartwatch\/wp-json\/wp\/v2\/types\/product"}],"replies":[{"embeddable":true,"href":"https:\/\/taniabonament.pl\/smartwatch\/wp-json\/wp\/v2\/comments?post=27056"}],"wp:featuredmedia":[{"embeddable":true,"href":"https:\/\/taniabonament.pl\/smartwatch\/wp-json\/wp\/v2\/media\/27057"}],"wp:attachment":[{"href":"https:\/\/taniabonament.pl\/smartwatch\/wp-json\/wp\/v2\/media?parent=27056"}],"wp:term":[{"taxonomy":"product_cat","embeddable":true,"href":"https:\/\/taniabonament.pl\/smartwatch\/wp-json\/wp\/v2\/product_cat?post=27056"},{"taxonomy":"product_tag","embeddable":true,"href":"https:\/\/taniabonament.pl\/smartwatch\/wp-json\/wp\/v2\/product_tag?post=27056"}],"curies":[{"name":"wp","href":"https:\/\/api.w.org\/{rel}","templated":true}]}}