{"id":27050,"date":"2025-01-10T14:55:27","date_gmt":"2025-01-10T13:55:27","guid":{"rendered":"https:\/\/taniabonament.pl\/smartwatch\/smartwatch-z-gps-multisportowy-suunto-race-s\/"},"modified":"2025-01-10T14:55:33","modified_gmt":"2025-01-10T13:55:33","slug":"smartwatch-z-gps-multisportowy-suunto-race-s","status":"publish","type":"product","link":"https:\/\/taniabonament.pl\/smartwatch\/smartwatch-z-gps-multisportowy-suunto-race-s\/","title":{"rendered":"Smartwatch z GPS multisportowy Suunto Race S"},"content":{"rendered":"<p>&nbsp;<\/p>\n<h2>Przedstawiamy wyj\u0105tkowy Smartwatch marki SUUNTO<\/h2>\n<p>CENA BEZ PROMOCJI: 1599.0 PLN<\/p>\n<p>najni\u017csza cena z ostatnich 30 dni: 1599.0 PLN<\/p>\n<div style=\"font-weight: bold; font-size: 18px;\">\n<p>UWAGA <span style=\"color: red;\">MAMY RABATY, SPRAWD\u0179 PONI\u017bEJ!<\/span><\/p>\n<p>Gdzie kupisz ten model? Prezentowany <a style=\"color: red;\" href=\"https:\/\/taniabonament.pl\/smartwatch\/\">Smartwatch<\/a> dost\u0119pny jest w Decathlon.pl. Kliknij i przejd\u017a do sklepu gdzie ten zegarek jest dost\u0119pny online. Dzisiaj kupisz go w atrakcyjnej cenie. Dodatkowo w sklepie gdzie jest oferowany poznasz wszystkie funkcje tego zegarka oraz dost\u0119pne promocje na ten nowoczesny zegarek:<\/p>\n<p><span style=\"color: #fff; background-color: #000000; padding: 1px 7px;\"><strong>SUUNTO<\/strong><\/span><strong><span style=\"margin-left: 5px; color: #fff; background-color: red; padding: 1px 7px;\">1599.0 PLN<\/span><\/strong><\/p>\n<\/div>\n<h2>Smartwatch SUUNTO<\/h2>\n<div style=\"font-weight: bold; font-size: 18px;\">\n<p>Model Smartwatch z GPS multisportowy Suunto Race S:<\/p>\n<p>&nbsp;<\/p>\n<\/div>\n<p style=\"text-align: center; padding-bottom: 15px;\"><a style=\"color: #fff; font-size: 22px; background-color: #e4144d; padding: 9px 17px; border-radius: 7px; text-decoration: underline;\" href=\"https:\/\/converti.se\/click\/34590059-c70e8160-5f3fd1b7\/?deep_link=https%3A%2F%2Fwww.decathlon.pl%2Fp%2Fsmartwatch-z-gps-multisportowy-suunto-race-s%2F_%2FR-p-368036%3Fmc%3D8950438&#038;tag6=product&#038;tag8=9221810f675992aae481bb557cea0d36&#038;tag9=Smartwatch+z+GPS+multisportowy+Suunto+Race+S\" target=\"_blank\" rel=\"nofollow noopener\">Wi\u0119cej szczeg\u00f3\u0142\u00f3w<\/a> <span style=\"font-size: 22px; padding-left: 10px;\"><\/span><\/p>\n<p>&nbsp;<\/p>\n","protected":false},"excerpt":{"rendered":"<p><span style='background-color: #000000; color: #fff; padding: 2px 7px;'>Cechy i zalety: <\/span> <\/p>\n<ul style='padding-left: 10px; padding-bottom: 10px;'>\n<li style='padding-top: 10px;'>Je\u015bli szukasz idealnego zegarka na treningi i zawody, ten smartwatch oferuje najnowsze innowacje technologiczne oraz niezawodno\u015b\u0107 w ka\u017cdej sytuacji\n<li style='padding-top: 10px;'>Jasny ekran dotykowy, szybki odczyt dzi\u0119ki pod\u015bwietleniu Suunto\n<li style='padding-top: 10px;'>30 godzin korzystaj\u0105c z precyzji i GPS, do 13 dni codziennego u\u017cywania\n<li style='padding-top: 10px;'>Planowanie tras w aplikacji Suunto.<\/ul>\n<h3>Smartwatch jest <span style='color: red;'>dost\u0119pny<\/span><\/h3>\n","protected":false},"featured_media":27051,"comment_status":"closed","ping_status":"open","template":"","meta":[],"product_cat":[215],"product_tag":[],"class_list":{"0":"post-27050","1":"product","2":"type-product","3":"status-publish","6":"product_cat-suunto","7":"pa_producent-suunto","8":"pa_sklep-decathlon-pl","9":"pa_typ-sporty-chodzenie-akcesoria-do-chodzenia-monitory-aktywnosci","11":"first","12":"instock","13":"product-type-external"},"_links":{"self":[{"href":"https:\/\/taniabonament.pl\/smartwatch\/wp-json\/wp\/v2\/product\/27050","targetHints":{"allow":["GET"]}}],"collection":[{"href":"https:\/\/taniabonament.pl\/smartwatch\/wp-json\/wp\/v2\/product"}],"about":[{"href":"https:\/\/taniabonament.pl\/smartwatch\/wp-json\/wp\/v2\/types\/product"}],"replies":[{"embeddable":true,"href":"https:\/\/taniabonament.pl\/smartwatch\/wp-json\/wp\/v2\/comments?post=27050"}],"wp:featuredmedia":[{"embeddable":true,"href":"https:\/\/taniabonament.pl\/smartwatch\/wp-json\/wp\/v2\/media\/27051"}],"wp:attachment":[{"href":"https:\/\/taniabonament.pl\/smartwatch\/wp-json\/wp\/v2\/media?parent=27050"}],"wp:term":[{"taxonomy":"product_cat","embeddable":true,"href":"https:\/\/taniabonament.pl\/smartwatch\/wp-json\/wp\/v2\/product_cat?post=27050"},{"taxonomy":"product_tag","embeddable":true,"href":"https:\/\/taniabonament.pl\/smartwatch\/wp-json\/wp\/v2\/product_tag?post=27050"}],"curies":[{"name":"wp","href":"https:\/\/api.w.org\/{rel}","templated":true}]}}