{"id":27040,"date":"2025-01-10T14:55:24","date_gmt":"2025-01-10T13:55:24","guid":{"rendered":"https:\/\/taniabonament.pl\/smartwatch\/cameron-sino-akumulator-bateria-eb-br760-eb-br760abe-do-zegar-smartwatch-samsung-gear-s3-cs-smr760sh\/"},"modified":"2025-01-10T14:55:24","modified_gmt":"2025-01-10T13:55:24","slug":"cameron-sino-akumulator-bateria-eb-br760-eb-br760abe-do-zegar-smartwatch-samsung-gear-s3-cs-smr760sh","status":"publish","type":"product","link":"https:\/\/taniabonament.pl\/smartwatch\/cameron-sino-akumulator-bateria-eb-br760-eb-br760abe-do-zegar-smartwatch-samsung-gear-s3-cs-smr760sh\/","title":{"rendered":"Cameron Sino Akumulator Bateria Eb-br760 Eb-br760abe Do Zegar Smartwatch Samsung Gear S3 \/ Cs-smr760sh"},"content":{"rendered":"<p>&nbsp;<\/p>\n<h2>Przedstawiamy wyj\u0105tkowy Smartwatch marki Cameron Sino<\/h2>\n<p>CENA BEZ PROMOCJI: 77.63 PLN<\/p>\n<p>najni\u017csza cena z ostatnich 30 dni: 77.63 PLN<\/p>\n<div style=\"font-weight: bold; font-size: 18px;\">\n<p>UWAGA <span style=\"color: red;\">MAMY RABATY, SPRAWD\u0179 PONI\u017bEJ!<\/span><\/p>\n<p>Gdzie kupisz ten model? Prezentowany <a style=\"color: red;\" href=\"https:\/\/taniabonament.pl\/smartwatch\/\">Smartwatch<\/a> dost\u0119pny jest w Morele.net. Kliknij i przejd\u017a do sklepu gdzie ten zegarek jest dost\u0119pny online. Dzisiaj kupisz go w atrakcyjnej cenie. Dodatkowo w sklepie gdzie jest oferowany poznasz wszystkie funkcje tego zegarka oraz dost\u0119pne promocje na ten nowoczesny zegarek:<\/p>\n<p><span style=\"color: #fff; background-color: #000000; padding: 1px 7px;\"><strong>Cameron Sino<\/strong><\/span><strong><span style=\"margin-left: 5px; color: #fff; background-color: red; padding: 1px 7px;\">77.63 PLN<\/span><\/strong><\/p>\n<\/div>\n<h2>Smartwatch Cameron Sino<\/h2>\n<div style=\"font-weight: bold; font-size: 18px;\">\n<p>Model Cameron Sino Akumulator Bateria Eb-br760 Eb-br760abe Do Zegar Smartwatch Samsung Gear S3 \/ Cs-smr760sh:<\/p>\n<p>&nbsp;<\/p>\n<\/div>\n<p style=\"text-align: center; padding-bottom: 15px;\"><a style=\"color: #fff; font-size: 22px; background-color: #e4144d; padding: 9px 17px; border-radius: 7px; text-decoration: underline;\" href=\"https:\/\/converti.se\/click\/34590059-c70e8160-5f3fd1bb\/?deep_link=https%3A%2F%2Fwww.morele.net%2Fcameron-sino-akumulator-bateria-eb-br760-eb-br760abe-do-zegar-smartwatch-samsung-gear-s3-cs-smr760sh-14103276%2F&#038;tag6=product&#038;tag8=10ee2703d9ea4a90c44591f4cc283267&#038;tag9=Cameron+Sino+Akumulator+Bateria+Eb-br760+Eb-br760abe+Do+Zegar+Smartwatch+Samsung+Gear+S3+%2F+Cs-smr760sh\" target=\"_blank\" rel=\"nofollow noopener\">Wi\u0119cej szczeg\u00f3\u0142\u00f3w<\/a> <span style=\"font-size: 22px; padding-left: 10px;\"><\/span><\/p>\n<p>&nbsp;<\/p>\n","protected":false},"excerpt":{"rendered":"<p>W poszukiwaniu wyj\u0105tkowego dobrego zegarka smartwatch? <\/p>\n","protected":false},"featured_media":27041,"comment_status":"closed","ping_status":"open","template":"","meta":[],"product_cat":[579],"product_tag":[],"class_list":{"0":"post-27040","1":"product","2":"type-product","3":"status-publish","6":"product_cat-cameron-sino","7":"pa_producent-cameron-sino","8":"pa_sklep-morele-net","9":"pa_typ-baterie-i-akumulatorki","11":"first","12":"instock","13":"product-type-external"},"_links":{"self":[{"href":"https:\/\/taniabonament.pl\/smartwatch\/wp-json\/wp\/v2\/product\/27040","targetHints":{"allow":["GET"]}}],"collection":[{"href":"https:\/\/taniabonament.pl\/smartwatch\/wp-json\/wp\/v2\/product"}],"about":[{"href":"https:\/\/taniabonament.pl\/smartwatch\/wp-json\/wp\/v2\/types\/product"}],"replies":[{"embeddable":true,"href":"https:\/\/taniabonament.pl\/smartwatch\/wp-json\/wp\/v2\/comments?post=27040"}],"wp:featuredmedia":[{"embeddable":true,"href":"https:\/\/taniabonament.pl\/smartwatch\/wp-json\/wp\/v2\/media\/27041"}],"wp:attachment":[{"href":"https:\/\/taniabonament.pl\/smartwatch\/wp-json\/wp\/v2\/media?parent=27040"}],"wp:term":[{"taxonomy":"product_cat","embeddable":true,"href":"https:\/\/taniabonament.pl\/smartwatch\/wp-json\/wp\/v2\/product_cat?post=27040"},{"taxonomy":"product_tag","embeddable":true,"href":"https:\/\/taniabonament.pl\/smartwatch\/wp-json\/wp\/v2\/product_tag?post=27040"}],"curies":[{"name":"wp","href":"https:\/\/api.w.org\/{rel}","templated":true}]}}