{"id":27030,"date":"2025-01-10T14:55:19","date_gmt":"2025-01-10T13:55:19","guid":{"rendered":"https:\/\/taniabonament.pl\/smartwatch\/tracer-smartwatch-sm10s-leo-1-38\/"},"modified":"2025-01-10T14:55:19","modified_gmt":"2025-01-10T13:55:19","slug":"tracer-smartwatch-sm10s-leo-1-38","status":"publish","type":"product","link":"https:\/\/taniabonament.pl\/smartwatch\/tracer-smartwatch-sm10s-leo-1-38\/","title":{"rendered":"Tracer Smartwatch SM10S LEO 1.38"},"content":{"rendered":"<p>&nbsp;<\/p>\n<h2>Przedstawiamy wyj\u0105tkowy Smartwatch marki <\/h2>\n<p>CENA BEZ PROMOCJI: 159.0 PLN<\/p>\n<p>najni\u017csza cena z ostatnich 30 dni: 159.0 PLN<\/p>\n<div style=\"font-weight: bold; font-size: 18px;\">\n<p>UWAGA <span style=\"color: red;\">MAMY RABATY, SPRAWD\u0179 PONI\u017bEJ!<\/span><\/p>\n<p>Gdzie kupisz ten model? Prezentowany <a style=\"color: red;\" href=\"https:\/\/taniabonament.pl\/smartwatch\/\">Smartwatch<\/a> dost\u0119pny jest w Komputronik.pl. Kliknij i przejd\u017a do sklepu gdzie ten zegarek jest dost\u0119pny online. Dzisiaj kupisz go w atrakcyjnej cenie. Dodatkowo w sklepie gdzie jest oferowany poznasz wszystkie funkcje tego zegarka oraz dost\u0119pne promocje na ten nowoczesny zegarek:<\/p>\n<p><span style=\"color: #fff; background-color: #000000; padding: 1px 7px;\"><strong><\/strong><\/span><strong><span style=\"margin-left: 5px; color: #fff; background-color: red; padding: 1px 7px;\">159.0 PLN<\/span><\/strong><\/p>\n<\/div>\n<h2>Smartwatch <\/h2>\n<div style=\"font-weight: bold; font-size: 18px;\">\n<p>Model Tracer Smartwatch SM10S LEO 1.38:<\/p>\n<p>&nbsp;<\/p>\n<\/div>\n<p style=\"text-align: center; padding-bottom: 15px;\"><a style=\"color: #fff; font-size: 22px; background-color: #e4144d; padding: 9px 17px; border-radius: 7px; text-decoration: underline;\" href=\"https:\/\/converti.se\/click\/34590059-c70e8160-5f3ad4bf\/?deep_link=https%3A%2F%2Fwww.komputronik.pl%2Fproduct%2F910743%2Fzegarek-smartwatch-tracer-smartwatch-sm10s-leo-1-38.html&#038;tag6=product&#038;tag8=d90124999356266a5fd26af9aaff6046&#038;tag9=Tracer+Smartwatch+SM10S+LEO+1.38\" target=\"_blank\" rel=\"nofollow noopener\">Wi\u0119cej szczeg\u00f3\u0142\u00f3w<\/a> <span style=\"font-size: 22px; padding-left: 10px;\"><\/span><\/p>\n<p>&nbsp;<\/p>\n","protected":false},"excerpt":{"rendered":"<p><span style='background-color: #000000; color: #fff; padding: 2px 7px;'>Cechy i zalety: <\/span> <\/p>\n<ul style='padding-left: 10px; padding-bottom: 10px;'>\n<li style='padding-top: 10px;'>TRACER Smartwatch SM10S LEO 1.38 SM10S LEO to elegancki smartwatch, z dodatkowym sportowym sznytem\n<li style='padding-top: 10px;'>\u0141\u0105czy w sobie szyk, nowoczesno\u015b\u0107 oraz praktyczno\u015b\u0107\n<li style='padding-top: 10px;'>Bluetooth 5.2BLE Smartwatch SM10S LEO \u0142\u0105czy si\u0119 ze smartfonem za pomoc\u0105 technologii Bluetooth 5.2BLE\n<li style='padding-top: 10px;'>Sparowany pozwala na odbieranie powiadomie\u0144, wiadomo\u015bci z komunikator\u00f3w ale dzi\u0119ki funkcji BT calling mo\u017cliwe jest odbieranie i wykonywanie po\u0142\u0105cze\u0144 telefonicznych\n<li style='padding-top: 10px;'>Jest to r\u00f3wnie\u017c zas\u0142uga wbudowanego wysokiej klasy mikrofonu oraz g\u0142o\u015bnika\n<li style='padding-top: 10px;'>Tryby sportowe Zdrowie, kondycja \u2013 ka\u017cdy z nas w dobie dzisiejszego tempa chce wiedzie\u0107 jak dzia\u0142a jego organizm\n<li style='padding-top: 10px;'>Proponujemy funkcje pozwalaj\u0105ce monitorowa\u0107 natlenienie krwi (SpO2), puls, jako\u015b\u0107 snu czy nawodnienie organizmu\n<li style='padding-top: 10px;'>Dzi\u0119ki zdalnej kontroli b\u0119dziesz mie\u0107 wi\u0119cej czasu na przyjemno\u015bci i zdrowe \u017cycie\n<li style='padding-top: 10px;'>Dodatkowe funkcje smartwatcha to szeroki wyb\u00f3r tryb\u00f3w sportowych, kt\u00f3re obejmuj\u0105 najpopularniejsze aktywno\u015bci fizyczne\n<li style='padding-top: 10px;'>U\u017cytkownik dzi\u0119ki tym funkcjom oraz aplikacji mo\u017ce \u015bledzi\u0107 swoje post\u0119py treningowe oraz wyznacza\u0107 cele\n<li style='padding-top: 10px;'>Klasyczne: budzik, stoper, minutnik, monitorowanie pogody, a tak\u017ce sterowanie odtwarzaczem muzyki to znani towarzysze dnia codziennego\n<li style='padding-top: 10px;'>D\u0142uga praca na baterii Dzi\u0119ki wyposa\u017ceniu w bateri\u0119 o pojemno\u015bci 230 mAh zegarek jest w stanie pracowa\u0107 nawet do 18-20 dni na jednym \u0142adowaniu\n<li style='padding-top: 10px;'>Oczywi\u015bcie zu\u017cycie baterii zale\u017cy od cz\u0119stotliwo\u015bci wykorzystywanych funkcji\n<li style='padding-top: 10px;'>\u0141adowanie odbywa si\u0119 poprzez magnetyczny kabel\n<li style='padding-top: 10px;'>Stylowy i elegancki Elegancja, szyk, styl\n<li style='padding-top: 10px;'>Jako\u015b\u0107 materia\u0142\u00f3w wykorzystanych do produkcji zegarka powoduje, \u017ce wygl\u0105da bardzo szykownie\n<li style='padding-top: 10px;'>Mo\u017cliwo\u015b\u0107 personalizacji tarcz pozwoli dopasowa\u0107 zegarek do ka\u017cdej kreacji czy nastroju w\u0142a\u015bciciela\n<li style='padding-top: 10px;'>Dost\u0119pna jest zar\u00f3wno w samym smartwatchu, jak i za po\u015brednictwem aplikacji w smartfonie\n<li style='padding-top: 10px;'>Dodatkowe funkcje Funkcja znajdowania telefonu u\u0142atwi szybkie odnalezienie smartfona i zaoszcz\u0119dzi czas na poszukiwania\n<li style='padding-top: 10px;'>Zegarek posiada r\u00f3wnie\u017c specjalny tryb dla kobiet, kt\u00f3ry umo\u017cliwia \u015bledzenie cyklu menstruacyjnego, rejestracj\u0119 dat rozpocz\u0119cia i czasu trwania miesi\u0105czki\n<li style='padding-top: 10px;'>Trening w deszczu, \u015bmia\u0142o ! Klasa IP67 zabezpiecza urz\u0105dzenie przed wilgoci\u0105 oraz py\u0142em.<\/ul>\n<h3>Smartwatch jest <span style='color: red;'>dost\u0119pny<\/span><\/h3>\n","protected":false},"featured_media":27031,"comment_status":"closed","ping_status":"open","template":"","meta":[],"product_cat":[],"product_tag":[],"class_list":{"0":"post-27030","1":"product","2":"type-product","3":"status-publish","6":"pa_sklep-komputronik-pl","7":"pa_typ-telefony-i-smartwatche-smartwatche-i-zegarki","9":"first","10":"instock","11":"product-type-external"},"_links":{"self":[{"href":"https:\/\/taniabonament.pl\/smartwatch\/wp-json\/wp\/v2\/product\/27030","targetHints":{"allow":["GET"]}}],"collection":[{"href":"https:\/\/taniabonament.pl\/smartwatch\/wp-json\/wp\/v2\/product"}],"about":[{"href":"https:\/\/taniabonament.pl\/smartwatch\/wp-json\/wp\/v2\/types\/product"}],"replies":[{"embeddable":true,"href":"https:\/\/taniabonament.pl\/smartwatch\/wp-json\/wp\/v2\/comments?post=27030"}],"wp:featuredmedia":[{"embeddable":true,"href":"https:\/\/taniabonament.pl\/smartwatch\/wp-json\/wp\/v2\/media\/27031"}],"wp:attachment":[{"href":"https:\/\/taniabonament.pl\/smartwatch\/wp-json\/wp\/v2\/media?parent=27030"}],"wp:term":[{"taxonomy":"product_cat","embeddable":true,"href":"https:\/\/taniabonament.pl\/smartwatch\/wp-json\/wp\/v2\/product_cat?post=27030"},{"taxonomy":"product_tag","embeddable":true,"href":"https:\/\/taniabonament.pl\/smartwatch\/wp-json\/wp\/v2\/product_tag?post=27030"}],"curies":[{"name":"wp","href":"https:\/\/api.w.org\/{rel}","templated":true}]}}