{"id":26813,"date":"2025-01-10T14:53:27","date_gmt":"2025-01-10T13:53:27","guid":{"rendered":"https:\/\/taniabonament.pl\/smartwatch\/zegarek-smartwatch-kalenji-cw900-hr\/"},"modified":"2025-01-10T14:53:27","modified_gmt":"2025-01-10T13:53:27","slug":"zegarek-smartwatch-kalenji-cw900-hr","status":"publish","type":"product","link":"https:\/\/taniabonament.pl\/smartwatch\/zegarek-smartwatch-kalenji-cw900-hr\/","title":{"rendered":"Zegarek smartwatch Kalenji CW900 HR"},"content":{"rendered":"<p>&nbsp;<\/p>\n<h2>Przedstawiamy wyj\u0105tkowy Smartwatch marki DECATHLON<\/h2>\n<p>CENA BEZ PROMOCJI: 219.99 PLN<\/p>\n<p>najni\u017csza cena z ostatnich 30 dni: 219.99 PLN<\/p>\n<div style=\"font-weight: bold; font-size: 18px;\">\n<p>UWAGA <span style=\"color: red;\">MAMY RABATY, SPRAWD\u0179 PONI\u017bEJ!<\/span><\/p>\n<p>Gdzie kupisz ten model? Prezentowany <a style=\"color: red;\" href=\"https:\/\/taniabonament.pl\/smartwatch\/\">Smartwatch<\/a> dost\u0119pny jest w Decathlon.pl. Kliknij i przejd\u017a do sklepu gdzie ten zegarek jest dost\u0119pny online. Dzisiaj kupisz go w atrakcyjnej cenie. Dodatkowo w sklepie gdzie jest oferowany poznasz wszystkie funkcje tego zegarka oraz dost\u0119pne promocje na ten nowoczesny zegarek:<\/p>\n<p><span style=\"color: #fff; background-color: #000000; padding: 1px 7px;\"><strong>DECATHLON<\/strong><\/span><strong><span style=\"margin-left: 5px; color: #fff; background-color: red; padding: 1px 7px;\">219.99 PLN<\/span><\/strong><\/p>\n<\/div>\n<h2>Smartwatch DECATHLON<\/h2>\n<div style=\"font-weight: bold; font-size: 18px;\">\n<p>Model Zegarek smartwatch Kalenji CW900 HR:<\/p>\n<p>&nbsp;<\/p>\n<\/div>\n<p style=\"text-align: center; padding-bottom: 15px;\"><a style=\"color: #fff; font-size: 22px; background-color: #e4144d; padding: 9px 17px; border-radius: 7px; text-decoration: underline;\" href=\"https:\/\/converti.se\/click\/34590059-c70e8160-5f3fd1b7\/?deep_link=https%3A%2F%2Fwww.decathlon.pl%2Fp%2Fzegarek-smartwatch-kalenji-cw900-hr%2F_%2FR-p-337611%3Fmc%3D8732774&#038;tag6=product&#038;tag8=9025cc3f58d0912281b3be1121e7cebb&#038;tag9=Zegarek+smartwatch+Kalenji+CW900+HR\" target=\"_blank\" rel=\"nofollow noopener\">Wi\u0119cej szczeg\u00f3\u0142\u00f3w<\/a> <span style=\"font-size: 22px; padding-left: 10px;\"><\/span><\/p>\n<p>&nbsp;<\/p>\n","protected":false},"excerpt":{"rendered":"<p><span style='background-color: #000000; color: #fff; padding: 2px 7px;'>Cechy i zalety: <\/span> <\/p>\n<ul style='padding-left: 10px; padding-bottom: 10px;'>\n<li style='padding-top: 10px;'>Analizuj swoj\u0105 codzienn\u0105 aktywno\u015b\u0107 (sen, liczb\u0119 krok\u00f3w, kalorie&#8230;) z precyzj\u0105 dzi\u0119ki pulsometrowi i modu\u0142owi GPS, kt\u00f3re umo\u017cliwiaj\u0105 monitorowanie aktywno\u015bci fizycznej, pomagaj\u0105c Ci pozosta\u0107 w formie\n<li style='padding-top: 10px;'>Mierzone parametry: liczba krok\u00f3w, dystans, kalorie, t\u0119tno, sen i 11 sport\u00f3w\n<li style='padding-top: 10px;'>Du\u017ca precyzja pomiar\u00f3w dzi\u0119ki modu\u0142owi GPS wbudowanemu w zegarek\n<li style='padding-top: 10px;'>Czas dzia\u0142ania baterii: 7 &#8211; 14 dni w trybie codziennym, 7 godzin w trybie GPS\n<li style='padding-top: 10px;'>Komfort odczytu dzi\u0119ki du\u017cemu ekranowi\n<li style='padding-top: 10px;'>Mo\u017cliwo\u015b\u0107 ustawienia czasu aktywno\u015bci i odpoczynku\n<li style='padding-top: 10px;'>Mo\u017cliwo\u015b\u0107 p\u0142ywania z zegarkiem: zosta\u0142 zatwierdzony do 50 m g\u0142\u0119boko\u015bci (5 ATM)\n<li style='padding-top: 10px;'>Po\u0142\u0105cz zegarek z telefonem, aby otrzymywa\u0107 powiadomienia.<\/ul>\n<h3>Smartwatch jest <span style='color: red;'>dost\u0119pny<\/span><\/h3>\n","protected":false},"featured_media":26814,"comment_status":"closed","ping_status":"open","template":"","meta":[],"product_cat":[541],"product_tag":[],"class_list":{"0":"post-26813","1":"product","2":"type-product","3":"status-publish","6":"product_cat-decathlon","7":"pa_producent-decathlon","8":"pa_sklep-decathlon-pl","9":"pa_typ-sporty-chodzenie-akcesoria-do-chodzenia-monitory-aktywnosci","11":"first","12":"instock","13":"product-type-external"},"_links":{"self":[{"href":"https:\/\/taniabonament.pl\/smartwatch\/wp-json\/wp\/v2\/product\/26813","targetHints":{"allow":["GET"]}}],"collection":[{"href":"https:\/\/taniabonament.pl\/smartwatch\/wp-json\/wp\/v2\/product"}],"about":[{"href":"https:\/\/taniabonament.pl\/smartwatch\/wp-json\/wp\/v2\/types\/product"}],"replies":[{"embeddable":true,"href":"https:\/\/taniabonament.pl\/smartwatch\/wp-json\/wp\/v2\/comments?post=26813"}],"wp:featuredmedia":[{"embeddable":true,"href":"https:\/\/taniabonament.pl\/smartwatch\/wp-json\/wp\/v2\/media\/26814"}],"wp:attachment":[{"href":"https:\/\/taniabonament.pl\/smartwatch\/wp-json\/wp\/v2\/media?parent=26813"}],"wp:term":[{"taxonomy":"product_cat","embeddable":true,"href":"https:\/\/taniabonament.pl\/smartwatch\/wp-json\/wp\/v2\/product_cat?post=26813"},{"taxonomy":"product_tag","embeddable":true,"href":"https:\/\/taniabonament.pl\/smartwatch\/wp-json\/wp\/v2\/product_tag?post=26813"}],"curies":[{"name":"wp","href":"https:\/\/api.w.org\/{rel}","templated":true}]}}