{"id":26641,"date":"2025-01-10T14:52:01","date_gmt":"2025-01-10T13:52:01","guid":{"rendered":"https:\/\/taniabonament.pl\/smartwatch\/ladowarka-triton-j5create-jup3565cv-laptop-przenosna-konsola-do-gier-smartfon-smartwatch-tablet-bialy-prad-przemienny-szybkie-ladowanie-wewnetrzna\/"},"modified":"2025-01-10T14:52:02","modified_gmt":"2025-01-10T13:52:02","slug":"ladowarka-triton-j5create-jup3565cv-laptop-przenosna-konsola-do-gier-smartfon-smartwatch-tablet-bialy-prad-przemienny-szybkie-ladowanie-wewnetrzna","status":"publish","type":"product","link":"https:\/\/taniabonament.pl\/smartwatch\/ladowarka-triton-j5create-jup3565cv-laptop-przenosna-konsola-do-gier-smartfon-smartwatch-tablet-bialy-prad-przemienny-szybkie-ladowanie-wewnetrzna\/","title":{"rendered":"\u0141adowarka Triton j5create JUP3565CV Laptop, Przeno\u015bna konsola do gier, Smartfon, Smartwatch, Tablet Bia\u0142y Pr\u0105d przemienny Szybkie \u0142adowanie Wewn\u0119trzna"},"content":{"rendered":"<p>&nbsp;<\/p>\n<h2>Przedstawiamy wyj\u0105tkowy Smartwatch marki Triton<\/h2>\n<p>CENA BEZ PROMOCJI: 287.99 PLN<\/p>\n<p>najni\u017csza cena z ostatnich 30 dni: 287.99 PLN<\/p>\n<div style=\"font-weight: bold; font-size: 18px;\">\n<p>UWAGA <span style=\"color: red;\">MAMY RABATY, SPRAWD\u0179 PONI\u017bEJ!<\/span><\/p>\n<p>Gdzie kupisz ten model? Prezentowany <a style=\"color: red;\" href=\"https:\/\/taniabonament.pl\/smartwatch\/\">Smartwatch<\/a> dost\u0119pny jest w Morele.net. Kliknij i przejd\u017a do sklepu gdzie ten zegarek jest dost\u0119pny online. Dzisiaj kupisz go w atrakcyjnej cenie. Dodatkowo w sklepie gdzie jest oferowany poznasz wszystkie funkcje tego zegarka oraz dost\u0119pne promocje na ten nowoczesny zegarek:<\/p>\n<p><span style=\"color: #fff; background-color: #000000; padding: 1px 7px;\"><strong>Triton<\/strong><\/span><strong><span style=\"margin-left: 5px; color: #fff; background-color: red; padding: 1px 7px;\">287.99 PLN<\/span><\/strong><\/p>\n<\/div>\n<h2>Smartwatch Triton<\/h2>\n<div style=\"font-weight: bold; font-size: 18px;\">\n<p>Model \u0141adowarka Triton j5create JUP3565CV Laptop, Przeno\u015bna konsola do gier, Smartfon, Smartwatch, Tablet Bia\u0142y Pr\u0105d przemienny Szybkie \u0142adowanie Wewn\u0119trzna:<\/p>\n<p>&nbsp;<\/p>\n<\/div>\n<p style=\"text-align: center; padding-bottom: 15px;\"><a style=\"color: #fff; font-size: 22px; background-color: #e4144d; padding: 9px 17px; border-radius: 7px; text-decoration: underline;\" href=\"https:\/\/converti.se\/click\/34590059-c70e8160-5f3fd1bb\/?deep_link=https%3A%2F%2Fwww.morele.net%2Fladowarka-triton-j5create-jup3565cv-laptop-przenosna-konsola-do-gier-smartfon-smartwatch-tablet-bialy-prad-przemienny-szybkie-ladowanie-wewnetrzna-13371303%2F&#038;tag6=product&#038;tag8=6f2bb913618f0bcebe652de6912c7a9c&#038;tag9=%C5%81adowarka+Triton+j5create+JUP3565CV+Laptop%2C+Przeno%C5%9Bna+konsola+do+gier%2C+Smartfon%2C+Smartwatch%2C+Tablet+Bia%C5%82y+Pr%C4%85d+przemienny+Szybkie+%C5%82adowanie+Wewn%C4%99trzna\" target=\"_blank\" rel=\"nofollow noopener\">Wi\u0119cej szczeg\u00f3\u0142\u00f3w<\/a> <span style=\"font-size: 22px; padding-left: 10px;\"><\/span><\/p>\n<p>&nbsp;<\/p>\n","protected":false},"excerpt":{"rendered":"<p>W poszukiwaniu wyj\u0105tkowego dobrego zegarka smartwatch? <\/p>\n","protected":false},"featured_media":26642,"comment_status":"closed","ping_status":"open","template":"","meta":[],"product_cat":[524],"product_tag":[],"class_list":{"0":"post-26641","1":"product","2":"type-product","3":"status-publish","6":"product_cat-triton","7":"pa_producent-triton","8":"pa_sklep-morele-net","9":"pa_typ-ladowarki-sieciowe","11":"first","12":"instock","13":"product-type-external"},"_links":{"self":[{"href":"https:\/\/taniabonament.pl\/smartwatch\/wp-json\/wp\/v2\/product\/26641","targetHints":{"allow":["GET"]}}],"collection":[{"href":"https:\/\/taniabonament.pl\/smartwatch\/wp-json\/wp\/v2\/product"}],"about":[{"href":"https:\/\/taniabonament.pl\/smartwatch\/wp-json\/wp\/v2\/types\/product"}],"replies":[{"embeddable":true,"href":"https:\/\/taniabonament.pl\/smartwatch\/wp-json\/wp\/v2\/comments?post=26641"}],"wp:featuredmedia":[{"embeddable":true,"href":"https:\/\/taniabonament.pl\/smartwatch\/wp-json\/wp\/v2\/media\/26642"}],"wp:attachment":[{"href":"https:\/\/taniabonament.pl\/smartwatch\/wp-json\/wp\/v2\/media?parent=26641"}],"wp:term":[{"taxonomy":"product_cat","embeddable":true,"href":"https:\/\/taniabonament.pl\/smartwatch\/wp-json\/wp\/v2\/product_cat?post=26641"},{"taxonomy":"product_tag","embeddable":true,"href":"https:\/\/taniabonament.pl\/smartwatch\/wp-json\/wp\/v2\/product_tag?post=26641"}],"curies":[{"name":"wp","href":"https:\/\/api.w.org\/{rel}","templated":true}]}}