{"id":26370,"date":"2025-01-10T14:49:51","date_gmt":"2025-01-10T13:49:51","guid":{"rendered":"https:\/\/taniabonament.pl\/smartwatch\/smartwatch-withings-withings-scanwatch-2-zegarek-z-funkcja-ekg-pomiarem-pulsu-i-spo2-oraz-mierzeniem-aktywnosci-fizycznej-i-snu-38mm-white\/"},"modified":"2025-01-10T14:49:51","modified_gmt":"2025-01-10T13:49:51","slug":"smartwatch-withings-withings-scanwatch-2-zegarek-z-funkcja-ekg-pomiarem-pulsu-i-spo2-oraz-mierzeniem-aktywnosci-fizycznej-i-snu-38mm-white","status":"publish","type":"product","link":"https:\/\/taniabonament.pl\/smartwatch\/smartwatch-withings-withings-scanwatch-2-zegarek-z-funkcja-ekg-pomiarem-pulsu-i-spo2-oraz-mierzeniem-aktywnosci-fizycznej-i-snu-38mm-white\/","title":{"rendered":"Smartwatch Withings Withings Scanwatch 2 &#8211; zegarek z funkcj\u0105 EKG, pomiarem pulsu i SPO2 oraz mierzeniem aktywno\u015bci fizycznej i snu (38mm, white)"},"content":{"rendered":"<p>&nbsp;<\/p>\n<h2>Przedstawiamy wyj\u0105tkowy Smartwatch marki Withings<\/h2>\n<p>CENA BEZ PROMOCJI: 1599.0 PLN<\/p>\n<p>najni\u017csza cena z ostatnich 30 dni: 1599.0 PLN<\/p>\n<div style=\"font-weight: bold; font-size: 18px;\">\n<p>UWAGA <span style=\"color: red;\">MAMY RABATY, SPRAWD\u0179 PONI\u017bEJ!<\/span><\/p>\n<p>Gdzie kupisz ten model? Prezentowany <a style=\"color: red;\" href=\"https:\/\/taniabonament.pl\/smartwatch\/\">Smartwatch<\/a> dost\u0119pny jest w Morele.net. Kliknij i przejd\u017a do sklepu gdzie ten zegarek jest dost\u0119pny online. Dzisiaj kupisz go w atrakcyjnej cenie. Dodatkowo w sklepie gdzie jest oferowany poznasz wszystkie funkcje tego zegarka oraz dost\u0119pne promocje na ten nowoczesny zegarek:<\/p>\n<p><span style=\"color: #fff; background-color: #000000; padding: 1px 7px;\"><strong>Withings<\/strong><\/span><strong><span style=\"margin-left: 5px; color: #fff; background-color: red; padding: 1px 7px;\">1599.0 PLN<\/span><\/strong><\/p>\n<\/div>\n<h2>Smartwatch Withings<\/h2>\n<div style=\"font-weight: bold; font-size: 18px;\">\n<p>Model Smartwatch Withings Withings Scanwatch 2 &#8211; zegarek z funkcj\u0105 EKG, pomiarem pulsu i SPO2 oraz mierzeniem aktywno\u015bci fizycznej i snu (38mm, white):<\/p>\n<p>&nbsp;<\/p>\n<\/div>\n<p style=\"text-align: center; padding-bottom: 15px;\"><a style=\"color: #fff; font-size: 22px; background-color: #e4144d; padding: 9px 17px; border-radius: 7px; text-decoration: underline;\" href=\"https:\/\/converti.se\/click\/34590059-c70e8160-5f3fd1bb\/?deep_link=https%3A%2F%2Fwww.morele.net%2Fsmartwatch-withings-withings-scanwatch-2-zegarek-z-funkcja-ekg-pomiarem-pulsu-i-spo2-oraz-mierzeniem-aktywnosci-fizycznej-i-snu-38mm-white-13865632%2F&#038;tag6=product&#038;tag8=2f87bd961d6f8a4a4241c4f16264cfb6&#038;tag9=Smartwatch+Withings+Withings+Scanwatch+2+-+zegarek+z+funkcj%C4%85+EKG%2C+pomiarem+pulsu+i+SPO2+oraz+mierzeniem+aktywno%C5%9Bci+fizycznej+i+snu+%2838mm%2C+white%29\" target=\"_blank\" rel=\"nofollow noopener\">Wi\u0119cej szczeg\u00f3\u0142\u00f3w<\/a> <span style=\"font-size: 22px; padding-left: 10px;\"><\/span><\/p>\n<p>&nbsp;<\/p>\n","protected":false},"excerpt":{"rendered":"<p>W poszukiwaniu wyj\u0105tkowego dobrego zegarka smartwatch? <\/p>\n","protected":false},"featured_media":26371,"comment_status":"closed","ping_status":"open","template":"","meta":[],"product_cat":[169],"product_tag":[],"class_list":{"0":"post-26370","1":"product","2":"type-product","3":"status-publish","6":"product_cat-withings","7":"pa_producent-withings","8":"pa_sklep-morele-net","9":"pa_typ-smartwatche","11":"first","12":"instock","13":"product-type-external"},"_links":{"self":[{"href":"https:\/\/taniabonament.pl\/smartwatch\/wp-json\/wp\/v2\/product\/26370","targetHints":{"allow":["GET"]}}],"collection":[{"href":"https:\/\/taniabonament.pl\/smartwatch\/wp-json\/wp\/v2\/product"}],"about":[{"href":"https:\/\/taniabonament.pl\/smartwatch\/wp-json\/wp\/v2\/types\/product"}],"replies":[{"embeddable":true,"href":"https:\/\/taniabonament.pl\/smartwatch\/wp-json\/wp\/v2\/comments?post=26370"}],"wp:featuredmedia":[{"embeddable":true,"href":"https:\/\/taniabonament.pl\/smartwatch\/wp-json\/wp\/v2\/media\/26371"}],"wp:attachment":[{"href":"https:\/\/taniabonament.pl\/smartwatch\/wp-json\/wp\/v2\/media?parent=26370"}],"wp:term":[{"taxonomy":"product_cat","embeddable":true,"href":"https:\/\/taniabonament.pl\/smartwatch\/wp-json\/wp\/v2\/product_cat?post=26370"},{"taxonomy":"product_tag","embeddable":true,"href":"https:\/\/taniabonament.pl\/smartwatch\/wp-json\/wp\/v2\/product_tag?post=26370"}],"curies":[{"name":"wp","href":"https:\/\/api.w.org\/{rel}","templated":true}]}}