{"id":26086,"date":"2025-01-10T14:47:40","date_gmt":"2025-01-10T13:47:40","guid":{"rendered":"https:\/\/taniabonament.pl\/smartwatch\/ladowarka-terratec-terratec-chargeair-all-sluchawki-zestaw-sluchawkowy-smartfon-smartwatch-zielony-bezprzewodowe-ladowanie-szybkie-ladowanie-wewnet\/"},"modified":"2025-01-10T14:47:41","modified_gmt":"2025-01-10T13:47:41","slug":"ladowarka-terratec-terratec-chargeair-all-sluchawki-zestaw-sluchawkowy-smartfon-smartwatch-zielony-bezprzewodowe-ladowanie-szybkie-ladowanie-wewnet","status":"publish","type":"product","link":"https:\/\/taniabonament.pl\/smartwatch\/ladowarka-terratec-terratec-chargeair-all-sluchawki-zestaw-sluchawkowy-smartfon-smartwatch-zielony-bezprzewodowe-ladowanie-szybkie-ladowanie-wewnet\/","title":{"rendered":"\u0141adowarka TerraTec Terratec ChargeAIR All S\u0142uchawki, Zestaw s\u0142uchawkowy, Smartfon, Smartwatch Zielony Bezprzewodowe \u0142adowanie Szybkie \u0142adowanie Wewn\u0119t"},"content":{"rendered":"<p>&nbsp;<\/p>\n<h2>Przedstawiamy wyj\u0105tkowy Smartwatch marki TerraTec<\/h2>\n<p>CENA BEZ PROMOCJI: 357.39 PLN<\/p>\n<p>najni\u017csza cena z ostatnich 30 dni: 357.39 PLN<\/p>\n<div style=\"font-weight: bold; font-size: 18px;\">\n<p>UWAGA <span style=\"color: red;\">MAMY RABATY, SPRAWD\u0179 PONI\u017bEJ!<\/span><\/p>\n<p>Gdzie kupisz ten model? Prezentowany <a style=\"color: red;\" href=\"https:\/\/taniabonament.pl\/smartwatch\/\">Smartwatch<\/a> dost\u0119pny jest w Morele.net. Kliknij i przejd\u017a do sklepu gdzie ten zegarek jest dost\u0119pny online. Dzisiaj kupisz go w atrakcyjnej cenie. Dodatkowo w sklepie gdzie jest oferowany poznasz wszystkie funkcje tego zegarka oraz dost\u0119pne promocje na ten nowoczesny zegarek:<\/p>\n<p><span style=\"color: #fff; background-color: #000000; padding: 1px 7px;\"><strong>TerraTec<\/strong><\/span><strong><span style=\"margin-left: 5px; color: #fff; background-color: red; padding: 1px 7px;\">357.39 PLN<\/span><\/strong><\/p>\n<\/div>\n<h2>Smartwatch TerraTec<\/h2>\n<div style=\"font-weight: bold; font-size: 18px;\">\n<p>Model \u0141adowarka TerraTec Terratec ChargeAIR All S\u0142uchawki, Zestaw s\u0142uchawkowy, Smartfon, Smartwatch Zielony Bezprzewodowe \u0142adowanie Szybkie \u0142adowanie Wewn\u0119t:<\/p>\n<p>&nbsp;<\/p>\n<\/div>\n<p style=\"text-align: center; padding-bottom: 15px;\"><a style=\"color: #fff; font-size: 22px; background-color: #e4144d; padding: 9px 17px; border-radius: 7px; text-decoration: underline;\" href=\"https:\/\/converti.se\/click\/34590059-c70e8160-5f3fd1bb\/?deep_link=https%3A%2F%2Fwww.morele.net%2Fladowarka-terratec-terratec-chargeair-all-sluchawki-zestaw-sluchawkowy-smartfon-smartwatch-zielony-bezprzewodowe-ladowanie-szybkie-ladowanie-wewnetrzna-13237480%2F&#038;tag6=product&#038;tag8=24cd719f7c4c2480ae1943672065ab98&#038;tag9=%C5%81adowarka+TerraTec+Terratec+ChargeAIR+All+S%C5%82uchawki%2C+Zestaw+s%C5%82uchawkowy%2C+Smartfon%2C+Smartwatch+Zielony+Bezprzewodowe+%C5%82adowanie+Szybkie+%C5%82adowanie+Wewn%C4%99t\" target=\"_blank\" rel=\"nofollow noopener\">Wi\u0119cej szczeg\u00f3\u0142\u00f3w<\/a> <span style=\"font-size: 22px; padding-left: 10px;\"><\/span><\/p>\n<p>&nbsp;<\/p>\n","protected":false},"excerpt":{"rendered":"<p>W poszukiwaniu wyj\u0105tkowego dobrego zegarka smartwatch? <\/p>\n","protected":false},"featured_media":26087,"comment_status":"closed","ping_status":"open","template":"","meta":[],"product_cat":[581],"product_tag":[],"class_list":{"0":"post-26086","1":"product","2":"type-product","3":"status-publish","6":"product_cat-terratec","7":"pa_producent-terratec","8":"pa_sklep-morele-net","9":"pa_typ-ladowarki-sieciowe","11":"first","12":"instock","13":"product-type-external"},"_links":{"self":[{"href":"https:\/\/taniabonament.pl\/smartwatch\/wp-json\/wp\/v2\/product\/26086","targetHints":{"allow":["GET"]}}],"collection":[{"href":"https:\/\/taniabonament.pl\/smartwatch\/wp-json\/wp\/v2\/product"}],"about":[{"href":"https:\/\/taniabonament.pl\/smartwatch\/wp-json\/wp\/v2\/types\/product"}],"replies":[{"embeddable":true,"href":"https:\/\/taniabonament.pl\/smartwatch\/wp-json\/wp\/v2\/comments?post=26086"}],"wp:featuredmedia":[{"embeddable":true,"href":"https:\/\/taniabonament.pl\/smartwatch\/wp-json\/wp\/v2\/media\/26087"}],"wp:attachment":[{"href":"https:\/\/taniabonament.pl\/smartwatch\/wp-json\/wp\/v2\/media?parent=26086"}],"wp:term":[{"taxonomy":"product_cat","embeddable":true,"href":"https:\/\/taniabonament.pl\/smartwatch\/wp-json\/wp\/v2\/product_cat?post=26086"},{"taxonomy":"product_tag","embeddable":true,"href":"https:\/\/taniabonament.pl\/smartwatch\/wp-json\/wp\/v2\/product_tag?post=26086"}],"curies":[{"name":"wp","href":"https:\/\/api.w.org\/{rel}","templated":true}]}}