{"id":25659,"date":"2025-01-10T14:44:02","date_gmt":"2025-01-10T13:44:02","guid":{"rendered":"https:\/\/taniabonament.pl\/smartwatch\/google-armband-fur-smartwatch-large-size-elfenbein-fur-google-pixel-watch\/"},"modified":"2025-01-10T14:44:03","modified_gmt":"2025-01-10T13:44:03","slug":"google-armband-fur-smartwatch-large-size-elfenbein-fur-google-pixel-watch","status":"publish","type":"product","link":"https:\/\/taniabonament.pl\/smartwatch\/google-armband-fur-smartwatch-large-size-elfenbein-fur-google-pixel-watch\/","title":{"rendered":"Google &#8211; Armband fur Smartwatch &#8211; Large size &#8211; Elfenbein &#8211; fur Google Pixel Watch"},"content":{"rendered":"<p>&nbsp;<\/p>\n<h2>Przedstawiamy wyj\u0105tkowy Smartwatch marki Google<\/h2>\n<p>CENA BEZ PROMOCJI: 241.26 PLN<\/p>\n<p>najni\u017csza cena z ostatnich 30 dni: 241.26 PLN<\/p>\n<div style=\"font-weight: bold; font-size: 18px;\">\n<p>UWAGA <span style=\"color: red;\">MAMY RABATY, SPRAWD\u0179 PONI\u017bEJ!<\/span><\/p>\n<p>Gdzie kupisz ten model? Prezentowany <a style=\"color: red;\" href=\"https:\/\/taniabonament.pl\/smartwatch\/\">Smartwatch<\/a> dost\u0119pny jest w Morele.net. Kliknij i przejd\u017a do sklepu gdzie ten zegarek jest dost\u0119pny online. Dzisiaj kupisz go w atrakcyjnej cenie. Dodatkowo w sklepie gdzie jest oferowany poznasz wszystkie funkcje tego zegarka oraz dost\u0119pne promocje na ten nowoczesny zegarek:<\/p>\n<p><span style=\"color: #fff; background-color: #000000; padding: 1px 7px;\"><strong>Google<\/strong><\/span><strong><span style=\"margin-left: 5px; color: #fff; background-color: red; padding: 1px 7px;\">241.26 PLN<\/span><\/strong><\/p>\n<\/div>\n<h2>Smartwatch Google<\/h2>\n<div style=\"font-weight: bold; font-size: 18px;\">\n<p>Model Google &#8211; Armband fur Smartwatch &#8211; Large size &#8211; Elfenbein &#8211; fur Google Pixel Watch:<\/p>\n<p>&nbsp;<\/p>\n<\/div>\n<p style=\"text-align: center; padding-bottom: 15px;\"><a style=\"color: #fff; font-size: 22px; background-color: #e4144d; padding: 9px 17px; border-radius: 7px; text-decoration: underline;\" href=\"https:\/\/converti.se\/click\/34590059-c70e8160-5f3fd1bb\/?deep_link=https%3A%2F%2Fwww.morele.net%2Fgoogle-armband-fur-smartwatch-large-size-elfenbein-fur-google-pixel-watch-13190090%2F&#038;tag6=product&#038;tag8=98d7c8f2fcab7a44df9d6faf856ff382&#038;tag9=Google+-+Armband+fur+Smartwatch+-+Large+size+-+Elfenbein+-+fur+Google+Pixel+Watch\" target=\"_blank\" rel=\"nofollow noopener\">Wi\u0119cej szczeg\u00f3\u0142\u00f3w<\/a> <span style=\"font-size: 22px; padding-left: 10px;\"><\/span><\/p>\n<p>&nbsp;<\/p>\n","protected":false},"excerpt":{"rendered":"<p>W poszukiwaniu wyj\u0105tkowego dobrego zegarka smartwatch? <\/p>\n","protected":false},"featured_media":25660,"comment_status":"closed","ping_status":"open","template":"","meta":[],"product_cat":[301],"product_tag":[],"class_list":{"0":"post-25659","1":"product","2":"type-product","3":"status-publish","6":"product_cat-google","7":"pa_producent-google","8":"pa_sklep-morele-net","9":"pa_typ-akcesoria-do-smartwatchy","11":"first","12":"instock","13":"product-type-external"},"_links":{"self":[{"href":"https:\/\/taniabonament.pl\/smartwatch\/wp-json\/wp\/v2\/product\/25659","targetHints":{"allow":["GET"]}}],"collection":[{"href":"https:\/\/taniabonament.pl\/smartwatch\/wp-json\/wp\/v2\/product"}],"about":[{"href":"https:\/\/taniabonament.pl\/smartwatch\/wp-json\/wp\/v2\/types\/product"}],"replies":[{"embeddable":true,"href":"https:\/\/taniabonament.pl\/smartwatch\/wp-json\/wp\/v2\/comments?post=25659"}],"wp:featuredmedia":[{"embeddable":true,"href":"https:\/\/taniabonament.pl\/smartwatch\/wp-json\/wp\/v2\/media\/25660"}],"wp:attachment":[{"href":"https:\/\/taniabonament.pl\/smartwatch\/wp-json\/wp\/v2\/media?parent=25659"}],"wp:term":[{"taxonomy":"product_cat","embeddable":true,"href":"https:\/\/taniabonament.pl\/smartwatch\/wp-json\/wp\/v2\/product_cat?post=25659"},{"taxonomy":"product_tag","embeddable":true,"href":"https:\/\/taniabonament.pl\/smartwatch\/wp-json\/wp\/v2\/product_tag?post=25659"}],"curies":[{"name":"wp","href":"https:\/\/api.w.org\/{rel}","templated":true}]}}