{"id":25461,"date":"2025-01-10T14:42:11","date_gmt":"2025-01-10T13:42:11","guid":{"rendered":"https:\/\/taniabonament.pl\/smartwatch\/smartwatch-z-gps-multisportowy-garmin-fenix-8-titan-amoled-dlc-47-mm\/"},"modified":"2025-01-10T14:42:11","modified_gmt":"2025-01-10T13:42:11","slug":"smartwatch-z-gps-multisportowy-garmin-fenix-8-titan-amoled-dlc-47-mm","status":"publish","type":"product","link":"https:\/\/taniabonament.pl\/smartwatch\/smartwatch-z-gps-multisportowy-garmin-fenix-8-titan-amoled-dlc-47-mm\/","title":{"rendered":"Smartwatch z GPS multisportowy Garmin F\u0113nix\u00ae 8 Titan Amoled DLC 47 mm"},"content":{"rendered":"<p>&nbsp;<\/p>\n<h2>Przedstawiamy wyj\u0105tkowy Smartwatch marki GARMIN<\/h2>\n<p>CENA BEZ PROMOCJI: 4799.0 PLN<\/p>\n<p>najni\u017csza cena z ostatnich 30 dni: 4799.0 PLN<\/p>\n<div style=\"font-weight: bold; font-size: 18px;\">\n<p>UWAGA <span style=\"color: red;\">MAMY RABATY, SPRAWD\u0179 PONI\u017bEJ!<\/span><\/p>\n<p>Gdzie kupisz ten model? Prezentowany <a style=\"color: red;\" href=\"https:\/\/taniabonament.pl\/smartwatch\/\">Smartwatch<\/a> dost\u0119pny jest w Decathlon.pl. Kliknij i przejd\u017a do sklepu gdzie ten zegarek jest dost\u0119pny online. Dzisiaj kupisz go w atrakcyjnej cenie. Dodatkowo w sklepie gdzie jest oferowany poznasz wszystkie funkcje tego zegarka oraz dost\u0119pne promocje na ten nowoczesny zegarek:<\/p>\n<p><span style=\"color: #fff; background-color: #000000; padding: 1px 7px;\"><strong>GARMIN<\/strong><\/span><strong><span style=\"margin-left: 5px; color: #fff; background-color: red; padding: 1px 7px;\">4799.0 PLN<\/span><\/strong><\/p>\n<\/div>\n<h2>Smartwatch GARMIN<\/h2>\n<div style=\"font-weight: bold; font-size: 18px;\">\n<p>Model Smartwatch z GPS multisportowy Garmin F\u0113nix\u00ae 8 Titan Amoled DLC 47 mm:<\/p>\n<p>&nbsp;<\/p>\n<\/div>\n<p style=\"text-align: center; padding-bottom: 15px;\"><a style=\"color: #fff; font-size: 22px; background-color: #e4144d; padding: 9px 17px; border-radius: 7px; text-decoration: underline;\" href=\"https:\/\/converti.se\/click\/34590059-c70e8160-5f3fd1b7\/?deep_link=https%3A%2F%2Fwww.decathlon.pl%2Fp%2Fsmartwatch-z-gps-multisportowy-garmin-fenix-8-titan-amoled-dlc-47-mm%2F_%2FR-p-367097%3Fmc%3D8948521&#038;tag6=product&#038;tag8=309b6ea1262fc7134cafe5fdd3f4207a&#038;tag9=Smartwatch+z+GPS+multisportowy+Garmin+F%C4%93nix%C2%AE+8+Titan+Amoled+DLC+47+mm\" target=\"_blank\" rel=\"nofollow noopener\">Wi\u0119cej szczeg\u00f3\u0142\u00f3w<\/a> <span style=\"font-size: 22px; padding-left: 10px;\"><\/span><\/p>\n<p>&nbsp;<\/p>\n","protected":false},"excerpt":{"rendered":"<p><span style='background-color: #000000; color: #fff; padding: 2px 7px;'>Cechy i zalety: <\/span> <\/p>\n<ul style='padding-left: 10px; padding-bottom: 10px;'>\n<li style='padding-top: 10px;'>Zas\u0142ugujesz na to co najlepsze\n<li style='padding-top: 10px;'>Ten smartwatch wyposa\u017cony jest we wbudowany g\u0142o\u015bnik i mikrofon, udoskonalone funkcje treningu si\u0142owego, metalowe, szczelne przyciski\n<li style='padding-top: 10px;'>Poranny raport, przygotowanie do treningu, poziom wydajno\u015bci, pu\u0142ap tlenowy\n<li style='padding-top: 10px;'>Kompatybilno\u015b\u0107: Spotify, Amazon Music, Deezer, YouTube Music (wymag\n<li style='padding-top: 10px;'>abonament)\n<li style='padding-top: 10px;'>Darmowe sugestie i plany treningowe Garmin Coach\n<li style='padding-top: 10px;'>Do 16 dni w trybie online i 47 h w trybie GPS\n<li style='padding-top: 10px;'>100 m Powiadomienia, muzyka, Garmin Pay, nadz\u00f3r &#8211; bezpiecze\u0144stwo, g\u0142o\u015bnik\/mikrofon\n<li style='padding-top: 10px;'>Dostosowanie pr\u0119dko\u015bci do przewy\u017csze\u0144, ClimbPro (nachylenie) i moc.<\/ul>\n<h3>Smartwatch jest <span style='color: red;'>dost\u0119pny<\/span><\/h3>\n","protected":false},"featured_media":25462,"comment_status":"closed","ping_status":"open","template":"","meta":[],"product_cat":[19],"product_tag":[],"class_list":{"0":"post-25461","1":"product","2":"type-product","3":"status-publish","6":"product_cat-garmin","7":"pa_producent-garmin","8":"pa_sklep-decathlon-pl","9":"pa_typ-sporty-chodzenie-akcesoria-do-chodzenia-monitory-aktywnosci","11":"first","12":"instock","13":"product-type-external"},"_links":{"self":[{"href":"https:\/\/taniabonament.pl\/smartwatch\/wp-json\/wp\/v2\/product\/25461","targetHints":{"allow":["GET"]}}],"collection":[{"href":"https:\/\/taniabonament.pl\/smartwatch\/wp-json\/wp\/v2\/product"}],"about":[{"href":"https:\/\/taniabonament.pl\/smartwatch\/wp-json\/wp\/v2\/types\/product"}],"replies":[{"embeddable":true,"href":"https:\/\/taniabonament.pl\/smartwatch\/wp-json\/wp\/v2\/comments?post=25461"}],"wp:featuredmedia":[{"embeddable":true,"href":"https:\/\/taniabonament.pl\/smartwatch\/wp-json\/wp\/v2\/media\/25462"}],"wp:attachment":[{"href":"https:\/\/taniabonament.pl\/smartwatch\/wp-json\/wp\/v2\/media?parent=25461"}],"wp:term":[{"taxonomy":"product_cat","embeddable":true,"href":"https:\/\/taniabonament.pl\/smartwatch\/wp-json\/wp\/v2\/product_cat?post=25461"},{"taxonomy":"product_tag","embeddable":true,"href":"https:\/\/taniabonament.pl\/smartwatch\/wp-json\/wp\/v2\/product_tag?post=25461"}],"curies":[{"name":"wp","href":"https:\/\/api.w.org\/{rel}","templated":true}]}}