{"id":25422,"date":"2025-01-10T14:41:51","date_gmt":"2025-01-10T13:41:51","guid":{"rendered":"https:\/\/taniabonament.pl\/smartwatch\/dorosly-smartwatch-garmin-tactix-7-pro-edition\/"},"modified":"2025-01-10T14:41:52","modified_gmt":"2025-01-10T13:41:52","slug":"dorosly-smartwatch-garmin-tactix-7-pro-edition","status":"publish","type":"product","link":"https:\/\/taniabonament.pl\/smartwatch\/dorosly-smartwatch-garmin-tactix-7-pro-edition\/","title":{"rendered":"Doros\u0142y smartwatch Garmin Tactix 7 Pro Edition"},"content":{"rendered":"<p>&nbsp;<\/p>\n<h2>Przedstawiamy wyj\u0105tkowy Smartwatch marki GARMIN<\/h2>\n<p>CENA BEZ PROMOCJI: 5129.5 PLN<\/p>\n<p>najni\u017csza cena z ostatnich 30 dni: 5129.5 PLN<\/p>\n<div style=\"font-weight: bold; font-size: 18px;\">\n<p>UWAGA <span style=\"color: red;\">MAMY RABATY, SPRAWD\u0179 PONI\u017bEJ!<\/span><\/p>\n<p>Gdzie kupisz ten model? Prezentowany <a style=\"color: red;\" href=\"https:\/\/taniabonament.pl\/smartwatch\/\">Smartwatch<\/a> dost\u0119pny jest w Decathlon.pl. Kliknij i przejd\u017a do sklepu gdzie ten zegarek jest dost\u0119pny online. Dzisiaj kupisz go w atrakcyjnej cenie. Dodatkowo w sklepie gdzie jest oferowany poznasz wszystkie funkcje tego zegarka oraz dost\u0119pne promocje na ten nowoczesny zegarek:<\/p>\n<p><span style=\"color: #fff; background-color: #000000; padding: 1px 7px;\"><strong>GARMIN<\/strong><\/span><strong><span style=\"margin-left: 5px; color: #fff; background-color: red; padding: 1px 7px;\">5129.5 PLN<\/span><\/strong><\/p>\n<\/div>\n<h2>Smartwatch GARMIN<\/h2>\n<div style=\"font-weight: bold; font-size: 18px;\">\n<p>Model Doros\u0142y smartwatch Garmin Tactix 7 Pro Edition:<\/p>\n<p>&nbsp;<\/p>\n<\/div>\n<p style=\"text-align: center; padding-bottom: 15px;\"><a style=\"color: #fff; font-size: 22px; background-color: #e4144d; padding: 9px 17px; border-radius: 7px; text-decoration: underline;\" href=\"https:\/\/converti.se\/click\/34590059-c70e8160-5f3fd1b7\/?deep_link=https%3A%2F%2Fwww.decathlon.pl%2Fp%2Fmp%2Fgarmin%2Fdorosly-smartwatch-garmin-tactix-7-pro-edition%2F_%2FR-p-436c97c3-3a40-4f4a-980a-9c13f4c238bc%3Fmc%3D436c97c3-3a40-4f4a-980a-9c13f4c238bc_c1&#038;tag6=product&#038;tag8=1665dc8af7e43dd6c7c8e88f693a1bbc&#038;tag9=Doros%C5%82y+smartwatch+Garmin+Tactix+7+Pro+Edition\" target=\"_blank\" rel=\"nofollow noopener\">Wi\u0119cej szczeg\u00f3\u0142\u00f3w<\/a> <span style=\"font-size: 22px; padding-left: 10px;\"><\/span><\/p>\n<p>&nbsp;<\/p>\n","protected":false},"excerpt":{"rendered":"<p><span style='background-color: #000000; color: #fff; padding: 2px 7px;'>Cechy i zalety: <\/span> <\/p>\n<ul style='padding-left: 10px; padding-bottom: 10px;'>\n<li style='padding-top: 10px;'>Odkryj niezr\u00f3wnane mo\u017cliwo\u015bci smartwatcha Garmin! Inteligentnie zaprojektowany dla aktywnego trybu \u017cycia, monitoruje r\u00f3\u017cne dyscypliny sportowe i ma wytrzyma\u0142\u0105 konstrukcj\u0119.<\/ul>\n<h3>Smartwatch jest <span style='color: red;'>dost\u0119pny<\/span><\/h3>\n","protected":false},"featured_media":25423,"comment_status":"closed","ping_status":"open","template":"","meta":[],"product_cat":[19],"product_tag":[],"class_list":{"0":"post-25422","1":"product","2":"type-product","3":"status-publish","6":"product_cat-garmin","7":"pa_producent-garmin","8":"pa_sklep-decathlon-pl","9":"pa_typ-sporty-chodzenie-akcesoria-do-chodzenia-monitory-aktywnosci","11":"first","12":"instock","13":"product-type-external"},"_links":{"self":[{"href":"https:\/\/taniabonament.pl\/smartwatch\/wp-json\/wp\/v2\/product\/25422","targetHints":{"allow":["GET"]}}],"collection":[{"href":"https:\/\/taniabonament.pl\/smartwatch\/wp-json\/wp\/v2\/product"}],"about":[{"href":"https:\/\/taniabonament.pl\/smartwatch\/wp-json\/wp\/v2\/types\/product"}],"replies":[{"embeddable":true,"href":"https:\/\/taniabonament.pl\/smartwatch\/wp-json\/wp\/v2\/comments?post=25422"}],"wp:featuredmedia":[{"embeddable":true,"href":"https:\/\/taniabonament.pl\/smartwatch\/wp-json\/wp\/v2\/media\/25423"}],"wp:attachment":[{"href":"https:\/\/taniabonament.pl\/smartwatch\/wp-json\/wp\/v2\/media?parent=25422"}],"wp:term":[{"taxonomy":"product_cat","embeddable":true,"href":"https:\/\/taniabonament.pl\/smartwatch\/wp-json\/wp\/v2\/product_cat?post=25422"},{"taxonomy":"product_tag","embeddable":true,"href":"https:\/\/taniabonament.pl\/smartwatch\/wp-json\/wp\/v2\/product_tag?post=25422"}],"curies":[{"name":"wp","href":"https:\/\/api.w.org\/{rel}","templated":true}]}}